{"id":6981,"date":"2026-01-07T13:31:37","date_gmt":"2026-01-07T12:31:37","guid":{"rendered":"https:\/\/ddpsan.com\/?page_id=6981"},"modified":"2026-04-02T17:27:45","modified_gmt":"2026-04-02T15:27:45","slug":"postproduktionshaus-mit-hybrid-ddp24df","status":"publish","type":"page","link":"https:\/\/ddpsan.com\/de\/postproduktionshaus-mit-hybrid-ddp24df\/","title":{"rendered":"Postproduktionshaus mit hybrid DDP24DF"},"content":{"rendered":"\n\t\t<div id=\"fws_69f6064a22682\"  data-column-margin=\"default\" data-midnight=\"dark\"  class=\"wpb_row vc_row-fluid vc_row full-width-content vc_row-o-equal-height vc_row-flex\"  style=\"padding-top: 0px; padding-bottom: 0px; \"><div class=\"row-bg-wrap\" data-bg-animation=\"none\" data-bg-animation-delay=\"\" data-bg-overlay=\"false\"><div class=\"inner-wrap row-bg-layer\" ><div class=\"row-bg viewport-desktop\"  style=\"\"><\/div><\/div><\/div><div class=\"row_col_wrap_12 col span_12 dark left\">\n\t<div  class=\"vc_col-sm-6 wpb_column column_container vc_column_container col no-extra-padding inherit_tablet inherit_phone flex_gap_desktop_10px \"  data-padding-pos=\"all\" data-has-bg-color=\"false\" data-bg-color=\"\" data-bg-opacity=\"1\" data-animation=\"\" data-delay=\"0\" >\n\t\t<div class=\"vc_column-inner\" >\n\t\t\t<div class=\"wpb_wrapper\">\n\t\t\t\t<div class=\"img-with-aniamtion-wrap \" data-max-width=\"100%\" data-max-width-mobile=\"default\" data-shadow=\"none\" data-animation=\"none\" >\n      <div class=\"inner\">\n        <div class=\"hover-wrap\"> \n          <div class=\"hover-wrap-inner\">\n            <img loading=\"lazy\" decoding=\"async\" class=\"img-with-animation skip-lazy\" data-delay=\"0\" height=\"2230\" width=\"2492\" data-animation=\"none\" src=\"https:\/\/ddpsan.com\/wp-content\/smush-webp\/2026\/01\/UserCase-Dec-25-DDP24.jpg.webp\" alt=\"Hybrid DDP24D\" srcset=\"https:\/\/ddpsan.com\/wp-content\/smush-webp\/2026\/01\/UserCase-Dec-25-DDP24.jpg.webp 2492w, https:\/\/ddpsan.com\/wp-content\/smush-webp\/2026\/01\/UserCase-Dec-25-DDP24-300x268.jpg.webp 300w, https:\/\/ddpsan.com\/wp-content\/smush-webp\/2026\/01\/UserCase-Dec-25-DDP24-1024x916.jpg.webp 1024w, https:\/\/ddpsan.com\/wp-content\/smush-webp\/2026\/01\/UserCase-Dec-25-DDP24-768x687.jpg.webp 768w\" sizes=\"auto, (max-width: 2492px) 100vw, 2492px\" \/>\n          <\/div>\n        <\/div>\n        \n      <\/div>\n    <\/div>\n\t\t\t<\/div> \n\t\t<\/div>\n\t<\/div> \n\n\t<div  class=\"vc_col-sm-6 wpb_column column_container vc_column_container col padding-7-percent inherit_tablet inherit_phone \"  data-padding-pos=\"all\" data-has-bg-color=\"false\" data-bg-color=\"\" data-bg-opacity=\"1\" data-animation=\"\" data-delay=\"0\" >\n\t\t<div class=\"vc_column-inner\" >\n\t\t\t<div class=\"wpb_wrapper\">\n\t\t\t\t\n<div class=\"wpb_text_column wpb_content_element  cochin-bold\" >\n\t<h1>Hybrid DDP24DF F\u00fcr<br \/>\nein Postproduktionshaus<br \/>\nF\u00fcr Audio-, Video- und Filmservices<\/h1>\n<\/div>\n\n\n\n\n<div class=\"wpb_text_column wpb_content_element  cochin-regular\" >\n\t<h3>Dieses Unternehmen ist ein Postproduktionsdienstleister, der in der Lage sein m\u00f6chte, alle Formate zu verarbeiten, einschlie\u00dflich komprimierter 4K-Formate.<\/h3>\n<\/div>\n\n\n\n\n<div class=\"wpb_text_column wpb_content_element  cochin-regular\" >\n\t<h3>Das Unternehmen verf\u00fcgt \u00fcber 25 Nutzer und eine Speicherkapazit\u00e4t von 400 TB.<\/h3>\n<\/div>\n\n\n\n\n\t\t\t<\/div> \n\t\t<\/div>\n\t<\/div> \n<\/div><\/div>\n\t\t<div id=\"fws_69f6064a241c2\"  data-column-margin=\"default\" data-midnight=\"dark\"  class=\"wpb_row vc_row-fluid vc_row vc_row-o-equal-height vc_row-flex\"  style=\"padding-top: 0px; padding-bottom: 0px; \"><div class=\"row-bg-wrap\" data-bg-animation=\"none\" data-bg-animation-delay=\"\" data-bg-overlay=\"false\"><div class=\"inner-wrap row-bg-layer\" ><div class=\"row-bg viewport-desktop\"  style=\"\"><\/div><\/div><\/div><div class=\"row_col_wrap_12 col span_12 dark left\">\n\t<div  class=\"vc_col-sm-6 wpb_column column_container vc_column_container col padding-3-percent inherit_tablet inherit_phone \"  data-border-radius=\"3px\" data-shadow=\"small_depth\" data-padding-pos=\"all\" data-has-bg-color=\"false\" data-bg-color=\"\" data-bg-opacity=\"1\" data-animation=\"\" data-delay=\"0\" >\n\t\t<div class=\"vc_column-inner\" ><div class=\"column-bg-overlay-wrap column-bg-layer\" data-bg-animation=\"none\"><div class=\"column-bg-overlay\"><\/div><\/div>\n\t\t\t<div class=\"wpb_wrapper\">\n\t\t\t\t\n<div class=\"wpb_text_column wpb_content_element \" >\n\t<p>Das Unternehmen nutzt Avid Media Composer, Adobe Premiere, After Effects, Edius, Final Cut Pro und Blackmagic Resolve.<br \/>\nMit dem SSD8-Pack (4 TB) als Project Cache kann diese Leistungsanforderung erf\u00fcllt werden.<br \/>\nLangsamere und \u00e4ltere Projekte werden \u00fcber die sechzehn Festplatten (Spindles) bereitgestellt.<br \/>\nDer DDP verwendet durchgehend Enterprise-SAS-Festplatten im 24\/7-Betrieb.<br \/>\nAlle Clients sind \u00fcber 10GbE-Glasfaser-Transceiver angebunden.<\/p>\n<\/div>\n\n\n\n\n\t\t\t<\/div> \n\t\t<\/div>\n\t<\/div> \n\n\t<div  class=\"vc_col-sm-6 wpb_column column_container vc_column_container col padding-3-percent inherit_tablet inherit_phone \"  data-border-radius=\"3px\" data-shadow=\"small_depth\" data-padding-pos=\"all\" data-has-bg-color=\"false\" data-bg-color=\"\" data-bg-opacity=\"1\" data-animation=\"\" data-delay=\"0\" >\n\t\t<div class=\"vc_column-inner\" ><div class=\"column-bg-overlay-wrap column-bg-layer\" data-bg-animation=\"none\"><div class=\"column-bg-overlay\"><\/div><\/div>\n\t\t\t<div class=\"wpb_wrapper\">\n\t\t\t\t\n<div class=\"wpb_text_column wpb_content_element \" >\n\t<p>Das Unternehmen begann \u2013 wie viele andere DDP-Anwender auch \u2013 vor sieben Jahren mit einem vollst\u00e4ndig festplattenbasierten DDP48D.<br \/>\nDoch die Zeiten \u00e4ndern sich.<br \/>\nAufgrund der Art und Weise, wie SSDs im A\/V FS als Project Cache eingesetzt werden, sowie durch die gestiegenen Kapazit\u00e4ten sowohl von SSDs als auch von Festplatten, entschied sich der Kunde vor einem Jahr f\u00fcr die Investition in einen hybriden DDP24DF. Dieser ersetzte den DDP48D nach sieben Jahren zuverl\u00e4ssigem Betrieb.<\/p>\n<\/div>\n\n\n\n\n\t\t\t<\/div> \n\t\t<\/div>\n\t<\/div> \n<\/div><\/div>\n\t\t<div id=\"fws_69f6064a24cbb\"  data-column-margin=\"default\" data-midnight=\"dark\"  class=\"wpb_row vc_row-fluid vc_row vc_row-o-equal-height vc_row-flex\"  style=\"padding-top: 0px; padding-bottom: 0px; \"><div class=\"row-bg-wrap\" data-bg-animation=\"none\" data-bg-animation-delay=\"\" data-bg-overlay=\"false\"><div class=\"inner-wrap row-bg-layer\" ><div class=\"row-bg viewport-desktop\"  style=\"\"><\/div><\/div><\/div><div class=\"row_col_wrap_12 col span_12 dark left\">\n\t<div  class=\"vc_col-sm-6 wpb_column column_container vc_column_container col padding-3-percent inherit_tablet inherit_phone \"  data-border-radius=\"3px\" data-shadow=\"small_depth\" data-padding-pos=\"all\" data-has-bg-color=\"false\" data-bg-color=\"\" data-bg-opacity=\"1\" data-animation=\"\" data-delay=\"0\" >\n\t\t<div class=\"vc_column-inner\" ><div class=\"column-bg-overlay-wrap column-bg-layer\" data-bg-animation=\"none\"><div class=\"column-bg-overlay\"><\/div><\/div>\n\t\t\t<div class=\"wpb_wrapper\">\n\t\t\t\t\n<div class=\"wpb_text_column wpb_content_element \" >\n\t<p>Der DDP24EX wird \u00fcber ein SAS-Kabel mit dem bestehenden System verbunden.<br \/>\nSobald dies erfolgt ist, empfiehlt es sich, eine Remote-Verbindung mit Ardis Technologies herzustellen und eine AnyDesk-Einladung zu senden.<br \/>\nDas Ardis-Team erweitert anschlie\u00dfend die Kapazit\u00e4t des Dongles und integriert das zus\u00e4tzliche Storage-Array in A\/V FS.<br \/>\nDer gesamte Vorgang kann in etwa einer Stunde durchgef\u00fchrt werden und erfordert lediglich eine kurze Pause in Produktion, da die EX-Karte installiert werden muss.<br \/>\nWichtig ist au\u00dferdem: An der Verzeichnisstruktur \u00e4ndert sich nichts \u2013 f\u00fcr die Anwender bleibt also alles unver\u00e4ndert.<br \/>\nNicht jeder Wettbewerber ist in der Lage, Support \u00fcber die \u00fcblichen f\u00fcnf Jahre hinaus anzubieten.<br \/>\nDer Kunde pr\u00fcft derzeit, seine Spindle-Kapazit\u00e4t durch die Investition in eine EX-Karte und einen DDP24EX zu erweitern.<br \/>\nDie EX-Karte wird dabei in den bestehenden DDP24DF integriert.<\/p>\n<\/div>\n\n\n\n\n\t\t\t<\/div> \n\t\t<\/div>\n\t<\/div> \n\n\t<div  class=\"vc_col-sm-6 wpb_column column_container vc_column_container col no-extra-padding inherit_tablet inherit_phone \"  data-padding-pos=\"all\" data-has-bg-color=\"false\" data-bg-color=\"\" data-bg-opacity=\"1\" data-animation=\"\" data-delay=\"0\" >\n\t\t<div class=\"vc_column-inner\" >\n\t\t\t<div class=\"wpb_wrapper\">\n\t\t\t\t<div class=\"img-with-aniamtion-wrap \" data-max-width=\"100%\" data-max-width-mobile=\"default\" data-shadow=\"none\" data-animation=\"none\" >\n      <div class=\"inner\">\n        <div class=\"hover-wrap\"> \n          <div class=\"hover-wrap-inner\">\n            <img loading=\"lazy\" decoding=\"async\" class=\"img-with-animation skip-lazy\" data-delay=\"0\" height=\"1403\" width=\"1367\" data-animation=\"none\" src=\"https:\/\/ddpsan.com\/wp-content\/smush-webp\/2026\/01\/Pascal-DDP24-3.jpg.webp\" alt=\"Pascal with DDPs in the DDP Booth\" srcset=\"https:\/\/ddpsan.com\/wp-content\/smush-webp\/2026\/01\/Pascal-DDP24-3.jpg.webp 1367w, https:\/\/ddpsan.com\/wp-content\/smush-webp\/2026\/01\/Pascal-DDP24-3-292x300.jpg.webp 292w, https:\/\/ddpsan.com\/wp-content\/smush-webp\/2026\/01\/Pascal-DDP24-3-998x1024.jpg.webp 998w, https:\/\/ddpsan.com\/wp-content\/smush-webp\/2026\/01\/Pascal-DDP24-3-768x788.jpg.webp 768w\" sizes=\"auto, (max-width: 1367px) 100vw, 1367px\" \/>\n          <\/div>\n        <\/div>\n        \n      <\/div>\n    <\/div>\n\t\t\t<\/div> \n\t\t<\/div>\n\t<\/div> \n<\/div><\/div>\n\t\t<div id=\"fws_69f6064a25c08\"  data-column-margin=\"default\" data-midnight=\"dark\"  class=\"wpb_row vc_row-fluid vc_row vc_row-o-equal-height vc_row-flex\"  style=\"padding-top: 0px; padding-bottom: 0px; \"><div class=\"row-bg-wrap\" data-bg-animation=\"none\" data-bg-animation-delay=\"\" data-bg-overlay=\"false\"><div class=\"inner-wrap row-bg-layer\" ><div class=\"row-bg viewport-desktop\"  style=\"\"><\/div><\/div><\/div><div class=\"row_col_wrap_12 col span_12 dark left\">\n\t<div  class=\"vc_col-sm-8 wpb_column column_container vc_column_container col no-extra-padding inherit_tablet inherit_phone \"  data-padding-pos=\"all\" data-has-bg-color=\"false\" data-bg-color=\"\" data-bg-opacity=\"1\" data-animation=\"\" data-delay=\"0\" >\n\t\t<div class=\"vc_column-inner\" >\n\t\t\t<div class=\"wpb_wrapper\">\n\t\t\t\t<div class=\"img-with-aniamtion-wrap \" data-max-width=\"100%\" data-max-width-mobile=\"default\" data-shadow=\"none\" data-animation=\"none\" >\n      <div class=\"inner\">\n        <div class=\"hover-wrap\"> \n          <div class=\"hover-wrap-inner\">\n            <img loading=\"lazy\" decoding=\"async\" class=\"img-with-animation skip-lazy\" data-delay=\"0\" height=\"1189\" width=\"2263\" data-animation=\"none\" src=\"https:\/\/ddpsan.com\/wp-content\/smush-webp\/2026\/01\/2-fotos-DDP-Stacks.jpg.webp\" alt=\"2-fotos-DDP-Stacks\" srcset=\"https:\/\/ddpsan.com\/wp-content\/smush-webp\/2026\/01\/2-fotos-DDP-Stacks.jpg.webp 2263w, https:\/\/ddpsan.com\/wp-content\/smush-webp\/2026\/01\/2-fotos-DDP-Stacks-300x158.jpg.webp 300w, https:\/\/ddpsan.com\/wp-content\/smush-webp\/2026\/01\/2-fotos-DDP-Stacks-1024x538.jpg.webp 1024w, https:\/\/ddpsan.com\/wp-content\/smush-webp\/2026\/01\/2-fotos-DDP-Stacks-768x404.jpg.webp 768w\" sizes=\"auto, (max-width: 2263px) 100vw, 2263px\" \/>\n          <\/div>\n        <\/div>\n        \n      <\/div>\n    <\/div>\n\t\t\t<\/div> \n\t\t<\/div>\n\t<\/div> \n\n\t<div  class=\"vc_col-sm-4 wpb_column column_container vc_column_container col padding-3-percent inherit_tablet inherit_phone \"  data-border-radius=\"3px\" data-shadow=\"small_depth\" data-padding-pos=\"all\" data-has-bg-color=\"false\" data-bg-color=\"\" data-bg-opacity=\"1\" data-animation=\"\" data-delay=\"0\" >\n\t\t<div class=\"vc_column-inner\" ><div class=\"column-bg-overlay-wrap column-bg-layer\" data-bg-animation=\"none\"><div class=\"column-bg-overlay\"><\/div><\/div>\n\t\t\t<div class=\"wpb_wrapper\">\n\t\t\t\t\n<div class=\"wpb_text_column wpb_content_element \" >\n\t<p>Die zus\u00e4tzliche Kapazit\u00e4t kann anschlie\u00dfend wieder \u00fcber die Quota-Seite verwaltet werden.<br \/>\nDDP-Systeme sind modular aufgebaut: Leere Einsch\u00fcbe k\u00f6nnen mit Storage best\u00fcckt, zus\u00e4tzliche Storage-Arrays hinzugef\u00fcgt und mehrere DDPs miteinander geclustert werden.<br \/>\nDies ist jederzeit w\u00e4hrend der gesamten Lebensdauer eines DDP m\u00f6glich.<\/p>\n<p>Alle starten zufrieden ins Jahr 2026!<\/p>\n<\/div>\n\n\n\n\n\t\t\t<\/div> \n\t\t<\/div>\n\t<\/div> \n<\/div><\/div>\n","protected":false},"excerpt":{"rendered":"Hybrid DDP24DF F\u00fcr ein Postproduktionshaus F\u00fcr Audio-, Video- und Filmservices Dieses Unternehmen ist ein Postproduktionsdienstleister, der in der Lage sein m\u00f6chte, alle Formate zu verarbeiten, einschlie\u00dflich komprimierter 4K-Formate. Das Unternehmen...","protected":false},"author":2,"featured_media":0,"parent":0,"menu_order":0,"comment_status":"closed","ping_status":"closed","template":"","meta":{"footnotes":""},"class_list":["post-6981","page","type-page","status-publish"],"yoast_head":"<!-- This site is optimized with the Yoast SEO plugin v27.3 - https:\/\/yoast.com\/product\/yoast-seo-wordpress\/ -->\n<title>Postproduktionshaus mit hybrid DDP24DF - DDPSAN<\/title>\n<meta name=\"robots\" content=\"index, follow, max-snippet:-1, max-image-preview:large, max-video-preview:-1\" \/>\n<link rel=\"canonical\" href=\"https:\/\/ddpsan.com\/de\/postproduktionshaus-mit-hybrid-ddp24df\/\" \/>\n<meta property=\"og:locale\" content=\"de_DE\" \/>\n<meta property=\"og:type\" content=\"article\" \/>\n<meta property=\"og:title\" content=\"Postproduktionshaus mit hybrid DDP24DF - DDPSAN\" \/>\n<meta property=\"og:url\" content=\"https:\/\/ddpsan.com\/de\/postproduktionshaus-mit-hybrid-ddp24df\/\" \/>\n<meta property=\"og:site_name\" content=\"DDPSAN\" \/>\n<meta property=\"article:modified_time\" content=\"2026-04-02T15:27:45+00:00\" \/>\n<meta name=\"twitter:card\" content=\"summary_large_image\" \/>\n<meta name=\"twitter:label1\" content=\"Gesch\u00e4tzte Lesezeit\" \/>\n\t<meta name=\"twitter:data1\" content=\"3\u00a0Minuten\" \/>\n<script type=\"application\/ld+json\" class=\"yoast-schema-graph\">{\"@context\":\"https:\\\/\\\/schema.org\",\"@graph\":[{\"@type\":\"WebPage\",\"@id\":\"https:\\\/\\\/ddpsan.com\\\/de\\\/postproduktionshaus-mit-hybrid-ddp24df\\\/\",\"url\":\"https:\\\/\\\/ddpsan.com\\\/de\\\/postproduktionshaus-mit-hybrid-ddp24df\\\/\",\"name\":\"Postproduktionshaus mit hybrid DDP24DF - DDPSAN\",\"isPartOf\":{\"@id\":\"https:\\\/\\\/ddpsan.com\\\/de\\\/#website\"},\"datePublished\":\"2026-01-07T12:31:37+00:00\",\"dateModified\":\"2026-04-02T15:27:45+00:00\",\"breadcrumb\":{\"@id\":\"https:\\\/\\\/ddpsan.com\\\/de\\\/postproduktionshaus-mit-hybrid-ddp24df\\\/#breadcrumb\"},\"inLanguage\":\"de\",\"potentialAction\":[{\"@type\":\"ReadAction\",\"target\":[\"https:\\\/\\\/ddpsan.com\\\/de\\\/postproduktionshaus-mit-hybrid-ddp24df\\\/\"]}]},{\"@type\":\"BreadcrumbList\",\"@id\":\"https:\\\/\\\/ddpsan.com\\\/de\\\/postproduktionshaus-mit-hybrid-ddp24df\\\/#breadcrumb\",\"itemListElement\":[{\"@type\":\"ListItem\",\"position\":1,\"name\":\"Home\",\"item\":\"https:\\\/\\\/ddpsan.com\\\/de\\\/\"},{\"@type\":\"ListItem\",\"position\":2,\"name\":\"Postproduktionshaus mit hybrid DDP24DF\"}]},{\"@type\":\"WebSite\",\"@id\":\"https:\\\/\\\/ddpsan.com\\\/de\\\/#website\",\"url\":\"https:\\\/\\\/ddpsan.com\\\/de\\\/\",\"name\":\"DDPSAN\",\"description\":\"Dynamic Drive Pool by Ardistech\",\"potentialAction\":[{\"@type\":\"SearchAction\",\"target\":{\"@type\":\"EntryPoint\",\"urlTemplate\":\"https:\\\/\\\/ddpsan.com\\\/de\\\/?s={search_term_string}\"},\"query-input\":{\"@type\":\"PropertyValueSpecification\",\"valueRequired\":true,\"valueName\":\"search_term_string\"}}],\"inLanguage\":\"de\"}]}<\/script>\n<!-- \/ Yoast SEO plugin. -->","yoast_head_json":{"title":"Postproduktionshaus mit hybrid DDP24DF - DDPSAN","robots":{"index":"index","follow":"follow","max-snippet":"max-snippet:-1","max-image-preview":"max-image-preview:large","max-video-preview":"max-video-preview:-1"},"canonical":"https:\/\/ddpsan.com\/de\/postproduktionshaus-mit-hybrid-ddp24df\/","og_locale":"de_DE","og_type":"article","og_title":"Postproduktionshaus mit hybrid DDP24DF - DDPSAN","og_url":"https:\/\/ddpsan.com\/de\/postproduktionshaus-mit-hybrid-ddp24df\/","og_site_name":"DDPSAN","article_modified_time":"2026-04-02T15:27:45+00:00","twitter_card":"summary_large_image","twitter_misc":{"Gesch\u00e4tzte Lesezeit":"3\u00a0Minuten"},"schema":{"@context":"https:\/\/schema.org","@graph":[{"@type":"WebPage","@id":"https:\/\/ddpsan.com\/de\/postproduktionshaus-mit-hybrid-ddp24df\/","url":"https:\/\/ddpsan.com\/de\/postproduktionshaus-mit-hybrid-ddp24df\/","name":"Postproduktionshaus mit hybrid DDP24DF - DDPSAN","isPartOf":{"@id":"https:\/\/ddpsan.com\/de\/#website"},"datePublished":"2026-01-07T12:31:37+00:00","dateModified":"2026-04-02T15:27:45+00:00","breadcrumb":{"@id":"https:\/\/ddpsan.com\/de\/postproduktionshaus-mit-hybrid-ddp24df\/#breadcrumb"},"inLanguage":"de","potentialAction":[{"@type":"ReadAction","target":["https:\/\/ddpsan.com\/de\/postproduktionshaus-mit-hybrid-ddp24df\/"]}]},{"@type":"BreadcrumbList","@id":"https:\/\/ddpsan.com\/de\/postproduktionshaus-mit-hybrid-ddp24df\/#breadcrumb","itemListElement":[{"@type":"ListItem","position":1,"name":"Home","item":"https:\/\/ddpsan.com\/de\/"},{"@type":"ListItem","position":2,"name":"Postproduktionshaus mit hybrid DDP24DF"}]},{"@type":"WebSite","@id":"https:\/\/ddpsan.com\/de\/#website","url":"https:\/\/ddpsan.com\/de\/","name":"DDPSAN","description":"Dynamic Drive Pool by Ardistech","potentialAction":[{"@type":"SearchAction","target":{"@type":"EntryPoint","urlTemplate":"https:\/\/ddpsan.com\/de\/?s={search_term_string}"},"query-input":{"@type":"PropertyValueSpecification","valueRequired":true,"valueName":"search_term_string"}}],"inLanguage":"de"}]}},"_links":{"self":[{"href":"https:\/\/ddpsan.com\/de\/wp-json\/wp\/v2\/pages\/6981","targetHints":{"allow":["GET"]}}],"collection":[{"href":"https:\/\/ddpsan.com\/de\/wp-json\/wp\/v2\/pages"}],"about":[{"href":"https:\/\/ddpsan.com\/de\/wp-json\/wp\/v2\/types\/page"}],"author":[{"embeddable":true,"href":"https:\/\/ddpsan.com\/de\/wp-json\/wp\/v2\/users\/2"}],"replies":[{"embeddable":true,"href":"https:\/\/ddpsan.com\/de\/wp-json\/wp\/v2\/comments?post=6981"}],"version-history":[{"count":47,"href":"https:\/\/ddpsan.com\/de\/wp-json\/wp\/v2\/pages\/6981\/revisions"}],"predecessor-version":[{"id":7280,"href":"https:\/\/ddpsan.com\/de\/wp-json\/wp\/v2\/pages\/6981\/revisions\/7280"}],"wp:attachment":[{"href":"https:\/\/ddpsan.com\/de\/wp-json\/wp\/v2\/media?parent=6981"}],"curies":[{"name":"wp","href":"https:\/\/api.w.org\/{rel}","templated":true}]}}