{"id":6904,"date":"2026-01-03T16:56:43","date_gmt":"2026-01-03T15:56:43","guid":{"rendered":"https:\/\/ddpsan.com\/?page_id=6904"},"modified":"2026-01-04T20:49:07","modified_gmt":"2026-01-04T19:49:07","slug":"ddp-in-zusammenspiel-mit-avid-nexis","status":"publish","type":"page","link":"https:\/\/ddpsan.com\/de\/ddp-in-zusammenspiel-mit-avid-nexis\/","title":{"rendered":"DDP in Zusammenspiel mit Avid Nexis"},"content":{"rendered":"\n\t\t<div id=\"fws_69de607baea05\"  data-column-margin=\"default\" data-midnight=\"dark\"  class=\"wpb_row vc_row-fluid vc_row  right_padding_30px left_padding_30px\"  style=\"padding-top: 30px; padding-bottom: 20px; \"><div class=\"row-bg-wrap\" data-bg-animation=\"none\" data-bg-animation-delay=\"\" data-bg-overlay=\"false\"><div class=\"inner-wrap row-bg-layer\" ><div class=\"row-bg viewport-desktop\"  style=\"\"><\/div><\/div><\/div><div class=\"row_col_wrap_12 col span_12 dark left\">\n\t<div  class=\"vc_col-sm-12 wpb_column column_container vc_column_container col no-extra-padding inherit_tablet inherit_phone flex_gap_desktop_10px \"  data-padding-pos=\"all\" data-has-bg-color=\"false\" data-bg-color=\"\" data-bg-opacity=\"1\" data-animation=\"\" data-delay=\"0\" >\n\t\t<div class=\"vc_column-inner\" >\n\t\t\t<div class=\"wpb_wrapper\">\n\t\t\t\t\n<div class=\"wpb_text_column wpb_content_element  cochin-bold\" >\n\t<h2>DDP Mit Nativem Bin Locking und Project Sharing im Zusammenspiel mit Avid Nexis<\/h2>\n<\/div>\n\n\n\n\n<div class=\"wpb_text_column wpb_content_element  cochin-regular\" >\n\t<h3>F\u00fcr dieses Unternehmen wurde der DDP per seinen Treiber an Windows- und macOS-Workstations angebunden, die bislang ausschlie\u00dflich mit Avid Nexis gearbeitet hatten.<\/h3>\n<\/div>\n\n\n\n\n\t\t\t<\/div> \n\t\t<\/div>\n\t<\/div> \n<\/div><\/div>\n\t\t<div id=\"fws_69de607baf9c6\"  data-column-margin=\"default\" data-midnight=\"dark\"  class=\"wpb_row vc_row-fluid vc_row vc_row-o-equal-height vc_row-flex  right_padding_20px left_padding_20px\"  style=\"padding-top: 20px; padding-bottom: 20px; \"><div class=\"row-bg-wrap\" data-bg-animation=\"none\" data-bg-animation-delay=\"\" data-bg-overlay=\"false\"><div class=\"inner-wrap row-bg-layer\" ><div class=\"row-bg viewport-desktop\"  style=\"\"><\/div><\/div><\/div><div class=\"row_col_wrap_12 col span_12 dark left\">\n\t<div  class=\"vc_col-sm-9 wpb_column column_container vc_column_container col no-extra-padding inherit_tablet inherit_phone flex_gap_desktop_10px \"  data-padding-pos=\"all\" data-has-bg-color=\"false\" data-bg-color=\"\" data-bg-opacity=\"1\" data-animation=\"\" data-delay=\"0\" >\n\t\t<div class=\"vc_column-inner\" >\n\t\t\t<div class=\"wpb_wrapper\">\n\t\t\t\t<div class=\"img-with-aniamtion-wrap \" data-max-width=\"100%\" data-max-width-mobile=\"default\" data-shadow=\"none\" data-animation=\"none\" >\n      <div class=\"inner\">\n        <div class=\"hover-wrap\"> \n          <div class=\"hover-wrap-inner\">\n            <img loading=\"lazy\" decoding=\"async\" class=\"img-with-animation skip-lazy\" data-delay=\"0\" height=\"446\" width=\"778\" data-animation=\"none\" src=\"https:\/\/ddpsan.com\/wp-content\/smush-webp\/2025\/12\/DDP-Avid-Nexis.png.webp\" alt=\"DDP-Avid-Nexis\" srcset=\"https:\/\/ddpsan.com\/wp-content\/smush-webp\/2025\/12\/DDP-Avid-Nexis.png.webp 778w, https:\/\/ddpsan.com\/wp-content\/smush-webp\/2025\/12\/DDP-Avid-Nexis-300x172.png.webp 300w, https:\/\/ddpsan.com\/wp-content\/smush-webp\/2025\/12\/DDP-Avid-Nexis-768x440.png.webp 768w\" sizes=\"auto, (max-width: 778px) 100vw, 778px\" \/>\n          <\/div>\n        <\/div>\n        \n      <\/div>\n    <\/div>\n\t\t\t<\/div> \n\t\t<\/div>\n\t<\/div> \n\n\t<div  class=\"vc_col-sm-3 wpb_column column_container vc_column_container col no-extra-padding inherit_tablet inherit_phone flex_gap_desktop_10px \"  data-padding-pos=\"all\" data-has-bg-color=\"false\" data-bg-color=\"\" data-bg-opacity=\"1\" data-animation=\"\" data-delay=\"0\" >\n\t\t<div class=\"vc_column-inner\" >\n\t\t\t<div class=\"wpb_wrapper\">\n\t\t\t\t\n<div class=\"wpb_text_column wpb_content_element \" >\n\t<p><strong>Trotz moderner Schnittl\u00f6sungen wie Blackmagic Resolve oder Adobe Premiere ist Media Composer auch nach all den Jahren weiterhin die bevorzugte Editing-Applikation \u2013 auch bei diesem Kunden.<\/strong><\/p>\n<p>Der Kunde nutzt Media Composer bereits seit \u00fcber f\u00fcnf Jahren in Verbindung mit seinem bestehenden Avid-Nexis-Shared-Storage.<\/p>\n<p>Es war daher an der Zeit, das Storage-System zu erneuern.<\/p>\n<\/div>\n\n\n\n\n\t\t\t<\/div> \n\t\t<\/div>\n\t<\/div> \n<\/div><\/div>\n\t\t<div id=\"fws_69de607bb135d\"  data-column-margin=\"default\" data-midnight=\"dark\"  class=\"wpb_row vc_row-fluid vc_row vc_row-o-equal-height vc_row-flex\"  style=\"padding-top: 0px; padding-bottom: 0px; \"><div class=\"row-bg-wrap\" data-bg-animation=\"none\" data-bg-animation-delay=\"\" data-bg-overlay=\"false\"><div class=\"inner-wrap row-bg-layer\" ><div class=\"row-bg viewport-desktop\"  style=\"\"><\/div><\/div><\/div><div class=\"row_col_wrap_12 col span_12 dark left\">\n\t<div  class=\"vc_col-sm-4 wpb_column column_container vc_column_container col padding-3-percent inherit_tablet inherit_phone \"  data-border-radius=\"3px\" data-shadow=\"small_depth\" data-padding-pos=\"all\" data-has-bg-color=\"false\" data-bg-color=\"\" data-bg-opacity=\"1\" data-animation=\"\" data-delay=\"0\" >\n\t\t<div class=\"vc_column-inner\" ><div class=\"column-bg-overlay-wrap column-bg-layer\" data-bg-animation=\"none\"><div class=\"column-bg-overlay\"><\/div><\/div>\n\t\t\t<div class=\"wpb_wrapper\">\n\t\t\t\t\n<div class=\"wpb_text_column wpb_content_element \" >\n\t<p>Zun\u00e4chst entschied man sich zu pr\u00fcfen, ob der DDP mit Project Caching eine geeignete Alternative darstellt und ob langfristig ein vollst\u00e4ndiger Umstieg auf den DDP sinnvoll w\u00e4re.<br \/>\nF\u00fcr diesen Test war es entscheidend, dass der DDP mit nativem Bin Locking und Project Sharing parallel zum Nexis betrieben werden konnte. Daher wurde der DDP mit seinen Treibern an dieselben Windows- und macOS-Workstations angeschlossen, die bisher ausschlie\u00dflich Nexis genutzt hatten.<\/p>\n<p>Das Ergebnis: F\u00fcr die Operatoren machte es keinen Unterschied, von welchem System Bins, Projekte oder Mediafiles ge\u00f6ffnet wurden.<br \/>\nF\u00fcr jedes Unternehmen, das mit Media Composer arbeitet, ist diese Erkenntnis von zentraler Bedeutung.<\/p>\n<\/div>\n\n\n\n\n\t\t\t<\/div> \n\t\t<\/div>\n\t<\/div> \n\n\t<div  class=\"vc_col-sm-4 wpb_column column_container vc_column_container col padding-3-percent inherit_tablet inherit_phone \"  data-border-radius=\"3px\" data-shadow=\"small_depth\" data-padding-pos=\"all\" data-has-bg-color=\"false\" data-bg-color=\"\" data-bg-opacity=\"1\" data-animation=\"\" data-delay=\"0\" >\n\t\t<div class=\"vc_column-inner\" ><div class=\"column-bg-overlay-wrap column-bg-layer\" data-bg-animation=\"none\"><div class=\"column-bg-overlay\"><\/div><\/div>\n\t\t\t<div class=\"wpb_wrapper\">\n\t\t\t\t\n<div class=\"wpb_text_column wpb_content_element \" >\n\t<p>Planung und technische Unterschiede<br \/>\nF\u00fcr eine Investitionsplanung m\u00fcssen Bandbreite und ben\u00f6tigte Kapazit\u00e4t definiert werden, ebenso die Entscheidung zwischen SSDs, Festplatten oder einer Kombination aus beiden, die erforderlichen Netzwerkadapter sowie die Supportkosten. All besonderes Alleinstellungsmerkmal kann der DDP mit Project Caching geliefert werden: Er bietet SSD-Performance bei Festplattenkapazit\u00e4t zu einem attraktiven Preis.<\/p>\n<p>Nat\u00fcrlich gibt es auch weitere Unterschiede zwischen DDP und Nexis. Die Bandbreite eines DDP beginnt bei 1 GB\/s mit SSDs f\u00fcr Project Caching. Die verbleibenden freien Slots k\u00f6nnen mit Festplatten von 4 bis 24 TB best\u00fcckt werden.<\/p>\n<\/div>\n\n\n\n\n\t\t\t<\/div> \n\t\t<\/div>\n\t<\/div> \n\n\t<div  class=\"vc_col-sm-4 wpb_column column_container vc_column_container col padding-3-percent inherit_tablet inherit_phone \"  data-border-radius=\"3px\" data-shadow=\"small_depth\" data-padding-pos=\"all\" data-has-bg-color=\"false\" data-bg-color=\"\" data-bg-opacity=\"1\" data-animation=\"\" data-delay=\"0\" >\n\t\t<div class=\"vc_column-inner\" ><div class=\"column-bg-overlay-wrap column-bg-layer\" data-bg-animation=\"none\"><div class=\"column-bg-overlay\"><\/div><\/div>\n\t\t\t<div class=\"wpb_wrapper\">\n\t\t\t\t\n<div class=\"wpb_text_column wpb_content_element \" >\n\t<p>W\u00e4hrend Nexis mit Workspaces arbeitet, nutzt der DDP sogenannte Folder Volumes. Dabei handelt es sich um Ordner mit Volume-Eigenschaften innerhalb des Dateisystems.<br \/>\n\u00c4hnlich wie bei Workspaces kann jedes Folder Volume ein Avid MediaFiles-Verzeichnis enthalten. Im Unterschied zu Workspaces l\u00e4sst sich bei einem Folder Volume die Quota-Einstellung jederzeit erh\u00f6hen, wenn mehr Kapazit\u00e4t ben\u00f6tigt wird. Zudem wird freigegebener Speicherplatz nach dem L\u00f6schen von Dateien automatisch wieder f\u00fcr alle verf\u00fcgbar.<\/p>\n<\/div>\n\n\n\n\n<div class=\"wpb_text_column wpb_content_element \" >\n\t<h2><\/h2>\n<\/div>\n\n\n\n<div class=\"img-with-aniamtion-wrap \" data-max-width=\"100%\" data-max-width-mobile=\"default\" data-shadow=\"none\" data-animation=\"none\" >\n      <div class=\"inner\">\n        <div class=\"hover-wrap\"> \n          <div class=\"hover-wrap-inner\">\n            <img loading=\"lazy\" decoding=\"async\" class=\"img-with-animation skip-lazy\" data-delay=\"0\" height=\"100\" width=\"100\" data-animation=\"none\" src=\"\" alt=\"\"  \/>\n          <\/div>\n        <\/div>\n        \n      <\/div>\n    <\/div>\n\t\t\t<\/div> \n\t\t<\/div>\n\t<\/div> \n<\/div><\/div>\n","protected":false},"excerpt":{"rendered":"DDP Mit Nativem Bin Locking und Project Sharing im Zusammenspiel mit Avid Nexis F\u00fcr dieses Unternehmen wurde der DDP per seinen Treiber an Windows- und macOS-Workstations angebunden, die bislang ausschlie\u00dflich...","protected":false},"author":2,"featured_media":0,"parent":0,"menu_order":0,"comment_status":"closed","ping_status":"closed","template":"","meta":{"footnotes":""},"class_list":["post-6904","page","type-page","status-publish"],"yoast_head":"<!-- This site is optimized with the Yoast SEO plugin v27.3 - https:\/\/yoast.com\/product\/yoast-seo-wordpress\/ -->\n<title>DDP in Zusammenspiel mit Avid Nexis - DDPSAN<\/title>\n<meta name=\"robots\" content=\"index, follow, max-snippet:-1, max-image-preview:large, max-video-preview:-1\" \/>\n<link rel=\"canonical\" href=\"https:\/\/ddpsan.com\/de\/ddp-in-zusammenspiel-mit-avid-nexis\/\" \/>\n<meta property=\"og:locale\" content=\"de_DE\" \/>\n<meta property=\"og:type\" content=\"article\" \/>\n<meta property=\"og:title\" content=\"DDP in Zusammenspiel mit Avid Nexis - DDPSAN\" \/>\n<meta property=\"og:url\" content=\"https:\/\/ddpsan.com\/de\/ddp-in-zusammenspiel-mit-avid-nexis\/\" \/>\n<meta property=\"og:site_name\" content=\"DDPSAN\" \/>\n<meta property=\"article:modified_time\" content=\"2026-01-04T19:49:07+00:00\" \/>\n<meta name=\"twitter:card\" content=\"summary_large_image\" \/>\n<meta name=\"twitter:label1\" content=\"Gesch\u00e4tzte Lesezeit\" \/>\n\t<meta name=\"twitter:data1\" content=\"2\u00a0Minuten\" \/>\n<script type=\"application\/ld+json\" class=\"yoast-schema-graph\">{\"@context\":\"https:\\\/\\\/schema.org\",\"@graph\":[{\"@type\":\"WebPage\",\"@id\":\"https:\\\/\\\/ddpsan.com\\\/de\\\/ddp-in-zusammenspiel-mit-avid-nexis\\\/\",\"url\":\"https:\\\/\\\/ddpsan.com\\\/de\\\/ddp-in-zusammenspiel-mit-avid-nexis\\\/\",\"name\":\"DDP in Zusammenspiel mit Avid Nexis - DDPSAN\",\"isPartOf\":{\"@id\":\"https:\\\/\\\/ddpsan.com\\\/de\\\/#website\"},\"datePublished\":\"2026-01-03T15:56:43+00:00\",\"dateModified\":\"2026-01-04T19:49:07+00:00\",\"breadcrumb\":{\"@id\":\"https:\\\/\\\/ddpsan.com\\\/de\\\/ddp-in-zusammenspiel-mit-avid-nexis\\\/#breadcrumb\"},\"inLanguage\":\"de\",\"potentialAction\":[{\"@type\":\"ReadAction\",\"target\":[\"https:\\\/\\\/ddpsan.com\\\/de\\\/ddp-in-zusammenspiel-mit-avid-nexis\\\/\"]}]},{\"@type\":\"BreadcrumbList\",\"@id\":\"https:\\\/\\\/ddpsan.com\\\/de\\\/ddp-in-zusammenspiel-mit-avid-nexis\\\/#breadcrumb\",\"itemListElement\":[{\"@type\":\"ListItem\",\"position\":1,\"name\":\"Home\",\"item\":\"https:\\\/\\\/ddpsan.com\\\/de\\\/\"},{\"@type\":\"ListItem\",\"position\":2,\"name\":\"DDP in Zusammenspiel mit Avid Nexis\"}]},{\"@type\":\"WebSite\",\"@id\":\"https:\\\/\\\/ddpsan.com\\\/de\\\/#website\",\"url\":\"https:\\\/\\\/ddpsan.com\\\/de\\\/\",\"name\":\"DDPSAN\",\"description\":\"Dynamic Drive Pool by Ardistech\",\"potentialAction\":[{\"@type\":\"SearchAction\",\"target\":{\"@type\":\"EntryPoint\",\"urlTemplate\":\"https:\\\/\\\/ddpsan.com\\\/de\\\/?s={search_term_string}\"},\"query-input\":{\"@type\":\"PropertyValueSpecification\",\"valueRequired\":true,\"valueName\":\"search_term_string\"}}],\"inLanguage\":\"de\"}]}<\/script>\n<!-- \/ Yoast SEO plugin. -->","yoast_head_json":{"title":"DDP in Zusammenspiel mit Avid Nexis - DDPSAN","robots":{"index":"index","follow":"follow","max-snippet":"max-snippet:-1","max-image-preview":"max-image-preview:large","max-video-preview":"max-video-preview:-1"},"canonical":"https:\/\/ddpsan.com\/de\/ddp-in-zusammenspiel-mit-avid-nexis\/","og_locale":"de_DE","og_type":"article","og_title":"DDP in Zusammenspiel mit Avid Nexis - DDPSAN","og_url":"https:\/\/ddpsan.com\/de\/ddp-in-zusammenspiel-mit-avid-nexis\/","og_site_name":"DDPSAN","article_modified_time":"2026-01-04T19:49:07+00:00","twitter_card":"summary_large_image","twitter_misc":{"Gesch\u00e4tzte Lesezeit":"2\u00a0Minuten"},"schema":{"@context":"https:\/\/schema.org","@graph":[{"@type":"WebPage","@id":"https:\/\/ddpsan.com\/de\/ddp-in-zusammenspiel-mit-avid-nexis\/","url":"https:\/\/ddpsan.com\/de\/ddp-in-zusammenspiel-mit-avid-nexis\/","name":"DDP in Zusammenspiel mit Avid Nexis - DDPSAN","isPartOf":{"@id":"https:\/\/ddpsan.com\/de\/#website"},"datePublished":"2026-01-03T15:56:43+00:00","dateModified":"2026-01-04T19:49:07+00:00","breadcrumb":{"@id":"https:\/\/ddpsan.com\/de\/ddp-in-zusammenspiel-mit-avid-nexis\/#breadcrumb"},"inLanguage":"de","potentialAction":[{"@type":"ReadAction","target":["https:\/\/ddpsan.com\/de\/ddp-in-zusammenspiel-mit-avid-nexis\/"]}]},{"@type":"BreadcrumbList","@id":"https:\/\/ddpsan.com\/de\/ddp-in-zusammenspiel-mit-avid-nexis\/#breadcrumb","itemListElement":[{"@type":"ListItem","position":1,"name":"Home","item":"https:\/\/ddpsan.com\/de\/"},{"@type":"ListItem","position":2,"name":"DDP in Zusammenspiel mit Avid Nexis"}]},{"@type":"WebSite","@id":"https:\/\/ddpsan.com\/de\/#website","url":"https:\/\/ddpsan.com\/de\/","name":"DDPSAN","description":"Dynamic Drive Pool by Ardistech","potentialAction":[{"@type":"SearchAction","target":{"@type":"EntryPoint","urlTemplate":"https:\/\/ddpsan.com\/de\/?s={search_term_string}"},"query-input":{"@type":"PropertyValueSpecification","valueRequired":true,"valueName":"search_term_string"}}],"inLanguage":"de"}]}},"_links":{"self":[{"href":"https:\/\/ddpsan.com\/de\/wp-json\/wp\/v2\/pages\/6904","targetHints":{"allow":["GET"]}}],"collection":[{"href":"https:\/\/ddpsan.com\/de\/wp-json\/wp\/v2\/pages"}],"about":[{"href":"https:\/\/ddpsan.com\/de\/wp-json\/wp\/v2\/types\/page"}],"author":[{"embeddable":true,"href":"https:\/\/ddpsan.com\/de\/wp-json\/wp\/v2\/users\/2"}],"replies":[{"embeddable":true,"href":"https:\/\/ddpsan.com\/de\/wp-json\/wp\/v2\/comments?post=6904"}],"version-history":[{"count":10,"href":"https:\/\/ddpsan.com\/de\/wp-json\/wp\/v2\/pages\/6904\/revisions"}],"predecessor-version":[{"id":6952,"href":"https:\/\/ddpsan.com\/de\/wp-json\/wp\/v2\/pages\/6904\/revisions\/6952"}],"wp:attachment":[{"href":"https:\/\/ddpsan.com\/de\/wp-json\/wp\/v2\/media?parent=6904"}],"curies":[{"name":"wp","href":"https:\/\/api.w.org\/{rel}","templated":true}]}}