{"id":6880,"date":"2026-01-03T15:50:58","date_gmt":"2026-01-03T14:50:58","guid":{"rendered":"https:\/\/ddpsan.com\/?page_id=6880"},"modified":"2026-01-03T15:50:58","modified_gmt":"2026-01-03T14:50:58","slug":"archiware-mit-p5","status":"publish","type":"page","link":"https:\/\/ddpsan.com\/de\/archiware-mit-p5\/","title":{"rendered":"Archiware-mit-P5"},"content":{"rendered":"\n\t\t<div id=\"fws_69de5d753013c\"  data-column-margin=\"default\" data-midnight=\"dark\"  class=\"wpb_row vc_row-fluid vc_row  left_padding_50px\"  style=\"padding-top: 50px; padding-bottom: 0px; \"><div class=\"row-bg-wrap\" data-bg-animation=\"none\" data-bg-animation-delay=\"\" data-bg-overlay=\"false\"><div class=\"inner-wrap row-bg-layer\" ><div class=\"row-bg viewport-desktop\"  style=\"\"><\/div><\/div><\/div><div class=\"row_col_wrap_12 col span_12 dark left\">\n\t<div  class=\"vc_col-sm-10 wpb_column column_container vc_column_container col no-extra-padding inherit_tablet inherit_phone flex_gap_desktop_10px \"  data-padding-pos=\"all\" data-has-bg-color=\"false\" data-bg-color=\"\" data-bg-opacity=\"1\" data-animation=\"\" data-delay=\"0\" >\n\t\t<div class=\"vc_column-inner\" >\n\t\t\t<div class=\"wpb_wrapper\">\n\t\t\t\t\n<div class=\"wpb_text_column wpb_content_element  cochin-bold\" >\n\t<h2>Vereinfachte Lokale Archivierung und Wiederherstellung<br \/>\nMit Der P5 Companion App<\/h2>\n<\/div>\n\n\n\n\n<div class=\"wpb_text_column wpb_content_element  cochin-regular\" >\n\t<h3>Die P5 Companion App ist eine vielseitige Desktop-Anwendung f\u00fcr Windows, macOS und Linux, die entwickelt wurde, um das Archivieren und Wiederherstellen von Dateien aus lokalen oder gemeinsam genutzten Speichern zu vereinfachen<\/h3>\n<\/div>\n\n\n\n\n\t\t\t<\/div> \n\t\t<\/div>\n\t<\/div> \n\n\t<div  class=\"vc_col-sm-2 wpb_column column_container vc_column_container col no-extra-padding inherit_tablet inherit_phone flex_gap_desktop_10px \"  data-padding-pos=\"all\" data-has-bg-color=\"false\" data-bg-color=\"\" data-bg-opacity=\"1\" data-animation=\"\" data-delay=\"0\" >\n\t\t<div class=\"vc_column-inner\" >\n\t\t\t<div class=\"wpb_wrapper\">\n\t\t\t\t<div class=\"img-with-aniamtion-wrap \" data-max-width=\"100%\" data-max-width-mobile=\"default\" data-shadow=\"none\" data-animation=\"none\" >\n      <div class=\"inner\">\n        <div class=\"hover-wrap\"> \n          <div class=\"hover-wrap-inner\">\n            <img loading=\"lazy\" decoding=\"async\" class=\"img-with-animation skip-lazy\" data-delay=\"0\" height=\"2560\" width=\"2560\" data-animation=\"none\" src=\"https:\/\/ddpsan.com\/wp-content\/smush-webp\/2025\/10\/P5-logoXS-scaled.png.webp\" alt=\"Logo P5 Archiware\" srcset=\"https:\/\/ddpsan.com\/wp-content\/smush-webp\/2025\/10\/P5-logoXS-scaled.png.webp 2560w, https:\/\/ddpsan.com\/wp-content\/smush-webp\/2025\/10\/P5-logoXS-300x300.png.webp 300w, https:\/\/ddpsan.com\/wp-content\/smush-webp\/2025\/10\/P5-logoXS-1024x1024.png.webp 1024w, https:\/\/ddpsan.com\/wp-content\/smush-webp\/2025\/10\/P5-logoXS-150x150.png.webp 150w, https:\/\/ddpsan.com\/wp-content\/smush-webp\/2025\/10\/P5-logoXS-768x768.png.webp 768w, https:\/\/ddpsan.com\/wp-content\/smush-webp\/2025\/10\/P5-logoXS-140x140.png.webp 140w, https:\/\/ddpsan.com\/wp-content\/smush-webp\/2025\/10\/P5-logoXS-100x100.png.webp 100w, https:\/\/ddpsan.com\/wp-content\/smush-webp\/2025\/10\/P5-logoXS-500x500.png.webp 500w, https:\/\/ddpsan.com\/wp-content\/smush-webp\/2025\/10\/P5-logoXS-350x350.png.webp 350w, https:\/\/ddpsan.com\/wp-content\/smush-webp\/2025\/10\/P5-logoXS-1000x1000.png.webp 1000w, https:\/\/ddpsan.com\/wp-content\/smush-webp\/2025\/10\/P5-logoXS-800x800.png.webp 800w\" sizes=\"auto, (max-width: 2560px) 100vw, 2560px\" \/>\n          <\/div>\n        <\/div>\n        \n      <\/div>\n    <\/div>\n\t\t\t<\/div> \n\t\t<\/div>\n\t<\/div> \n<\/div><\/div>\n\t\t<div id=\"fws_69de5d7533cec\"  data-column-margin=\"default\" data-midnight=\"dark\"  class=\"wpb_row vc_row-fluid vc_row\"  style=\"padding-top: 0px; padding-bottom: 0px; \"><div class=\"row-bg-wrap\" data-bg-animation=\"none\" data-bg-animation-delay=\"\" data-bg-overlay=\"false\"><div class=\"inner-wrap row-bg-layer\" ><div class=\"row-bg viewport-desktop\"  style=\"\"><\/div><\/div><\/div><div class=\"row_col_wrap_12 col span_12 dark left\">\n\t<div  class=\"vc_col-sm-12 wpb_column column_container vc_column_container col padding-5-percent inherit_tablet inherit_phone \"  data-padding-pos=\"all\" data-has-bg-color=\"false\" data-bg-color=\"\" data-bg-opacity=\"1\" data-animation=\"\" data-delay=\"0\" >\n\t\t<div class=\"vc_column-inner\" >\n\t\t\t<div class=\"wpb_wrapper\">\n\t\t\t\t\n<div class=\"wpb_text_column wpb_content_element \" >\n\t<p>Durch die nahtlose Integration mit dem Archiware P5 Archive Server k\u00f6nnen Anwender komplette Ordner per Drag-and-drop bequem auf Festplatte, LTO-Band oder Cloud-Speicher archivieren.<br \/>\nW\u00e4hrend des Archivierungsprozesses werden die Originaldateien durch kleine .P5C-Stub-Dateien ersetzt. Diese lassen sich durch einfaches Zur\u00fcckziehen in die App wiederherstellen.<br \/>\nSo bleiben archivierte Daten jederzeit leicht zug\u00e4nglich und \u00fcbersichtlich verwaltbar.<br \/>\nZus\u00e4tzlich unterst\u00fctzt die App die Wiederherstellung von Stub-Dateien, die mit der inzwischen eingestellten P5 Archive App erstellt wurden, und gew\u00e4hrleistet damit die Kontinuit\u00e4t bestehender Workflows.<\/p>\n<\/div>\n\n\n\n\n\t\t\t<\/div> \n\t\t<\/div>\n\t<\/div> \n<\/div><\/div>\n\t\t<div id=\"fws_69de5d753445c\"  data-column-margin=\"default\" data-midnight=\"dark\"  class=\"wpb_row vc_row-fluid vc_row\"  style=\"padding-top: 0px; padding-bottom: 0px; \"><div class=\"row-bg-wrap\" data-bg-animation=\"none\" data-bg-animation-delay=\"\" data-bg-overlay=\"false\"><div class=\"inner-wrap row-bg-layer\" ><div class=\"row-bg viewport-desktop\"  style=\"\"><\/div><\/div><\/div><div class=\"row_col_wrap_12 col span_12 dark left\">\n\t<div  class=\"vc_col-sm-4 wpb_column column_container vc_column_container col no-extra-padding inherit_tablet inherit_phone flex_gap_desktop_10px \"  data-padding-pos=\"all\" data-has-bg-color=\"false\" data-bg-color=\"\" data-bg-opacity=\"1\" data-animation=\"\" data-delay=\"0\" >\n\t\t<div class=\"vc_column-inner\" >\n\t\t\t<div class=\"wpb_wrapper\">\n\t\t\t\t<div class=\"img-with-aniamtion-wrap \" data-max-width=\"100%\" data-max-width-mobile=\"default\" data-shadow=\"none\" data-animation=\"none\" >\n      <div class=\"inner\">\n        <div class=\"hover-wrap\"> \n          <div class=\"hover-wrap-inner\">\n            <img loading=\"lazy\" decoding=\"async\" class=\"img-with-animation skip-lazy\" data-delay=\"0\" height=\"256\" width=\"256\" data-animation=\"none\" src=\"https:\/\/ddpsan.com\/wp-content\/smush-webp\/2025\/10\/ProduktIcon-BackUp-256.png.webp\" alt=\"Archive logo\" srcset=\"https:\/\/ddpsan.com\/wp-content\/smush-webp\/2025\/10\/ProduktIcon-BackUp-256.png.webp 256w, https:\/\/ddpsan.com\/wp-content\/smush-webp\/2025\/10\/ProduktIcon-BackUp-256-150x150.png.webp 150w, https:\/\/ddpsan.com\/wp-content\/smush-webp\/2025\/10\/ProduktIcon-BackUp-256-140x140.png.webp 140w, https:\/\/ddpsan.com\/wp-content\/smush-webp\/2025\/10\/ProduktIcon-BackUp-256-100x100.png.webp 100w\" sizes=\"auto, (max-width: 256px) 100vw, 256px\" \/>\n          <\/div>\n        <\/div>\n        \n      <\/div>\n    <\/div>\n\t\t\t<\/div> \n\t\t<\/div>\n\t<\/div> \n\n\t<div  class=\"vc_col-sm-4 wpb_column column_container vc_column_container col no-extra-padding inherit_tablet inherit_phone flex_gap_desktop_10px \"  data-padding-pos=\"all\" data-has-bg-color=\"false\" data-bg-color=\"\" data-bg-opacity=\"1\" data-animation=\"\" data-delay=\"0\" >\n\t\t<div class=\"vc_column-inner\" >\n\t\t\t<div class=\"wpb_wrapper\">\n\t\t\t\t<div class=\"img-with-aniamtion-wrap \" data-max-width=\"100%\" data-max-width-mobile=\"default\" data-shadow=\"none\" data-animation=\"none\" >\n      <div class=\"inner\">\n        <div class=\"hover-wrap\"> \n          <div class=\"hover-wrap-inner\">\n            <img loading=\"lazy\" decoding=\"async\" class=\"img-with-animation skip-lazy\" data-delay=\"0\" height=\"256\" width=\"256\" data-animation=\"none\" src=\"https:\/\/ddpsan.com\/wp-content\/smush-webp\/2025\/10\/ProduktIcon-Synchronize-256.png.webp\" alt=\"\" srcset=\"https:\/\/ddpsan.com\/wp-content\/smush-webp\/2025\/10\/ProduktIcon-Synchronize-256.png.webp 256w, https:\/\/ddpsan.com\/wp-content\/smush-webp\/2025\/10\/ProduktIcon-Synchronize-256-150x150.png.webp 150w, https:\/\/ddpsan.com\/wp-content\/smush-webp\/2025\/10\/ProduktIcon-Synchronize-256-140x140.png.webp 140w, https:\/\/ddpsan.com\/wp-content\/smush-webp\/2025\/10\/ProduktIcon-Synchronize-256-100x100.png.webp 100w\" sizes=\"auto, (max-width: 256px) 100vw, 256px\" \/>\n          <\/div>\n        <\/div>\n        \n      <\/div>\n    <\/div>\n\t\t\t<\/div> \n\t\t<\/div>\n\t<\/div> \n\n\t<div  class=\"vc_col-sm-4 wpb_column column_container vc_column_container col no-extra-padding inherit_tablet inherit_phone flex_gap_desktop_10px \"  data-padding-pos=\"all\" data-has-bg-color=\"false\" data-bg-color=\"\" data-bg-opacity=\"1\" data-animation=\"\" data-delay=\"0\" >\n\t\t<div class=\"vc_column-inner\" >\n\t\t\t<div class=\"wpb_wrapper\">\n\t\t\t\t<div class=\"img-with-aniamtion-wrap \" data-max-width=\"100%\" data-max-width-mobile=\"default\" data-shadow=\"none\" data-animation=\"none\" >\n      <div class=\"inner\">\n        <div class=\"hover-wrap\"> \n          <div class=\"hover-wrap-inner\">\n            <img loading=\"lazy\" decoding=\"async\" class=\"img-with-animation skip-lazy\" data-delay=\"0\" height=\"256\" width=\"256\" data-animation=\"none\" src=\"https:\/\/ddpsan.com\/wp-content\/smush-webp\/2025\/10\/ProduktIcon-Archiv-256.png.webp\" alt=\"Archive Logo\" srcset=\"https:\/\/ddpsan.com\/wp-content\/smush-webp\/2025\/10\/ProduktIcon-Archiv-256.png.webp 256w, https:\/\/ddpsan.com\/wp-content\/smush-webp\/2025\/10\/ProduktIcon-Archiv-256-150x150.png.webp 150w, https:\/\/ddpsan.com\/wp-content\/smush-webp\/2025\/10\/ProduktIcon-Archiv-256-140x140.png.webp 140w, https:\/\/ddpsan.com\/wp-content\/smush-webp\/2025\/10\/ProduktIcon-Archiv-256-100x100.png.webp 100w\" sizes=\"auto, (max-width: 256px) 100vw, 256px\" \/>\n          <\/div>\n        <\/div>\n        \n      <\/div>\n    <\/div>\n\t\t\t<\/div> \n\t\t<\/div>\n\t<\/div> \n<\/div><\/div>\n\t\t<div id=\"fws_69de5d7537fa3\"  data-column-margin=\"default\" data-midnight=\"dark\"  class=\"wpb_row vc_row-fluid vc_row\"  style=\"padding-top: 0px; padding-bottom: 0px; \"><div class=\"row-bg-wrap\" data-bg-animation=\"none\" data-bg-animation-delay=\"\" data-bg-overlay=\"false\"><div class=\"inner-wrap row-bg-layer\" ><div class=\"row-bg viewport-desktop\"  style=\"\"><\/div><\/div><\/div><div class=\"row_col_wrap_12 col span_12 dark left\">\n\t<div  class=\"vc_col-sm-12 wpb_column column_container vc_column_container col padding-5-percent inherit_tablet inherit_phone \"  data-border-radius=\"3px\" data-shadow=\"small_depth\" data-padding-pos=\"all\" data-has-bg-color=\"false\" data-bg-color=\"\" data-bg-opacity=\"1\" data-animation=\"\" data-delay=\"0\" >\n\t\t<div class=\"vc_column-inner\" ><div class=\"column-bg-overlay-wrap column-bg-layer\" data-bg-animation=\"none\"><div class=\"column-bg-overlay\"><\/div><\/div>\n\t\t\t<div class=\"wpb_wrapper\">\n\t\t\t\t\n<div class=\"wpb_text_column wpb_content_element \" >\n\t<p><strong>Funktionen im \u00dcberblick:<\/strong><\/p>\n<p><strong><span style=\"color: #ff9900;\">*<\/span><\/strong> Drag-and-drop von Ordnern aus lokalem oder Netzwerkspeicher zur Archivierung auf Band, Festplatte oder Cloud<br \/>\n<strong><span style=\"color: #ff9900;\">*<\/span><\/strong> L\u00e4uft auf jeder macOS-, Windows- oder Linux-Workstation<br \/>\n<strong><span style=\"color: #ff9900;\">*<\/span><\/strong> Es wird lediglich eine Archiware P5 Archive Lizenz ben\u00f6tigt \u2013 keine Lizenzierung pro Workstation<br \/>\n<strong><span style=\"color: #ff9900;\">*<\/span><\/strong> Archivierte Dateien werden durch kleine \u201eStub\u201c-Dateien ersetzt, die auf das Original im Archiv verweisen<br \/>\n<strong><span style=\"color: #ff9900;\">*<\/span><\/strong> Wiederherstellung per Drag-and-drop der Stub-Dateien<br \/>\n<strong><span style=\"color: #ff9900;\">*<\/span><\/strong> Suchen, Browsen und Wiederherstellen \u00fcber den P5-Archive-Index im Webbrowser<\/p>\n<\/div>\n\n\n\n\n\t\t\t<\/div> \n\t\t<\/div>\n\t<\/div> \n<\/div><\/div>\n\t\t<div id=\"fws_69de5d753875b\"  data-column-margin=\"default\" data-midnight=\"dark\"  class=\"wpb_row vc_row-fluid vc_row vc_row-o-equal-height vc_row-flex\"  style=\"padding-top: 0px; padding-bottom: 0px; \"><div class=\"row-bg-wrap\" data-bg-animation=\"none\" data-bg-animation-delay=\"\" data-bg-overlay=\"false\"><div class=\"inner-wrap row-bg-layer\" ><div class=\"row-bg viewport-desktop\"  style=\"\"><\/div><\/div><\/div><div class=\"row_col_wrap_12 col span_12 dark left\">\n\t<div  class=\"vc_col-sm-6 wpb_column column_container vc_column_container col padding-3-percent inherit_tablet inherit_phone \"  data-border-radius=\"3px\" data-shadow=\"small_depth\" data-padding-pos=\"all\" data-has-bg-color=\"false\" data-bg-color=\"\" data-bg-opacity=\"1\" data-animation=\"\" data-delay=\"0\" >\n\t\t<div class=\"vc_column-inner\" ><div class=\"column-bg-overlay-wrap column-bg-layer\" data-bg-animation=\"none\"><div class=\"column-bg-overlay\"><\/div><\/div>\n\t\t\t<div class=\"wpb_wrapper\">\n\t\t\t\t\n<div class=\"wpb_text_column wpb_content_element \" >\n\t<p><strong>DDP-Synchronisation mit Archiware P5<\/strong><\/p>\n<p>Unser Kunde w\u00fcnschte den Einsatz von zwei DDP24D-Systemen, die \u00fcber das Internet mittels Archiware P5 Synchronize miteinander synchronisiert werden.<br \/>\nArchiware ist in die DDP-Weboberfl\u00e4che als eigene Seite integriert.<br \/>\nArchiware P5 besteht aus drei Modulen: Backup, Archive und Synchronize.<br \/>\nMit Synchronize lassen sich Verzeichnisstrukturen und deren Inhalte sowohl \u00fcber Intranet- als auch \u00fcber Internetverbindungen synchronisieren.<br \/>\nDiese sogenannten Synchronisationsjobs k\u00f6nnen zeitgesteuert ausgef\u00fchrt werden und bieten verschiedene Betriebsmodi.<\/p>\n<p>Die Einrichtung und Nutzung ist im DDP-Synchronize-Handbuch beschrieben.<br \/>\nIn diesem Fall betreibt der Kunde zwei Standorte, jeweils mit einem DDP24D und aktivierter Archiware-Synchronize-Lizenz, sodass eine bidirektionale Synchronisation m\u00f6glich ist.<br \/>\nBeide Standorte erfassen Material und f\u00fchren Postproduktion durch.<br \/>\nDie Synchronisation verfolgt zwei Ziele:<\/p>\n<p><strong><span style=\"color: #ffcc00;\">*<\/span><\/strong> Datenspiegelung an zwei geografisch getrennten Standorten<br \/>\n<strong><span style=\"color: #ffcc00;\">*<\/span><\/strong> H\u00f6here Flexibilit\u00e4t bei der Verteilung der Arbeitslast<\/p>\n<\/div>\n\n\n\n\n\t\t\t<\/div> \n\t\t<\/div>\n\t<\/div> \n\n\t<div  class=\"vc_col-sm-6 wpb_column column_container vc_column_container col padding-3-percent inherit_tablet inherit_phone \"  data-border-radius=\"3px\" data-shadow=\"small_depth\" data-padding-pos=\"all\" data-has-bg-color=\"false\" data-bg-color=\"\" data-bg-opacity=\"1\" data-animation=\"\" data-delay=\"0\" >\n\t\t<div class=\"vc_column-inner\" ><div class=\"column-bg-overlay-wrap column-bg-layer\" data-bg-animation=\"none\"><div class=\"column-bg-overlay\"><\/div><\/div>\n\t\t\t<div class=\"wpb_wrapper\">\n\t\t\t\t\n<div class=\"wpb_text_column wpb_content_element \" >\n\t<p><strong>Praxisbeispiel: Synchronisation \u00fcber Nacht<\/strong><\/p>\n<p>Basierend auf dem durchschnittlichen t\u00e4glichen Ingest-Volumen und der verf\u00fcgbaren Internetbandbreite stellte sich heraus, dass eine n\u00e4chtliche Synchronisation v\u00f6llig ausreichend war.<br \/>\nDa es sich um eine asynchrone Synchronisation handelt, kommen \u2013 abh\u00e4ngig von der Bandbreite \u2013 zwei Szenarien in Betracht:<br \/>\n<span style=\"color: #ffcc00;\"><strong>*<\/strong><\/span> ereignisgesteuert<br \/>\n<span style=\"color: #ffcc00;\"><strong>*<\/strong><\/span> zeitgesteuert<\/p>\n<p>In diesem Fall erfolgte der Ingest an beiden Standorten ausschlie\u00dflich w\u00e4hrend der B\u00fcrozeiten.<br \/>\nDas maximale t\u00e4gliche Ingest-Volumen pro Standort betrug bis zu 4 TB.<br \/>\nDie verf\u00fcgbare Bandbreite lag bei 100 MB\/s (1.000 Mbit\/s).<br \/>\nDer Kunde wollte im Vorfeld nicht festlegen, welcher Standort welche Aufgaben \u00fcbernimmt. Zudem zeigte sich, dass identische Datenbest\u00e4nde an beiden Standorten die zuverl\u00e4ssigste L\u00f6sung darstellen.<br \/>\nUm 4 TB zu \u00fcbertragen, wurden rund 10 Stunden ben\u00f6tigt.<br \/>\nSo waren beide Systeme jeden Morgen identisch synchronisiert.<br \/>\nAnzumerken ist, dass nicht t\u00e4glich ingestiert wurde und das Volumen nicht immer 4 TB betrug.<br \/>\nDie bidirektionale Synchronisation wurde au\u00dferdem genutzt, um Arbeitsergebnisse an beiden Standorten verf\u00fcgbar zu machen.<\/p>\n<\/div>\n\n\n\n\n\t\t\t<\/div> \n\t\t<\/div>\n\t<\/div> \n<\/div><\/div>\n\t\t<div id=\"fws_69de5d75392ce\"  data-column-margin=\"default\" data-midnight=\"dark\"  class=\"wpb_row vc_row-fluid vc_row\"  style=\"padding-top: 0px; padding-bottom: 0px; \"><div class=\"row-bg-wrap\" data-bg-animation=\"none\" data-bg-animation-delay=\"\" data-bg-overlay=\"false\"><div class=\"inner-wrap row-bg-layer\" ><div class=\"row-bg viewport-desktop\"  style=\"\"><\/div><\/div><\/div><div class=\"row_col_wrap_12 col span_12 dark left\">\n\t<div  class=\"vc_col-sm-3 wpb_column column_container vc_column_container col no-extra-padding inherit_tablet inherit_phone flex_gap_desktop_10px \"  data-padding-pos=\"all\" data-has-bg-color=\"false\" data-bg-color=\"\" data-bg-opacity=\"1\" data-animation=\"\" data-delay=\"0\" >\n\t\t<div class=\"vc_column-inner\" >\n\t\t\t<div class=\"wpb_wrapper\">\n\t\t\t\t\n\t\t\t<\/div> \n\t\t<\/div>\n\t<\/div> \n\n\t<div  class=\"vc_col-sm-6 wpb_column column_container vc_column_container col no-extra-padding inherit_tablet inherit_phone flex_gap_desktop_10px \"  data-padding-pos=\"all\" data-has-bg-color=\"false\" data-bg-color=\"\" data-bg-opacity=\"1\" data-animation=\"\" data-delay=\"0\" >\n\t\t<div class=\"vc_column-inner\" >\n\t\t\t<div class=\"wpb_wrapper\">\n\t\t\t\t<div class=\"nectar-video-box\" data-color=\"default-accent-color\"  data-play-button-size=\"default\" data-border-radius=\"none\" data-hover=\"defaut\" data-shadow=\"none\"><div class=\"inner-wrap\"><a href=\"https:\/\/youtu.be\/yBIivJuRmF4\" class=\"full-link pp\"><span class=\"screen-reader-text\">Play Video<\/span><\/a><img loading=\"lazy\" decoding=\"async\" width=\"1196\" height=\"1072\" src=\"https:\/\/ddpsan.com\/wp-content\/smush-webp\/2025\/10\/Archiware-P5.jpg.webp\" class=\"attachment-full size-full\" alt=\"Archiware P5\" srcset=\"https:\/\/ddpsan.com\/wp-content\/smush-webp\/2025\/10\/Archiware-P5.jpg.webp 1196w, https:\/\/ddpsan.com\/wp-content\/smush-webp\/2025\/10\/Archiware-P5-300x269.jpg.webp 300w, https:\/\/ddpsan.com\/wp-content\/smush-webp\/2025\/10\/Archiware-P5-1024x918.jpg.webp 1024w, https:\/\/ddpsan.com\/wp-content\/smush-webp\/2025\/10\/Archiware-P5-768x688.jpg.webp 768w\" sizes=\"auto, (max-width: 1196px) 100vw, 1196px\" \/><a href=\"https:\/\/youtu.be\/yBIivJuRmF4\"  data-style=\"default\" data-parent-hover=\"\" data-font-style=\"p\" data-color=\"default\" class=\"play_button_2 large nectar_video_lightbox pp\"><span><span class=\"screen-reader-text\">Play Video<\/span><span class=\"play\"><span class=\"inner-wrap inner\"><svg role=\"none\" version=\"1.1\"\n\t xmlns=\"http:\/\/www.w3.org\/2000\/svg\" xmlns:xlink=\"http:\/\/www.w3.org\/1999\/xlink\" width=\"600px\" height=\"800px\" x=\"0px\" y=\"0px\" viewBox=\"0 0 600 800\" enable-background=\"new 0 0 600 800\" xml:space=\"preserve\"><path fill=\"none\" d=\"M0-1.79v800L600,395L0-1.79z\"><\/path> <\/svg><\/span><\/span><\/span><\/a><\/div><\/div><div class=\"img-with-aniamtion-wrap \" data-max-width=\"100%\" data-max-width-mobile=\"default\" data-shadow=\"none\" data-animation=\"none\" >\n      <div class=\"inner\">\n        <div class=\"hover-wrap\"> \n          <div class=\"hover-wrap-inner\">\n            <a href=\"https:\/\/archiware.com\" target=\"_self\" class=\"\">\n              <img loading=\"lazy\" decoding=\"async\" class=\"img-with-animation skip-lazy\" data-delay=\"0\" height=\"336\" width=\"768\" data-animation=\"none\" src=\"https:\/\/ddpsan.com\/wp-content\/smush-webp\/2025\/10\/archiware_txt.png.webp\" alt=\"Archiware&#039;s motto\" srcset=\"https:\/\/ddpsan.com\/wp-content\/smush-webp\/2025\/10\/archiware_txt.png.webp 768w, https:\/\/ddpsan.com\/wp-content\/smush-webp\/2025\/10\/archiware_txt-300x131.png.webp 300w\" sizes=\"auto, (max-width: 768px) 100vw, 768px\" \/>\n            <\/a>\n          <\/div>\n        <\/div>\n        \n      <\/div>\n      <\/div>\n\t\t\t<\/div> \n\t\t<\/div>\n\t<\/div> \n\n\t<div  class=\"vc_col-sm-3 wpb_column column_container vc_column_container col no-extra-padding inherit_tablet inherit_phone flex_gap_desktop_10px \"  data-padding-pos=\"all\" data-has-bg-color=\"false\" data-bg-color=\"\" data-bg-opacity=\"1\" data-animation=\"\" data-delay=\"0\" >\n\t\t<div class=\"vc_column-inner\" >\n\t\t\t<div class=\"wpb_wrapper\">\n\t\t\t\t\n\t\t\t<\/div> \n\t\t<\/div>\n\t<\/div> \n<\/div><\/div>\n","protected":false},"excerpt":{"rendered":"Vereinfachte Lokale Archivierung und Wiederherstellung Mit Der P5 Companion App Die P5 Companion App ist eine vielseitige Desktop-Anwendung f\u00fcr Windows, macOS und Linux, die entwickelt wurde, um das Archivieren und...","protected":false},"author":2,"featured_media":0,"parent":0,"menu_order":0,"comment_status":"closed","ping_status":"closed","template":"","meta":{"footnotes":""},"class_list":["post-6880","page","type-page","status-publish"],"yoast_head":"<!-- This site is optimized with the Yoast SEO plugin v27.3 - https:\/\/yoast.com\/product\/yoast-seo-wordpress\/ -->\n<title>Archiware-mit-P5 - DDPSAN<\/title>\n<meta name=\"robots\" content=\"index, follow, max-snippet:-1, max-image-preview:large, max-video-preview:-1\" \/>\n<link rel=\"canonical\" href=\"https:\/\/ddpsan.com\/de\/archiware-mit-p5\/\" \/>\n<meta property=\"og:locale\" content=\"de_DE\" \/>\n<meta property=\"og:type\" content=\"article\" \/>\n<meta property=\"og:title\" content=\"Archiware-mit-P5 - DDPSAN\" \/>\n<meta property=\"og:url\" content=\"https:\/\/ddpsan.com\/de\/archiware-mit-p5\/\" \/>\n<meta property=\"og:site_name\" content=\"DDPSAN\" \/>\n<meta name=\"twitter:card\" content=\"summary_large_image\" \/>\n<meta name=\"twitter:label1\" content=\"Gesch\u00e4tzte Lesezeit\" \/>\n\t<meta name=\"twitter:data1\" content=\"4\u00a0Minuten\" \/>\n<script type=\"application\/ld+json\" class=\"yoast-schema-graph\">{\"@context\":\"https:\\\/\\\/schema.org\",\"@graph\":[{\"@type\":\"WebPage\",\"@id\":\"https:\\\/\\\/ddpsan.com\\\/de\\\/archiware-mit-p5\\\/\",\"url\":\"https:\\\/\\\/ddpsan.com\\\/de\\\/archiware-mit-p5\\\/\",\"name\":\"Archiware-mit-P5 - DDPSAN\",\"isPartOf\":{\"@id\":\"https:\\\/\\\/ddpsan.com\\\/de\\\/#website\"},\"datePublished\":\"2026-01-03T14:50:58+00:00\",\"breadcrumb\":{\"@id\":\"https:\\\/\\\/ddpsan.com\\\/de\\\/archiware-mit-p5\\\/#breadcrumb\"},\"inLanguage\":\"de\",\"potentialAction\":[{\"@type\":\"ReadAction\",\"target\":[\"https:\\\/\\\/ddpsan.com\\\/de\\\/archiware-mit-p5\\\/\"]}]},{\"@type\":\"BreadcrumbList\",\"@id\":\"https:\\\/\\\/ddpsan.com\\\/de\\\/archiware-mit-p5\\\/#breadcrumb\",\"itemListElement\":[{\"@type\":\"ListItem\",\"position\":1,\"name\":\"Home\",\"item\":\"https:\\\/\\\/ddpsan.com\\\/de\\\/\"},{\"@type\":\"ListItem\",\"position\":2,\"name\":\"Archiware-mit-P5\"}]},{\"@type\":\"WebSite\",\"@id\":\"https:\\\/\\\/ddpsan.com\\\/de\\\/#website\",\"url\":\"https:\\\/\\\/ddpsan.com\\\/de\\\/\",\"name\":\"DDPSAN\",\"description\":\"Dynamic Drive Pool by Ardistech\",\"potentialAction\":[{\"@type\":\"SearchAction\",\"target\":{\"@type\":\"EntryPoint\",\"urlTemplate\":\"https:\\\/\\\/ddpsan.com\\\/de\\\/?s={search_term_string}\"},\"query-input\":{\"@type\":\"PropertyValueSpecification\",\"valueRequired\":true,\"valueName\":\"search_term_string\"}}],\"inLanguage\":\"de\"}]}<\/script>\n<!-- \/ Yoast SEO plugin. -->","yoast_head_json":{"title":"Archiware-mit-P5 - DDPSAN","robots":{"index":"index","follow":"follow","max-snippet":"max-snippet:-1","max-image-preview":"max-image-preview:large","max-video-preview":"max-video-preview:-1"},"canonical":"https:\/\/ddpsan.com\/de\/archiware-mit-p5\/","og_locale":"de_DE","og_type":"article","og_title":"Archiware-mit-P5 - DDPSAN","og_url":"https:\/\/ddpsan.com\/de\/archiware-mit-p5\/","og_site_name":"DDPSAN","twitter_card":"summary_large_image","twitter_misc":{"Gesch\u00e4tzte Lesezeit":"4\u00a0Minuten"},"schema":{"@context":"https:\/\/schema.org","@graph":[{"@type":"WebPage","@id":"https:\/\/ddpsan.com\/de\/archiware-mit-p5\/","url":"https:\/\/ddpsan.com\/de\/archiware-mit-p5\/","name":"Archiware-mit-P5 - DDPSAN","isPartOf":{"@id":"https:\/\/ddpsan.com\/de\/#website"},"datePublished":"2026-01-03T14:50:58+00:00","breadcrumb":{"@id":"https:\/\/ddpsan.com\/de\/archiware-mit-p5\/#breadcrumb"},"inLanguage":"de","potentialAction":[{"@type":"ReadAction","target":["https:\/\/ddpsan.com\/de\/archiware-mit-p5\/"]}]},{"@type":"BreadcrumbList","@id":"https:\/\/ddpsan.com\/de\/archiware-mit-p5\/#breadcrumb","itemListElement":[{"@type":"ListItem","position":1,"name":"Home","item":"https:\/\/ddpsan.com\/de\/"},{"@type":"ListItem","position":2,"name":"Archiware-mit-P5"}]},{"@type":"WebSite","@id":"https:\/\/ddpsan.com\/de\/#website","url":"https:\/\/ddpsan.com\/de\/","name":"DDPSAN","description":"Dynamic Drive Pool by Ardistech","potentialAction":[{"@type":"SearchAction","target":{"@type":"EntryPoint","urlTemplate":"https:\/\/ddpsan.com\/de\/?s={search_term_string}"},"query-input":{"@type":"PropertyValueSpecification","valueRequired":true,"valueName":"search_term_string"}}],"inLanguage":"de"}]}},"_links":{"self":[{"href":"https:\/\/ddpsan.com\/de\/wp-json\/wp\/v2\/pages\/6880","targetHints":{"allow":["GET"]}}],"collection":[{"href":"https:\/\/ddpsan.com\/de\/wp-json\/wp\/v2\/pages"}],"about":[{"href":"https:\/\/ddpsan.com\/de\/wp-json\/wp\/v2\/types\/page"}],"author":[{"embeddable":true,"href":"https:\/\/ddpsan.com\/de\/wp-json\/wp\/v2\/users\/2"}],"replies":[{"embeddable":true,"href":"https:\/\/ddpsan.com\/de\/wp-json\/wp\/v2\/comments?post=6880"}],"version-history":[{"count":21,"href":"https:\/\/ddpsan.com\/de\/wp-json\/wp\/v2\/pages\/6880\/revisions"}],"predecessor-version":[{"id":6901,"href":"https:\/\/ddpsan.com\/de\/wp-json\/wp\/v2\/pages\/6880\/revisions\/6901"}],"wp:attachment":[{"href":"https:\/\/ddpsan.com\/de\/wp-json\/wp\/v2\/media?parent=6880"}],"curies":[{"name":"wp","href":"https:\/\/api.w.org\/{rel}","templated":true}]}}