{"id":6824,"date":"2026-01-02T17:39:27","date_gmt":"2026-01-02T16:39:27","guid":{"rendered":"https:\/\/ddpsan.com\/?page_id=6824"},"modified":"2026-01-02T17:39:27","modified_gmt":"2026-01-02T16:39:27","slug":"sicherheit-mit-ddp","status":"publish","type":"page","link":"https:\/\/ddpsan.com\/de\/sicherheit-mit-ddp\/","title":{"rendered":"Sicherheit mit DDP"},"content":{"rendered":"\n\t\t<div id=\"fws_69de5cceddef9\"  data-column-margin=\"default\" data-midnight=\"dark\"  class=\"wpb_row vc_row-fluid vc_row full-width-content vc_row-o-equal-height vc_row-flex vc_row-o-content-top\"  style=\"padding-top: 0px; padding-bottom: 0px; \"><div class=\"row-bg-wrap\" data-bg-animation=\"none\" data-bg-animation-delay=\"\" data-bg-overlay=\"false\"><div class=\"inner-wrap row-bg-layer\" ><div class=\"row-bg viewport-desktop\"  style=\"\"><\/div><\/div><\/div><div class=\"row_col_wrap_12 col span_12 dark left\">\n\t<div  class=\"vc_col-sm-12 wpb_column column_container vc_column_container col no-extra-padding inherit_tablet inherit_phone flex_gap_desktop_10px \"  data-padding-pos=\"all\" data-has-bg-color=\"false\" data-bg-color=\"\" data-bg-opacity=\"1\" data-animation=\"\" data-delay=\"0\" >\n\t\t<div class=\"vc_column-inner\" >\n\t\t\t<div class=\"wpb_wrapper\">\n\t\t\t\t<div class=\"img-with-aniamtion-wrap \" data-max-width=\"100%\" data-max-width-mobile=\"default\" data-shadow=\"none\" data-animation=\"none\" >\n      <div class=\"inner\">\n        <div class=\"hover-wrap\"> \n          <div class=\"hover-wrap-inner\">\n            <img loading=\"lazy\" decoding=\"async\" class=\"img-with-animation skip-lazy\" data-delay=\"0\" height=\"740\" width=\"2560\" data-animation=\"none\" src=\"https:\/\/ddpsan.com\/wp-content\/smush-webp\/2025\/07\/Security-XL-scaled.png.webp\" alt=\"Mover \/ Checker\" srcset=\"https:\/\/ddpsan.com\/wp-content\/smush-webp\/2025\/07\/Security-XL-scaled.png.webp 2560w, https:\/\/ddpsan.com\/wp-content\/smush-webp\/2025\/07\/Security-XL-300x87.png.webp 300w, https:\/\/ddpsan.com\/wp-content\/smush-webp\/2025\/07\/Security-XL-1024x296.png.webp 1024w, https:\/\/ddpsan.com\/wp-content\/smush-webp\/2025\/07\/Security-XL-768x222.png.webp 768w\" sizes=\"auto, (max-width: 2560px) 100vw, 2560px\" \/>\n          <\/div>\n        <\/div>\n        \n      <\/div>\n    <\/div>\n<div class=\"wpb_text_column wpb_content_element \" >\n\t<h2><\/h2>\n<\/div>\n\n\n\n\n\t\t\t<\/div> \n\t\t<\/div>\n\t<\/div> \n<\/div><\/div>\n\t\t<div id=\"fws_69de5ccedf870\"  data-column-margin=\"default\" data-midnight=\"dark\"  class=\"wpb_row vc_row-fluid vc_row\"  style=\"padding-top: 0px; padding-bottom: 0px; \"><div class=\"row-bg-wrap\" data-bg-animation=\"none\" data-bg-animation-delay=\"\" data-bg-overlay=\"false\"><div class=\"inner-wrap row-bg-layer\" ><div class=\"row-bg viewport-desktop\"  style=\"\"><\/div><\/div><\/div><div class=\"row_col_wrap_12 col span_12 dark left\">\n\t<div  class=\"vc_col-sm-1 wpb_column column_container vc_column_container col no-extra-padding inherit_tablet inherit_phone flex_gap_desktop_10px \"  data-padding-pos=\"all\" data-has-bg-color=\"false\" data-bg-color=\"\" data-bg-opacity=\"1\" data-animation=\"\" data-delay=\"0\" >\n\t\t<div class=\"vc_column-inner\" >\n\t\t\t<div class=\"wpb_wrapper\">\n\t\t\t\t\n\t\t\t<\/div> \n\t\t<\/div>\n\t<\/div> \n\n\t<div  class=\"vc_col-sm-10 wpb_column column_container vc_column_container col padding-3-percent inherit_tablet inherit_phone \"  data-padding-pos=\"all\" data-has-bg-color=\"false\" data-bg-color=\"\" data-bg-opacity=\"1\" data-animation=\"\" data-delay=\"0\" >\n\t\t<div class=\"vc_column-inner\" >\n\t\t\t<div class=\"wpb_wrapper\">\n\t\t\t\t\n<div class=\"wpb_text_column wpb_content_element  cochin-bold\" >\n\t<h2>Security, Auditing und Remote-Arbeit (Audit-Beispiel)<\/h2>\n<\/div>\n\n\n\n\n<div class=\"wpb_text_column wpb_content_element  cochin-bold\" >\n\t<h2>Sind DDPs Sicher?<br \/>\nWie Sieht Es Mit Der Sicherheit Aus?<\/h2>\n<\/div>\n\n\n\n\n<div class=\"wpb_text_column wpb_content_element  cochin-regular\" >\n\t<h3>Die Motion Picture Association America betreibt das Trusted Partner Network \u2013 das gemeinsam mit TISAX, ISO 27001, NIST, CISA, CSA, SEC, C2PA und der FTC zahlreiche Sicherheitsrichtlinien und Empfehlungen vorgibt. Bitte pr\u00fcfen Sie dazu das folgende Dokument:<\/h3>\n<\/div>\n\n\n\n\n<div class=\"wpb_text_column wpb_content_element \" >\n\t<h4 style=\"text-align: center;\"><strong><span style=\"color: #ff9900;\"><a style=\"color: #ff9900;\" href=\"https:\/\/www.motionpictures.org\/wp-content\/uploads\/2015\/11\/sup_english.pdf\" target=\"_blank\" rel=\"noopener\">MPAA-Content-Security-<\/a><\/span><\/strong><strong><span style=\"color: #ff9900;\"><a style=\"color: #ff9900;\" href=\"https:\/\/www.motionpictures.org\/wp-content\/uploads\/2015\/11\/sup_english.pdf\" target=\"_blank\" rel=\"noopener\"> Best Practises-v5.3 -december 12 2024 -Release.xlm<\/a><\/span><\/strong><\/h4>\n<\/div>\n\n\n\n\n<div class=\"wpb_text_column wpb_content_element \" >\n\t<p>Sicherheitsrisiken k\u00f6nnen durch Diebstahl, Malware, Ransomware, Erpressung oder Datenkorruption entstehen.<\/p>\n<\/div>\n\n\n\n\n\t\t\t<\/div> \n\t\t<\/div>\n\t<\/div> \n\n\t<div  class=\"vc_col-sm-1 wpb_column column_container vc_column_container col no-extra-padding inherit_tablet inherit_phone flex_gap_desktop_10px \"  data-padding-pos=\"all\" data-has-bg-color=\"false\" data-bg-color=\"\" data-bg-opacity=\"1\" data-animation=\"\" data-delay=\"0\" >\n\t\t<div class=\"vc_column-inner\" >\n\t\t\t<div class=\"wpb_wrapper\">\n\t\t\t\t\n\t\t\t<\/div> \n\t\t<\/div>\n\t<\/div> \n<\/div><\/div>\n\t\t<div id=\"fws_69de5ccee0a65\"  data-column-margin=\"default\" data-midnight=\"dark\"  class=\"wpb_row vc_row-fluid vc_row vc_row-o-equal-height vc_row-flex\"  style=\"padding-top: 0px; padding-bottom: 0px; \"><div class=\"row-bg-wrap\" data-bg-animation=\"none\" data-bg-animation-delay=\"\" data-bg-overlay=\"false\"><div class=\"inner-wrap row-bg-layer\" ><div class=\"row-bg viewport-desktop\"  style=\"\"><\/div><\/div><\/div><div class=\"row_col_wrap_12 col span_12 dark left\">\n\t<div  class=\"vc_col-sm-4 wpb_column column_container vc_column_container col padding-1-percent inherit_tablet inherit_phone \"  data-border-radius=\"3px\" data-shadow=\"small_depth\" data-padding-pos=\"all\" data-has-bg-color=\"false\" data-bg-color=\"\" data-bg-opacity=\"1\" data-animation=\"\" data-delay=\"0\" >\n\t\t<div class=\"vc_column-inner\" ><div class=\"column-bg-overlay-wrap column-bg-layer\" data-bg-animation=\"none\"><div class=\"column-bg-overlay\"><\/div><\/div>\n\t\t\t<div class=\"wpb_wrapper\">\n\t\t\t\t\n<div class=\"wpb_text_column wpb_content_element \" >\n\t<p><strong>Die h\u00f6chste Sicherheit<\/strong><\/p>\n<p>Viele dieser Regeln und Empfehlungen erfordern finanzielle Investitionen und zus\u00e4tzliches Personal. Wie erreicht man also auf m\u00f6glichst kosteng\u00fcnstige, aber dennoch umfassende Weise das h\u00f6chste Sicherheitsniveau?<\/p>\n<p>Die h\u00f6chste Sicherheit besteht dann, wenn Computer und Storage On-Premise betrieben werden \u2013 mit blockiertem direktem Internetzugang sowie gesperrten USB-, Thunderbolt- und anderen Ports.<br \/>\nMaterial, das \u00fcber das Internet eingeht oder ausgegeben werden muss, sollte in einem sogenannten Transferraum gepr\u00fcft und verarbeitet werden.<br \/>\nDieser Transferraum wird von autorisiertem Personal betrieben und ist mit Virenscannern\/Diagnosetools sowie einer Checker\/Mover\/DDP-Konfiguration von Ardis Technologies ausgestattet.<br \/>\nDie High-Speed-CheckerMover\/DDP-L\u00f6sung pr\u00fcft jede eingehende Datei anhand einer Freigabeliste. Ist die Datei unbedenklich, wird sie zur Weiterverarbeitung verschoben. Alle anderen Dateitypen gelangen in die Quarant\u00e4ne.<br \/>\nAu\u00dferdem ist das Audit-Programm im DDP aktiv, und der Administrator legt fest, wer an welchem Projekt arbeiten darf.<\/p>\n<\/div>\n\n\n\n<div class=\"img-with-aniamtion-wrap \" data-max-width=\"100%\" data-max-width-mobile=\"default\" data-shadow=\"none\" data-animation=\"none\" >\n      <div class=\"inner\">\n        <div class=\"hover-wrap\"> \n          <div class=\"hover-wrap-inner\">\n            <img loading=\"lazy\" decoding=\"async\" class=\"img-with-animation skip-lazy\" data-delay=\"0\" height=\"462\" width=\"465\" data-animation=\"none\" src=\"https:\/\/ddpsan.com\/wp-content\/smush-webp\/2025\/07\/security-afb-4.jpg.webp\" alt=\"\" srcset=\"https:\/\/ddpsan.com\/wp-content\/smush-webp\/2025\/07\/security-afb-4.jpg.webp 465w, https:\/\/ddpsan.com\/wp-content\/smush-webp\/2025\/07\/security-afb-4-300x298.jpg.webp 300w, https:\/\/ddpsan.com\/wp-content\/smush-webp\/2025\/07\/security-afb-4-150x150.jpg.webp 150w, https:\/\/ddpsan.com\/wp-content\/smush-webp\/2025\/07\/security-afb-4-140x140.jpg.webp 140w, https:\/\/ddpsan.com\/wp-content\/smush-webp\/2025\/07\/security-afb-4-100x100.jpg.webp 100w\" sizes=\"auto, (max-width: 465px) 100vw, 465px\" \/>\n          <\/div>\n        <\/div>\n        \n      <\/div>\n    <\/div>\n\t\t\t<\/div> \n\t\t<\/div>\n\t<\/div> \n\n\t<div  class=\"vc_col-sm-4 wpb_column column_container vc_column_container col padding-1-percent inherit_tablet inherit_phone \"  data-border-radius=\"3px\" data-shadow=\"small_depth\" data-padding-pos=\"all\" data-has-bg-color=\"false\" data-bg-color=\"\" data-bg-opacity=\"1\" data-animation=\"\" data-delay=\"0\" >\n\t\t<div class=\"vc_column-inner\" ><div class=\"column-bg-overlay-wrap column-bg-layer\" data-bg-animation=\"none\"><div class=\"column-bg-overlay\"><\/div><\/div>\n\t\t\t<div class=\"wpb_wrapper\">\n\t\t\t\t\n<div class=\"wpb_text_column wpb_content_element \" >\n\t<p>Zuletzt ist es wichtig, dass Mitarbeitende langfristig besch\u00e4ftigt sind und entsprechende Benefits und Zusatzleistungen erhalten \u2013 nur so l\u00e4sst sich echte Loyalit\u00e4t zum Unternehmen erwarten.<br \/>\nEin paar Anmerkungen zu Virenscannern:<br \/>\nSie k\u00f6nnen die Performance verlangsamen und kommen in der Regel nicht mit Videodateien gr\u00f6\u00dfer als 32 GB zurecht. Au\u00dferdem pr\u00fcfen viele Virenscanner keine Dateien mit bestimmten Postfixen wie .exe, .vbs, .cmd, .iso, .ips1 und anderen.<\/p>\n<p><strong>Was ist also die am wenigsten sichere Situation?<\/strong><\/p>\n<p>Remote-Arbeit. Auch wenn Watermarking, versteckte Tokens und andere Schutzmechanismen eingesetzt werden, lassen sich Mitarbeitende mit ihren eigenen Computern voller Anwendungen nicht vollst\u00e4ndig kontrollieren.<br \/>\nDies gilt selbst dann, wenn Systeme wie Teradici, Citrix oder andere eingesetzt werden, um die Sicherheit zu erh\u00f6hen.<br \/>\nMit der Vielzahl an Anwendungen, deren notwendigen Updates und der stetig wachsenden Zahl an KI-Tools steigt die Wahrscheinlichkeit einer Sicherheitsl\u00fccke.<\/p>\n<p>Gro\u00dfe Unternehmen mit einer eigenen IT- und Sicherheitsabteilung haben m\u00f6glicherweise das Gef\u00fchl, alles gut im Griff zu haben.<br \/>\nKleinere Unternehmen f\u00fchlen sich dagegen h\u00e4ufig \u00fcberfordert \u2013 oder glauben, sie h\u00e4tten mehr Kontrolle, als tats\u00e4chlich vorhanden ist.<br \/>\nDie Sicherheit bei Remote-Zugriff aufrechtzuerhalten ist teuer und erfordert zus\u00e4tzliches Personal.<br \/>\nDies muss gegen m\u00f6gliche Einsparungen abgewogen werden und kann sich sogar nachteilig auswirken, wenn man sich um Projekte hochkar\u00e4tiger Kunden bewirbt.<\/p>\n<\/div>\n\n\n\n\n\t\t\t<\/div> \n\t\t<\/div>\n\t<\/div> \n\n\t<div  class=\"vc_col-sm-4 wpb_column column_container vc_column_container col padding-1-percent inherit_tablet inherit_phone \"  data-border-radius=\"3px\" data-shadow=\"small_depth\" data-padding-pos=\"all\" data-has-bg-color=\"false\" data-bg-color=\"\" data-bg-opacity=\"1\" data-animation=\"\" data-delay=\"0\" >\n\t\t<div class=\"vc_column-inner\" ><div class=\"column-bg-overlay-wrap column-bg-layer\" data-bg-animation=\"none\"><div class=\"column-bg-overlay\"><\/div><\/div>\n\t\t\t<div class=\"wpb_wrapper\">\n\t\t\t\t<div class=\"img-with-aniamtion-wrap \" data-max-width=\"100%\" data-max-width-mobile=\"default\" data-shadow=\"none\" data-animation=\"none\" >\n      <div class=\"inner\">\n        <div class=\"hover-wrap\"> \n          <div class=\"hover-wrap-inner\">\n            <img loading=\"lazy\" decoding=\"async\" class=\"img-with-animation skip-lazy\" data-delay=\"0\" height=\"309\" width=\"860\" data-animation=\"none\" src=\"https:\/\/ddpsan.com\/wp-content\/smush-webp\/2025\/07\/security-afb-3.jpg.webp\" alt=\"\" srcset=\"https:\/\/ddpsan.com\/wp-content\/smush-webp\/2025\/07\/security-afb-3.jpg.webp 860w, https:\/\/ddpsan.com\/wp-content\/smush-webp\/2025\/07\/security-afb-3-300x108.jpg.webp 300w, https:\/\/ddpsan.com\/wp-content\/smush-webp\/2025\/07\/security-afb-3-768x276.jpg.webp 768w\" sizes=\"auto, (max-width: 860px) 100vw, 860px\" \/>\n          <\/div>\n        <\/div>\n        \n      <\/div>\n    <\/div>\n<div class=\"wpb_text_column wpb_content_element \" >\n\t<p><strong>Welche weiteren Sicherheitsverletzungen sind m\u00f6glich?<\/strong><br \/>\nEine M\u00f6glichkeit ist der Diebstahl des DDP. F\u00fcr diesen Fall k\u00f6nnen optional Festplatten mit AES-256-Verschl\u00fcsselung bestellt werden.<br \/>\nWeitere Risiken reichen vom versehentlichen oder absichtlichen L\u00f6schen von Material \u00fcber das Verschieben von Dateien, sodass sie scheinbar verloren wirken, bis hin zum Abspielen einer gesamten Produktion ohne Berechtigung.<br \/>\nDiese Vorg\u00e4nge k\u00f6nnen \u00fcber die Audit-Funktion, die bei jedem DDP standardm\u00e4\u00dfig enthalten ist, \u00fcberwacht werden.<br \/>\nDie Audit-Datei protokolliert pro Arbeitsplatz: Datum und Startzeit der Verbindung, die verwendeten Volume-Namen, den angemeldeten Benutzer, Aktionen an Dateien und Ordnern, den Dateipfad, Start- und Endzeit der Vorg\u00e4nge und Endzeit der Verbindung.<\/p>\n<p>In besonderen F\u00e4llen \u2013 etwa bei Verdacht auf Manipulation \u2013 k\u00f6nnen diese Parameter auch inline, in Echtzeit \u00fcberwacht werden.<br \/>\nDer Standard-Zyklus f\u00fcr Audit-Dateien betr\u00e4gt 4 Tage, doch sie k\u00f6nnen bei Bedarf beliebig lange archiviert werden.<br \/>\nWeitere m\u00f6gliche Ma\u00dfnahmen sind: Einsatz von HTTPS mit einem eigenen Zertifikat, Aktivierung von Zwei-Faktor-Authentifizierung und Regelm\u00e4\u00dfiges \u00c4ndern der Passw\u00f6rter in AD\/LDAP oder im DDP selbst.<\/p>\n<\/div>\n\n\n\n<div class=\"img-with-aniamtion-wrap \" data-max-width=\"100%\" data-max-width-mobile=\"default\" data-shadow=\"none\" data-animation=\"none\" >\n      <div class=\"inner\">\n        <div class=\"hover-wrap\"> \n          <div class=\"hover-wrap-inner\">\n            <img loading=\"lazy\" decoding=\"async\" class=\"img-with-animation skip-lazy\" data-delay=\"0\" height=\"310\" width=\"1021\" data-animation=\"none\" src=\"https:\/\/ddpsan.com\/wp-content\/smush-webp\/2025\/07\/security-afb-1.jpg.webp\" alt=\"\" srcset=\"https:\/\/ddpsan.com\/wp-content\/smush-webp\/2025\/07\/security-afb-1.jpg.webp 1021w, https:\/\/ddpsan.com\/wp-content\/smush-webp\/2025\/07\/security-afb-1-300x91.jpg.webp 300w, https:\/\/ddpsan.com\/wp-content\/smush-webp\/2025\/07\/security-afb-1-768x233.jpg.webp 768w\" sizes=\"auto, (max-width: 1021px) 100vw, 1021px\" \/>\n          <\/div>\n        <\/div>\n        \n      <\/div>\n    <\/div>\n\t\t\t<\/div> \n\t\t<\/div>\n\t<\/div> \n<\/div><\/div>\n\t\t<div id=\"fws_69de5ccee2cdc\"  data-column-margin=\"default\" data-midnight=\"dark\"  class=\"wpb_row vc_row-fluid vc_row\"  style=\"padding-top: 0px; padding-bottom: 0px; \"><div class=\"row-bg-wrap\" data-bg-animation=\"none\" data-bg-animation-delay=\"\" data-bg-overlay=\"false\"><div class=\"inner-wrap row-bg-layer\" ><div class=\"row-bg viewport-desktop\"  style=\"\"><\/div><\/div><\/div><div class=\"row_col_wrap_12 col span_12 dark left\">\n\t<div  class=\"vc_col-sm-12 wpb_column column_container vc_column_container col no-extra-padding inherit_tablet inherit_phone flex_gap_desktop_10px \"  data-padding-pos=\"all\" data-has-bg-color=\"false\" data-bg-color=\"\" data-bg-opacity=\"1\" data-animation=\"\" data-delay=\"0\" >\n\t\t<div class=\"vc_column-inner\" >\n\t\t\t<div class=\"wpb_wrapper\">\n\t\t\t\t\n\t\t\t<\/div> \n\t\t<\/div>\n\t<\/div> \n<\/div><\/div>\n","protected":false},"excerpt":{"rendered":"Security, Auditing und Remote-Arbeit (Audit-Beispiel) Sind DDPs Sicher? Wie Sieht Es Mit Der Sicherheit Aus? Die Motion Picture Association America betreibt das Trusted Partner Network \u2013 das gemeinsam mit TISAX,...","protected":false},"author":2,"featured_media":0,"parent":0,"menu_order":0,"comment_status":"closed","ping_status":"closed","template":"","meta":{"footnotes":""},"class_list":["post-6824","page","type-page","status-publish"],"yoast_head":"<!-- This site is optimized with the Yoast SEO plugin v27.3 - https:\/\/yoast.com\/product\/yoast-seo-wordpress\/ -->\n<title>Sicherheit mit DDP - DDPSAN<\/title>\n<meta name=\"robots\" content=\"index, follow, max-snippet:-1, max-image-preview:large, max-video-preview:-1\" \/>\n<link rel=\"canonical\" href=\"https:\/\/ddpsan.com\/de\/sicherheit-mit-ddp\/\" \/>\n<meta property=\"og:locale\" content=\"de_DE\" \/>\n<meta property=\"og:type\" content=\"article\" \/>\n<meta property=\"og:title\" content=\"Sicherheit mit DDP - DDPSAN\" \/>\n<meta property=\"og:url\" content=\"https:\/\/ddpsan.com\/de\/sicherheit-mit-ddp\/\" \/>\n<meta property=\"og:site_name\" content=\"DDPSAN\" \/>\n<meta name=\"twitter:card\" content=\"summary_large_image\" \/>\n<meta name=\"twitter:label1\" content=\"Gesch\u00e4tzte Lesezeit\" \/>\n\t<meta name=\"twitter:data1\" content=\"4\u00a0Minuten\" \/>\n<script type=\"application\/ld+json\" class=\"yoast-schema-graph\">{\"@context\":\"https:\\\/\\\/schema.org\",\"@graph\":[{\"@type\":\"WebPage\",\"@id\":\"https:\\\/\\\/ddpsan.com\\\/de\\\/sicherheit-mit-ddp\\\/\",\"url\":\"https:\\\/\\\/ddpsan.com\\\/de\\\/sicherheit-mit-ddp\\\/\",\"name\":\"Sicherheit mit DDP - DDPSAN\",\"isPartOf\":{\"@id\":\"https:\\\/\\\/ddpsan.com\\\/de\\\/#website\"},\"datePublished\":\"2026-01-02T16:39:27+00:00\",\"breadcrumb\":{\"@id\":\"https:\\\/\\\/ddpsan.com\\\/de\\\/sicherheit-mit-ddp\\\/#breadcrumb\"},\"inLanguage\":\"de\",\"potentialAction\":[{\"@type\":\"ReadAction\",\"target\":[\"https:\\\/\\\/ddpsan.com\\\/de\\\/sicherheit-mit-ddp\\\/\"]}]},{\"@type\":\"BreadcrumbList\",\"@id\":\"https:\\\/\\\/ddpsan.com\\\/de\\\/sicherheit-mit-ddp\\\/#breadcrumb\",\"itemListElement\":[{\"@type\":\"ListItem\",\"position\":1,\"name\":\"Home\",\"item\":\"https:\\\/\\\/ddpsan.com\\\/de\\\/\"},{\"@type\":\"ListItem\",\"position\":2,\"name\":\"Sicherheit mit DDP\"}]},{\"@type\":\"WebSite\",\"@id\":\"https:\\\/\\\/ddpsan.com\\\/de\\\/#website\",\"url\":\"https:\\\/\\\/ddpsan.com\\\/de\\\/\",\"name\":\"DDPSAN\",\"description\":\"Dynamic Drive Pool by Ardistech\",\"potentialAction\":[{\"@type\":\"SearchAction\",\"target\":{\"@type\":\"EntryPoint\",\"urlTemplate\":\"https:\\\/\\\/ddpsan.com\\\/de\\\/?s={search_term_string}\"},\"query-input\":{\"@type\":\"PropertyValueSpecification\",\"valueRequired\":true,\"valueName\":\"search_term_string\"}}],\"inLanguage\":\"de\"}]}<\/script>\n<!-- \/ Yoast SEO plugin. -->","yoast_head_json":{"title":"Sicherheit mit DDP - DDPSAN","robots":{"index":"index","follow":"follow","max-snippet":"max-snippet:-1","max-image-preview":"max-image-preview:large","max-video-preview":"max-video-preview:-1"},"canonical":"https:\/\/ddpsan.com\/de\/sicherheit-mit-ddp\/","og_locale":"de_DE","og_type":"article","og_title":"Sicherheit mit DDP - DDPSAN","og_url":"https:\/\/ddpsan.com\/de\/sicherheit-mit-ddp\/","og_site_name":"DDPSAN","twitter_card":"summary_large_image","twitter_misc":{"Gesch\u00e4tzte Lesezeit":"4\u00a0Minuten"},"schema":{"@context":"https:\/\/schema.org","@graph":[{"@type":"WebPage","@id":"https:\/\/ddpsan.com\/de\/sicherheit-mit-ddp\/","url":"https:\/\/ddpsan.com\/de\/sicherheit-mit-ddp\/","name":"Sicherheit mit DDP - DDPSAN","isPartOf":{"@id":"https:\/\/ddpsan.com\/de\/#website"},"datePublished":"2026-01-02T16:39:27+00:00","breadcrumb":{"@id":"https:\/\/ddpsan.com\/de\/sicherheit-mit-ddp\/#breadcrumb"},"inLanguage":"de","potentialAction":[{"@type":"ReadAction","target":["https:\/\/ddpsan.com\/de\/sicherheit-mit-ddp\/"]}]},{"@type":"BreadcrumbList","@id":"https:\/\/ddpsan.com\/de\/sicherheit-mit-ddp\/#breadcrumb","itemListElement":[{"@type":"ListItem","position":1,"name":"Home","item":"https:\/\/ddpsan.com\/de\/"},{"@type":"ListItem","position":2,"name":"Sicherheit mit DDP"}]},{"@type":"WebSite","@id":"https:\/\/ddpsan.com\/de\/#website","url":"https:\/\/ddpsan.com\/de\/","name":"DDPSAN","description":"Dynamic Drive Pool by Ardistech","potentialAction":[{"@type":"SearchAction","target":{"@type":"EntryPoint","urlTemplate":"https:\/\/ddpsan.com\/de\/?s={search_term_string}"},"query-input":{"@type":"PropertyValueSpecification","valueRequired":true,"valueName":"search_term_string"}}],"inLanguage":"de"}]}},"_links":{"self":[{"href":"https:\/\/ddpsan.com\/de\/wp-json\/wp\/v2\/pages\/6824","targetHints":{"allow":["GET"]}}],"collection":[{"href":"https:\/\/ddpsan.com\/de\/wp-json\/wp\/v2\/pages"}],"about":[{"href":"https:\/\/ddpsan.com\/de\/wp-json\/wp\/v2\/types\/page"}],"author":[{"embeddable":true,"href":"https:\/\/ddpsan.com\/de\/wp-json\/wp\/v2\/users\/2"}],"replies":[{"embeddable":true,"href":"https:\/\/ddpsan.com\/de\/wp-json\/wp\/v2\/comments?post=6824"}],"version-history":[{"count":12,"href":"https:\/\/ddpsan.com\/de\/wp-json\/wp\/v2\/pages\/6824\/revisions"}],"predecessor-version":[{"id":6836,"href":"https:\/\/ddpsan.com\/de\/wp-json\/wp\/v2\/pages\/6824\/revisions\/6836"}],"wp:attachment":[{"href":"https:\/\/ddpsan.com\/de\/wp-json\/wp\/v2\/media?parent=6824"}],"curies":[{"name":"wp","href":"https:\/\/api.w.org\/{rel}","templated":true}]}}