{"id":6682,"date":"2026-01-03T14:28:18","date_gmt":"2026-01-03T13:28:18","guid":{"rendered":"https:\/\/ddpsan.com\/?page_id=6682"},"modified":"2026-01-03T14:50:29","modified_gmt":"2026-01-03T13:50:29","slug":"5-gruende-um-data-zurueck-zu-holen","status":"publish","type":"page","link":"https:\/\/ddpsan.com\/de\/5-gruende-um-data-zurueck-zu-holen\/","title":{"rendered":"5 Gr\u00fcnde um Data zur\u00fcck zu holen"},"content":{"rendered":"\n\t\t<div id=\"fws_69de5cc087cec\"  data-column-margin=\"default\" data-midnight=\"dark\"  class=\"wpb_row vc_row-fluid vc_row vc_row-o-equal-height vc_row-flex\"  style=\"padding-top: 0px; padding-bottom: 0px; \"><div class=\"row-bg-wrap\" data-bg-animation=\"none\" data-bg-animation-delay=\"\" data-bg-overlay=\"false\"><div class=\"inner-wrap row-bg-layer\" ><div class=\"row-bg viewport-desktop\"  style=\"\"><\/div><\/div><\/div><div class=\"row_col_wrap_12 col span_12 dark left\">\n\t<div  class=\"vc_col-sm-6 wpb_column column_container vc_column_container col no-extra-padding inherit_tablet inherit_phone flex_gap_desktop_10px \"  data-padding-pos=\"all\" data-has-bg-color=\"false\" data-bg-color=\"\" data-bg-opacity=\"1\" data-animation=\"\" data-delay=\"0\" >\n\t\t<div class=\"vc_column-inner\" >\n\t\t\t<div class=\"wpb_wrapper\">\n\t\t\t\t\n<div class=\"wpb_text_column wpb_content_element  cochin-bold\" >\n\t<h2>5 Gr\u00fcnde Warum\u00a0Medienunternehmen<br \/>\nIhre Daten Wieder Zur\u00fcck<br \/>\nIns Eigene Unternehmen Holen<\/h2>\n<\/div>\n\n\n\n\n<div class=\"wpb_text_column wpb_content_element  cochin-regular\" >\n\t<h3>In der heutigen Medienlandschaft, in der jede Produktion enorme Datenmengen erzeugt und langfristige Archivierung entscheidend ist, wandelt sich das Mantra \u201eCloud First\u201c zunehmend zu \u201eCloud Smart\u201c.<\/h3>\n<\/div>\n\n\n\n\n\t\t\t<\/div> \n\t\t<\/div>\n\t<\/div> \n\n\t<div  class=\"vc_col-sm-6 wpb_column column_container vc_column_container col no-extra-padding inherit_tablet inherit_phone flex_gap_desktop_10px \"  data-padding-pos=\"all\" data-has-bg-color=\"false\" data-bg-color=\"\" data-bg-opacity=\"1\" data-animation=\"\" data-delay=\"0\" >\n\t\t<div class=\"vc_column-inner\" >\n\t\t\t<div class=\"wpb_wrapper\">\n\t\t\t\t<div class=\"img-with-aniamtion-wrap \" data-max-width=\"100%\" data-max-width-mobile=\"default\" data-shadow=\"none\" data-animation=\"none\" >\n      <div class=\"inner\">\n        <div class=\"hover-wrap\"> \n          <div class=\"hover-wrap-inner\">\n            <img loading=\"lazy\" decoding=\"async\" class=\"img-with-animation skip-lazy\" data-delay=\"0\" height=\"458\" width=\"900\" data-animation=\"none\" src=\"https:\/\/ddpsan.com\/wp-content\/smush-webp\/2025\/10\/Archiware-Data-Back-Home.png.webp\" alt=\"Archiware Data Back Home.png\" srcset=\"https:\/\/ddpsan.com\/wp-content\/smush-webp\/2025\/10\/Archiware-Data-Back-Home.png.webp 900w, https:\/\/ddpsan.com\/wp-content\/smush-webp\/2025\/10\/Archiware-Data-Back-Home-300x153.png.webp 300w, https:\/\/ddpsan.com\/wp-content\/smush-webp\/2025\/10\/Archiware-Data-Back-Home-768x391.png.webp 768w\" sizes=\"auto, (max-width: 900px) 100vw, 900px\" \/>\n          <\/div>\n        <\/div>\n        \n      <\/div>\n    <\/div>\n<div class=\"wpb_text_column wpb_content_element  cochin-regular\" >\n\t<h3>Auf dieser Seite erl\u00e4utert David Fox, Informatiker bei Archiware, f\u00fcnf \u00fcberzeugende Gr\u00fcnde, warum Medienunternehmen ihre Daten wieder On-Premise betreiben.<\/h3>\n<\/div>\n\n\n\n\n\t\t\t<\/div> \n\t\t<\/div>\n\t<\/div> \n<\/div><\/div>\n\t\t<div id=\"fws_69de5cc089aa5\"  data-column-margin=\"default\" data-midnight=\"dark\"  class=\"wpb_row vc_row-fluid vc_row vc_row-o-equal-height vc_row-flex\"  style=\"padding-top: 0px; padding-bottom: 0px; \"><div class=\"row-bg-wrap\" data-bg-animation=\"none\" data-bg-animation-delay=\"\" data-bg-overlay=\"false\"><div class=\"inner-wrap row-bg-layer\" ><div class=\"row-bg viewport-desktop\"  style=\"\"><\/div><\/div><\/div><div class=\"row_col_wrap_12 col span_12 dark left\">\n\t<div  class=\"vc_col-sm-4 wpb_column column_container vc_column_container col padding-3-percent inherit_tablet inherit_phone \"  data-border-radius=\"3px\" data-shadow=\"small_depth\" data-padding-pos=\"all\" data-has-bg-color=\"false\" data-bg-color=\"\" data-bg-opacity=\"1\" data-animation=\"\" data-delay=\"0\" >\n\t\t<div class=\"vc_column-inner\" ><div class=\"column-bg-overlay-wrap column-bg-layer\" data-bg-animation=\"none\"><div class=\"column-bg-overlay\"><\/div><\/div>\n\t\t\t<div class=\"wpb_wrapper\">\n\t\t\t\t\n<div class=\"wpb_text_column wpb_content_element \" >\n\t<p>Jahrelang klang \u201eab in die Cloud\u201c wie die naheliegende Antwort auf jedes Speicherproblem. Sie versprach Einfachheit, Skalierbarkeit und Freiheit von Hardware-Sorgen. Eine Zeit lang funktionierte das auch.<br \/>\nDoch in der Medien- und Entertainment-Branche, in der jede Produktion scheinbar weitere Hunderte Terabyte erzeugt, hat die Realit\u00e4t das Marketing eingeholt.<br \/>\nDie Kosten sind explodiert, Egress-Geb\u00fchren schrecken ab, und Compliance-Vorgaben sind anspruchsvoller denn je. Das Pendel schwingt zur\u00fcck.<br \/>\nViele Studios und Postproduktionsh\u00e4user entdecken erneut die Vorteile einer eigenen Private Cloud und \u00fcbernehmen wieder die Kontrolle \u00fcber ihre Speicherstrategie.<br \/>\nWerfen wir einen Blick auf f\u00fcnf zentrale Gr\u00fcnde.<\/p>\n<\/div>\n\n\n\n\n\t\t\t<\/div> \n\t\t<\/div>\n\t<\/div> \n\n\t<div  class=\"vc_col-sm-4 wpb_column column_container vc_column_container col padding-3-percent inherit_tablet inherit_phone \"  data-border-radius=\"3px\" data-shadow=\"small_depth\" data-padding-pos=\"all\" data-has-bg-color=\"false\" data-bg-color=\"\" data-bg-opacity=\"1\" data-animation=\"\" data-delay=\"0\" >\n\t\t<div class=\"vc_column-inner\" ><div class=\"column-bg-overlay-wrap column-bg-layer\" data-bg-animation=\"none\"><div class=\"column-bg-overlay\"><\/div><\/div>\n\t\t\t<div class=\"wpb_wrapper\">\n\t\t\t\t\n<div class=\"wpb_text_column wpb_content_element \" >\n\t<p><strong>1. Cloud Smart statt Cloud First<\/strong><br \/>\nPublic-Cloud-Speicher eignet sich hervorragend f\u00fcr Kollaboration, Remote-Workflows und kurzfristige Projekte. Cutter auf verschiedenen Kontinenten teilen Timelines in Sekunden, Produzenten sichten Clips auf dem iPad.<br \/>\nDoch sobald ein Projekt abgeschlossen ist und die Daten \u00fcber Jahre hinweg aufbewahrt werden m\u00fcssen, verliert die Cloud deutlich an Attraktivit\u00e4t.<br \/>\nDie Kosten f\u00fcr dauerhaft online gehaltene Terabytes sowie die Egress-Geb\u00fchren beim Wiederherstellen von Material summieren sich schnell.<br \/>\nDeshalb lautet der neue Ansatz nicht mehr \u201eCloud First\u201c, sondern \u201eCloud Smart\u201c: Die Cloud dort einsetzen, wo sie ihre St\u00e4rken hat \u2013 und langfristige Assets wieder in eine private Infrastruktur zur\u00fcckholen, wo Kosten und Kontrolle planbar sind.<\/p>\n<\/div>\n\n\n\n\n\t\t\t<\/div> \n\t\t<\/div>\n\t<\/div> \n\n\t<div  class=\"vc_col-sm-4 wpb_column column_container vc_column_container col padding-3-percent inherit_tablet inherit_phone \"  data-border-radius=\"3px\" data-shadow=\"small_depth\" data-padding-pos=\"all\" data-has-bg-color=\"false\" data-bg-color=\"\" data-bg-opacity=\"1\" data-animation=\"\" data-delay=\"0\" >\n\t\t<div class=\"vc_column-inner\" ><div class=\"column-bg-overlay-wrap column-bg-layer\" data-bg-animation=\"none\"><div class=\"column-bg-overlay\"><\/div><\/div>\n\t\t\t<div class=\"wpb_wrapper\">\n\t\t\t\t\n<div class=\"wpb_text_column wpb_content_element \" >\n\t<p><strong>2. Planbare Kosten schlagen \u00fcberraschende Rechnungen<\/strong><br \/>\nJeder, der schon einmal eine detaillierte Cloud-Rechnung gesehen hat, kennt dieses Gef\u00fchl:<br \/>\n\u201eWie kann es so viel kosten, unser eigenes Material herunterzuladen?\u201c<br \/>\nCloud-OPEX beginnt klein, doch mit wachsenden Archiven h\u00f6ren die monatlichen Kosten nie auf.<br \/>\nPrivate Infrastruktur dreht dieses Modell um: Nach der Investition in eigene Storage-Tiers bleiben die Kosten pro Terabyte \u00fcber Jahre stabil. F\u00fcnfjahresbudgets lassen sich planen \u2013 ohne Daumen dr\u00fccken.<br \/>\nGerade f\u00fcr Media-&amp;-Entertainment-Unternehmen, deren Projektdaten praktisch nie verschwinden, ist das entscheidend.<br \/>\n4K-, 8K- und Multikamera-Workflows f\u00fchren schnell zu Petabytes. Langfristig ist es deutlich g\u00fcnstiger, Speicher zu besitzen, als ihn dauerhaft zu mieten<\/p>\n<\/div>\n\n\n\n\n\t\t\t<\/div> \n\t\t<\/div>\n\t<\/div> \n<\/div><\/div>\n\t\t<div id=\"fws_69de5cc08aac7\"  data-column-margin=\"default\" data-midnight=\"dark\"  class=\"wpb_row vc_row-fluid vc_row vc_row-o-equal-height vc_row-flex\"  style=\"padding-top: 0px; padding-bottom: 0px; \"><div class=\"row-bg-wrap\" data-bg-animation=\"none\" data-bg-animation-delay=\"\" data-bg-overlay=\"false\"><div class=\"inner-wrap row-bg-layer\" ><div class=\"row-bg viewport-desktop\"  style=\"\"><\/div><\/div><\/div><div class=\"row_col_wrap_12 col span_12 dark left\">\n\t<div  class=\"vc_col-sm-4 wpb_column column_container vc_column_container col padding-3-percent inherit_tablet inherit_phone \"  data-border-radius=\"3px\" data-shadow=\"small_depth\" data-padding-pos=\"all\" data-has-bg-color=\"false\" data-bg-color=\"\" data-bg-opacity=\"1\" data-animation=\"\" data-delay=\"0\" >\n\t\t<div class=\"vc_column-inner\" ><div class=\"column-bg-overlay-wrap column-bg-layer\" data-bg-animation=\"none\"><div class=\"column-bg-overlay\"><\/div><\/div>\n\t\t\t<div class=\"wpb_wrapper\">\n\t\t\t\t\n<div class=\"wpb_text_column wpb_content_element \" >\n\t<p><strong>3. Elastizit\u00e4t ist kein Alleinstellungsmerkmal der Cloud<\/strong><br \/>\nCloud-Anbieter werben mit \u201eunendlicher Elastizit\u00e4t\u201c \u2013 man zahlt einfach f\u00fcr das, was man nutzt.<br \/>\nDoch auch das Hinzuf\u00fcgen einer weiteren 18- oder 30-TB-LTO-Kassette zu einer Tape-Library skaliert die Kapazit\u00e4t \u2013 mit einem entscheidenden Unterschied: Die Kassette geh\u00f6rt Ihnen.<br \/>\nEine gut geplante LTO-Bibliothek l\u00e4sst sich nahezu unbegrenzt erweitern, bei minimalen Betriebskosten.<br \/>\nIm Prinzip ist das ebenfalls unendliche Kapazit\u00e4t \u2013 nur in ordentlich beschrifteten Kassetten statt in unsichtbaren Rechenzentren. Zudem behalten Sie die volle Kontrolle dar\u00fcber, wo sich Ihre Daten physisch befinden.<br \/>\nGerade f\u00fcr Medienarchive ist diese Art von Elastizit\u00e4t ideal: bedarfsgerechtes Wachstum, physische Sicherheit und jederzeitiger Zugriff.<br \/>\nMit moderner Automatisierung und Software ist dies genauso flexibel wie die Cloud \u2013 nur deutlich wirtschaftlicher.<\/p>\n<\/div>\n\n\n\n<div class=\"img-with-aniamtion-wrap \" data-max-width=\"100%\" data-max-width-mobile=\"default\" data-shadow=\"none\" data-animation=\"none\" >\n      <div class=\"inner\">\n        <div class=\"hover-wrap\"> \n          <div class=\"hover-wrap-inner\">\n            <a href=\"http:\/\/www.archiware.com\" target=\"_self\" class=\"\">\n              <img loading=\"lazy\" decoding=\"async\" class=\"img-with-animation skip-lazy\" data-delay=\"0\" height=\"336\" width=\"768\" data-animation=\"none\" src=\"https:\/\/ddpsan.com\/wp-content\/smush-webp\/2025\/10\/archiware_txt.png.webp\" alt=\"Archiware&#039;s motto\" srcset=\"https:\/\/ddpsan.com\/wp-content\/smush-webp\/2025\/10\/archiware_txt.png.webp 768w, https:\/\/ddpsan.com\/wp-content\/smush-webp\/2025\/10\/archiware_txt-300x131.png.webp 300w\" sizes=\"auto, (max-width: 768px) 100vw, 768px\" \/>\n            <\/a>\n          <\/div>\n        <\/div>\n        \n      <\/div>\n      <\/div>\n\t\t\t<\/div> \n\t\t<\/div>\n\t<\/div> \n\n\t<div  class=\"vc_col-sm-4 wpb_column column_container vc_column_container col padding-3-percent inherit_tablet inherit_phone \"  data-border-radius=\"3px\" data-shadow=\"small_depth\" data-padding-pos=\"all\" data-has-bg-color=\"false\" data-bg-color=\"\" data-bg-opacity=\"1\" data-animation=\"\" data-delay=\"0\" >\n\t\t<div class=\"vc_column-inner\" ><div class=\"column-bg-overlay-wrap column-bg-layer\" data-bg-animation=\"none\"><div class=\"column-bg-overlay\"><\/div><\/div>\n\t\t\t<div class=\"wpb_wrapper\">\n\t\t\t\t\n<div class=\"wpb_text_column wpb_content_element \" >\n\t<p><strong>4. LTO + S3: Die Zukunft des Archivs<\/strong><br \/>\nF\u00fcr echte Langzeitarchivierung gibt es letztlich nur eine bew\u00e4hrte L\u00f6sung: LTO.<br \/>\nEs ist nach wie vor das einzige kosteneffiziente und erprobte Medium f\u00fcr langfristige Archivierung. Disk und Cloud haben ihre Berechtigung, doch keine L\u00f6sung erreicht Tape in puncto Haltbarkeit, Kapazit\u00e4t und Kosten pro Terabyte \u00fcber Jahrzehnte.<br \/>\nSpannend wird es bei der Kombination:<br \/>\nDie Zukunft des Archivs ist kein Entweder-oder zwischen Tape und S3 \u2013 sondern beides.<br \/>\nMit Archiware P5 S3 Object Archive kann eine LTO-Library als S3-Bucket pr\u00e4sentiert werden.<br \/>\nIhre B\u00e4nder werden damit Teil einer privaten Cloud und sind \u00fcber dasselbe S3-Protokoll zug\u00e4nglich wie bei Amazon &amp; Co. Jede S3-f\u00e4hige Anwendung \u2013 inklusive MAM-Systemen \u2013 kann darauf schreiben.<br \/>\nSo entsteht ein On-Premise Object Store mit Cloud-kompatibler API und Workflows.<br \/>\nDas Beste aus zwei Welten: Cloud-Komfort trifft Tape-\u00d6konomie.<br \/>\nAuf absehbare Zeit bleibt S3 die Schnittstelle und LTO das Medium.<br \/>\nDer Unterschied liegt nur darin, wer das LTO betreibt:<br \/>\nEin Cloud-Anbieter \u2013 oder Sie selbst, oft zu einem Bruchteil der Kosten und mit voller Kontrolle.<\/p>\n<\/div>\n\n\n\n\n\t\t\t<\/div> \n\t\t<\/div>\n\t<\/div> \n\n\t<div  class=\"vc_col-sm-4 wpb_column column_container vc_column_container col padding-3-percent inherit_tablet inherit_phone \"  data-border-radius=\"3px\" data-shadow=\"small_depth\" data-padding-pos=\"all\" data-has-bg-color=\"false\" data-bg-color=\"\" data-bg-opacity=\"1\" data-animation=\"\" data-delay=\"0\" >\n\t\t<div class=\"vc_column-inner\" ><div class=\"column-bg-overlay-wrap column-bg-layer\" data-bg-animation=\"none\"><div class=\"column-bg-overlay\"><\/div><\/div>\n\t\t\t<div class=\"wpb_wrapper\">\n\t\t\t\t\n<div class=\"wpb_text_column wpb_content_element \" >\n\t<p><strong>5. Hybride Workflows als ausgewogene Strategie<\/strong><br \/>\nNiemand verabschiedet sich vollst\u00e4ndig von der Cloud. Sie bleibt hervorragend f\u00fcr Kollaboration, Compute- und KI-Workloads.<br \/>\nDoch modernes Medienmanagement ist heute hybrid: Daten flie\u00dfen nahtlos zwischen Cloud- und On-Premise-Ebenen.<\/p>\n<p>Ein typisches Setup k\u00f6nnte so aussehen:<\/p>\n<p><span style=\"color: #ff9900;\">*<\/span> Hochperformanter lokaler Speicher f\u00fcr laufende Produktionen<br \/>\n<span style=\"color: #ff9900;\">*<\/span> Cloud-Speicher f\u00fcr weltweite Reviews und tempor\u00e4re Zusammenarbeit<br \/>\n<span style=\"color: #ff9900;\">*<\/span> Abgeschlossene Projekte im privaten LTO-basierten Archiv<\/p>\n<p>MAM-Systeme sind f\u00fcr dieses Modell ideal. Die meisten k\u00f6nnen jedes S3-Ziel ansprechen \u2013 egal ob bei Amazon, Wasabi oder im eigenen Rack.<\/p>\n<p>F\u00fcr das MAM ist es einfach S3.<\/p>\n<p>F\u00fcr Sie ist es der Unterschied zwischen dauerhaftem Mieten und echtem Besitz.<\/p>\n<p>Weitere Informationen finden Sie auf der <a href=\"https:\/\/archiware.com\" target=\"_blank\" rel=\"noopener\">Archiware-Website<\/a>.<\/p>\n<\/div>\n\n\n\n\n\t\t\t<\/div> \n\t\t<\/div>\n\t<\/div> \n<\/div><\/div>\n\t\t<div id=\"fws_69de5cc08c142\"  data-column-margin=\"default\" data-midnight=\"dark\"  class=\"wpb_row vc_row-fluid vc_row vc_row-o-equal-height vc_row-flex\"  style=\"padding-top: 0px; padding-bottom: 0px; \"><div class=\"row-bg-wrap\" data-bg-animation=\"none\" data-bg-animation-delay=\"\" data-bg-overlay=\"false\"><div class=\"inner-wrap row-bg-layer\" ><div class=\"row-bg viewport-desktop\"  style=\"\"><\/div><\/div><\/div><div class=\"row_col_wrap_12 col span_12 dark left\">\n\t<div  class=\"vc_col-sm-6 wpb_column column_container vc_column_container col padding-1-percent inherit_tablet inherit_phone \"  data-border-radius=\"3px\" data-shadow=\"small_depth\" data-padding-pos=\"all\" data-has-bg-color=\"false\" data-bg-color=\"\" data-bg-opacity=\"1\" data-animation=\"\" data-delay=\"0\" >\n\t\t<div class=\"vc_column-inner\" ><div class=\"column-bg-overlay-wrap column-bg-layer\" data-bg-animation=\"none\"><div class=\"column-bg-overlay\"><\/div><\/div>\n\t\t\t<div class=\"wpb_wrapper\">\n\t\t\t\t\n<div class=\"wpb_text_column wpb_content_element \" >\n\t<p><strong>Eine bodenst\u00e4ndigere Cloud<\/strong><br \/>\nOn-Premise-Storage ist l\u00e4ngst nicht mehr altmodisch. Moderne Private-Cloud-Infrastrukturen verhalten sich wie ihre \u00f6ffentlichen Pendants:<br \/>\nS3-kompatibler Object Storage, moderne Datenmanagement-Tools \u2013 der einzige echte Unterschied ist die Rechnung.<br \/>\nViele Medienunternehmen erkennen, dass die kl\u00fcgste Cloud-Strategie darin besteht, einen Teil der Cloud wieder nach Hause zu holen.<br \/>\nDas ist umweltfreundlicher, g\u00fcnstiger, schneller beim Restore und deutlich einfacher zu auditieren.<br \/>\nWer S3-Komfort mit Tape-\u00d6konomie kombinieren m\u00f6chte, findet in einer als S3 pr\u00e4sentierten LTO-Library eine elegante L\u00f6sung \u2013 ganz ohne Konnektivit\u00e4tsprobleme.<\/p>\n<\/div>\n\n\n\n\n\t\t\t<\/div> \n\t\t<\/div>\n\t<\/div> \n\n\t<div  class=\"vc_col-sm-6 wpb_column column_container vc_column_container col no-extra-padding inherit_tablet inherit_phone flex_gap_desktop_10px \"  data-padding-pos=\"all\" data-has-bg-color=\"false\" data-bg-color=\"\" data-bg-opacity=\"1\" data-animation=\"\" data-delay=\"0\" >\n\t\t<div class=\"vc_column-inner\" >\n\t\t\t<div class=\"wpb_wrapper\">\n\t\t\t\t<div class=\"img-with-aniamtion-wrap \" data-max-width=\"100%\" data-max-width-mobile=\"default\" data-shadow=\"none\" data-animation=\"none\" >\n      <div class=\"inner\">\n        <div class=\"hover-wrap\"> \n          <div class=\"hover-wrap-inner\">\n            <img loading=\"lazy\" decoding=\"async\" class=\"img-with-animation skip-lazy\" data-delay=\"0\" height=\"1142\" width=\"1756\" data-animation=\"none\" src=\"https:\/\/ddpsan.com\/wp-content\/smush-webp\/2025\/10\/PhotoArchiwareNewYork.jpg.webp\" alt=\"PhotoArchiwareNewYork\" srcset=\"https:\/\/ddpsan.com\/wp-content\/smush-webp\/2025\/10\/PhotoArchiwareNewYork.jpg.webp 1756w, https:\/\/ddpsan.com\/wp-content\/smush-webp\/2025\/10\/PhotoArchiwareNewYork-300x195.jpg.webp 300w, https:\/\/ddpsan.com\/wp-content\/smush-webp\/2025\/10\/PhotoArchiwareNewYork-1024x666.jpg.webp 1024w, https:\/\/ddpsan.com\/wp-content\/smush-webp\/2025\/10\/PhotoArchiwareNewYork-768x499.jpg.webp 768w\" sizes=\"auto, (max-width: 1756px) 100vw, 1756px\" \/>\n          <\/div>\n        <\/div>\n        \n      <\/div>\n    <\/div>\n\t\t\t<\/div> \n\t\t<\/div>\n\t<\/div> \n<\/div><\/div>\n\t\t<div id=\"fws_69de5cc08d285\"  data-column-margin=\"default\" data-midnight=\"dark\"  class=\"wpb_row vc_row-fluid vc_row\"  style=\"padding-top: 0px; padding-bottom: 0px; \"><div class=\"row-bg-wrap\" data-bg-animation=\"none\" data-bg-animation-delay=\"\" data-bg-overlay=\"false\"><div class=\"inner-wrap row-bg-layer\" ><div class=\"row-bg viewport-desktop\"  style=\"\"><\/div><\/div><\/div><div class=\"row_col_wrap_12 col span_12 dark left\">\n\t<div  class=\"vc_col-sm-12 wpb_column column_container vc_column_container col padding-3-percent inherit_tablet inherit_phone \"  data-border-radius=\"3px\" data-shadow=\"small_depth\" data-padding-pos=\"all\" data-has-bg-color=\"false\" data-bg-color=\"\" data-bg-opacity=\"1\" data-animation=\"\" data-delay=\"0\" >\n\t\t<div class=\"vc_column-inner\" ><div class=\"column-bg-overlay-wrap column-bg-layer\" data-bg-animation=\"none\"><div class=\"column-bg-overlay\"><\/div><\/div>\n\t\t\t<div class=\"wpb_wrapper\">\n\t\t\t\t\n<div class=\"wpb_text_column wpb_content_element \" >\n\t<p><strong>Fazit: Die Zukunft besitzen<\/strong><br \/>\nDatenr\u00fcckf\u00fchrung bedeutet nicht, die Cloud abzulehnen.<br \/>\nEs bedeutet, f\u00fcr Daten je nach Workflow, Wert und Lebensdauer den richtigen Ort zu w\u00e4hlen.<br \/>\nF\u00fcr Medienunternehmen ist Langzeitarchivierung etwas grundlegend anderes als t\u00e4gliche Produktion.<br \/>\nSie erfordert Best\u00e4ndigkeit, Planbarkeit und Schutz \u2013 vor Cyberrisiken, unerwarteten Kosten und unerw\u00fcnschter Abh\u00e4ngigkeit.<br \/>\nLTO ist nach wie vor das einzige Medium, das all diese Anforderungen erf\u00fcllt.<br \/>\nIn Kombination mit dem S3-Protokoll entsteht die ideale Hybridl\u00f6sung: Cloud-native Zugriffe mit Private-Cloud-\u00d6konomie.<br \/>\nLTO-Hardware und Archiware-P5-Software bilden eine L\u00f6sung, die einmal gekauft und dauerhaft besessen wird.<br \/>\nKeine monatlichen Geb\u00fchren. Keine Geiselhaft durch Cloud-Rechnungen.<\/p>\n<p>Die Entscheidung ist einfach:<br \/>\nSie k\u00f6nnen weiterhin jemand anderen daf\u00fcr bezahlen, Ihr LTO zu betreiben \u2013 oder Sie betreiben Ihre eigene Private Cloud und lassen sie sich \u00fcber Jahre hinweg auszahlen.<\/p>\n<\/div>\n\n\n\n\n\t\t\t<\/div> \n\t\t<\/div>\n\t<\/div> \n<\/div><\/div>\n","protected":false},"excerpt":{"rendered":"5 Gr\u00fcnde Warum\u00a0Medienunternehmen Ihre Daten Wieder Zur\u00fcck Ins Eigene Unternehmen Holen In der heutigen Medienlandschaft, in der jede Produktion enorme Datenmengen erzeugt und langfristige Archivierung entscheidend ist, wandelt sich das...","protected":false},"author":2,"featured_media":0,"parent":0,"menu_order":0,"comment_status":"closed","ping_status":"closed","template":"","meta":{"footnotes":""},"class_list":["post-6682","page","type-page","status-publish"],"yoast_head":"<!-- This site is optimized with the Yoast SEO plugin v27.3 - https:\/\/yoast.com\/product\/yoast-seo-wordpress\/ -->\n<title>5 Gr\u00fcnde um Data zur\u00fcck zu holen - DDPSAN<\/title>\n<meta name=\"robots\" content=\"index, follow, max-snippet:-1, max-image-preview:large, max-video-preview:-1\" \/>\n<link rel=\"canonical\" href=\"https:\/\/ddpsan.com\/de\/5-gruende-um-data-zurueck-zu-holen\/\" \/>\n<meta property=\"og:locale\" content=\"de_DE\" \/>\n<meta property=\"og:type\" content=\"article\" \/>\n<meta property=\"og:title\" content=\"5 Gr\u00fcnde um Data zur\u00fcck zu holen - DDPSAN\" \/>\n<meta property=\"og:url\" content=\"https:\/\/ddpsan.com\/de\/5-gruende-um-data-zurueck-zu-holen\/\" \/>\n<meta property=\"og:site_name\" content=\"DDPSAN\" \/>\n<meta property=\"article:modified_time\" content=\"2026-01-03T13:50:29+00:00\" \/>\n<meta name=\"twitter:card\" content=\"summary_large_image\" \/>\n<meta name=\"twitter:label1\" content=\"Gesch\u00e4tzte Lesezeit\" \/>\n\t<meta name=\"twitter:data1\" content=\"5\u00a0Minuten\" \/>\n<script type=\"application\/ld+json\" class=\"yoast-schema-graph\">{\"@context\":\"https:\\\/\\\/schema.org\",\"@graph\":[{\"@type\":\"WebPage\",\"@id\":\"https:\\\/\\\/ddpsan.com\\\/de\\\/5-gruende-um-data-zurueck-zu-holen\\\/\",\"url\":\"https:\\\/\\\/ddpsan.com\\\/de\\\/5-gruende-um-data-zurueck-zu-holen\\\/\",\"name\":\"5 Gr\u00fcnde um Data zur\u00fcck zu holen - DDPSAN\",\"isPartOf\":{\"@id\":\"https:\\\/\\\/ddpsan.com\\\/de\\\/#website\"},\"datePublished\":\"2026-01-03T13:28:18+00:00\",\"dateModified\":\"2026-01-03T13:50:29+00:00\",\"breadcrumb\":{\"@id\":\"https:\\\/\\\/ddpsan.com\\\/de\\\/5-gruende-um-data-zurueck-zu-holen\\\/#breadcrumb\"},\"inLanguage\":\"de\",\"potentialAction\":[{\"@type\":\"ReadAction\",\"target\":[\"https:\\\/\\\/ddpsan.com\\\/de\\\/5-gruende-um-data-zurueck-zu-holen\\\/\"]}]},{\"@type\":\"BreadcrumbList\",\"@id\":\"https:\\\/\\\/ddpsan.com\\\/de\\\/5-gruende-um-data-zurueck-zu-holen\\\/#breadcrumb\",\"itemListElement\":[{\"@type\":\"ListItem\",\"position\":1,\"name\":\"Home\",\"item\":\"https:\\\/\\\/ddpsan.com\\\/de\\\/\"},{\"@type\":\"ListItem\",\"position\":2,\"name\":\"5 Gr\u00fcnde um Data zur\u00fcck zu holen\"}]},{\"@type\":\"WebSite\",\"@id\":\"https:\\\/\\\/ddpsan.com\\\/de\\\/#website\",\"url\":\"https:\\\/\\\/ddpsan.com\\\/de\\\/\",\"name\":\"DDPSAN\",\"description\":\"Dynamic Drive Pool by Ardistech\",\"potentialAction\":[{\"@type\":\"SearchAction\",\"target\":{\"@type\":\"EntryPoint\",\"urlTemplate\":\"https:\\\/\\\/ddpsan.com\\\/de\\\/?s={search_term_string}\"},\"query-input\":{\"@type\":\"PropertyValueSpecification\",\"valueRequired\":true,\"valueName\":\"search_term_string\"}}],\"inLanguage\":\"de\"}]}<\/script>\n<!-- \/ Yoast SEO plugin. -->","yoast_head_json":{"title":"5 Gr\u00fcnde um Data zur\u00fcck zu holen - DDPSAN","robots":{"index":"index","follow":"follow","max-snippet":"max-snippet:-1","max-image-preview":"max-image-preview:large","max-video-preview":"max-video-preview:-1"},"canonical":"https:\/\/ddpsan.com\/de\/5-gruende-um-data-zurueck-zu-holen\/","og_locale":"de_DE","og_type":"article","og_title":"5 Gr\u00fcnde um Data zur\u00fcck zu holen - DDPSAN","og_url":"https:\/\/ddpsan.com\/de\/5-gruende-um-data-zurueck-zu-holen\/","og_site_name":"DDPSAN","article_modified_time":"2026-01-03T13:50:29+00:00","twitter_card":"summary_large_image","twitter_misc":{"Gesch\u00e4tzte Lesezeit":"5\u00a0Minuten"},"schema":{"@context":"https:\/\/schema.org","@graph":[{"@type":"WebPage","@id":"https:\/\/ddpsan.com\/de\/5-gruende-um-data-zurueck-zu-holen\/","url":"https:\/\/ddpsan.com\/de\/5-gruende-um-data-zurueck-zu-holen\/","name":"5 Gr\u00fcnde um Data zur\u00fcck zu holen - DDPSAN","isPartOf":{"@id":"https:\/\/ddpsan.com\/de\/#website"},"datePublished":"2026-01-03T13:28:18+00:00","dateModified":"2026-01-03T13:50:29+00:00","breadcrumb":{"@id":"https:\/\/ddpsan.com\/de\/5-gruende-um-data-zurueck-zu-holen\/#breadcrumb"},"inLanguage":"de","potentialAction":[{"@type":"ReadAction","target":["https:\/\/ddpsan.com\/de\/5-gruende-um-data-zurueck-zu-holen\/"]}]},{"@type":"BreadcrumbList","@id":"https:\/\/ddpsan.com\/de\/5-gruende-um-data-zurueck-zu-holen\/#breadcrumb","itemListElement":[{"@type":"ListItem","position":1,"name":"Home","item":"https:\/\/ddpsan.com\/de\/"},{"@type":"ListItem","position":2,"name":"5 Gr\u00fcnde um Data zur\u00fcck zu holen"}]},{"@type":"WebSite","@id":"https:\/\/ddpsan.com\/de\/#website","url":"https:\/\/ddpsan.com\/de\/","name":"DDPSAN","description":"Dynamic Drive Pool by Ardistech","potentialAction":[{"@type":"SearchAction","target":{"@type":"EntryPoint","urlTemplate":"https:\/\/ddpsan.com\/de\/?s={search_term_string}"},"query-input":{"@type":"PropertyValueSpecification","valueRequired":true,"valueName":"search_term_string"}}],"inLanguage":"de"}]}},"_links":{"self":[{"href":"https:\/\/ddpsan.com\/de\/wp-json\/wp\/v2\/pages\/6682","targetHints":{"allow":["GET"]}}],"collection":[{"href":"https:\/\/ddpsan.com\/de\/wp-json\/wp\/v2\/pages"}],"about":[{"href":"https:\/\/ddpsan.com\/de\/wp-json\/wp\/v2\/types\/page"}],"author":[{"embeddable":true,"href":"https:\/\/ddpsan.com\/de\/wp-json\/wp\/v2\/users\/2"}],"replies":[{"embeddable":true,"href":"https:\/\/ddpsan.com\/de\/wp-json\/wp\/v2\/comments?post=6682"}],"version-history":[{"count":30,"href":"https:\/\/ddpsan.com\/de\/wp-json\/wp\/v2\/pages\/6682\/revisions"}],"predecessor-version":[{"id":6877,"href":"https:\/\/ddpsan.com\/de\/wp-json\/wp\/v2\/pages\/6682\/revisions\/6877"}],"wp:attachment":[{"href":"https:\/\/ddpsan.com\/de\/wp-json\/wp\/v2\/media?parent=6682"}],"curies":[{"name":"wp","href":"https:\/\/api.w.org\/{rel}","templated":true}]}}