{"id":5476,"date":"2025-04-16T16:04:28","date_gmt":"2025-04-16T14:04:28","guid":{"rendered":"https:\/\/ddpsan.com\/?page_id=5476"},"modified":"2026-01-02T14:50:26","modified_gmt":"2026-01-02T13:50:26","slug":"multikanal-ingest-mit-multikanal-ddp","status":"publish","type":"page","link":"https:\/\/ddpsan.com\/de\/multikanal-ingest-mit-multikanal-ddp\/","title":{"rendered":"Multikanal-Ingest mit Multikanal-DDP"},"content":{"rendered":"\n\t\t<div id=\"fws_69de5c8c943e5\"  data-column-margin=\"default\" data-midnight=\"dark\"  class=\"wpb_row vc_row-fluid vc_row full-width-content vc_row-o-equal-height vc_row-flex vc_row-o-content-top\"  style=\"padding-top: 0px; padding-bottom: 0px; \"><div class=\"row-bg-wrap\" data-bg-animation=\"none\" data-bg-animation-delay=\"\" data-bg-overlay=\"false\"><div class=\"inner-wrap row-bg-layer\" ><div class=\"row-bg viewport-desktop\"  style=\"\"><\/div><\/div><\/div><div class=\"row_col_wrap_12 col span_12 dark left\">\n\t<div  class=\"vc_col-sm-12 wpb_column column_container vc_column_container col no-extra-padding inherit_tablet inherit_phone flex_gap_desktop_10px \"  data-padding-pos=\"all\" data-has-bg-color=\"false\" data-bg-color=\"\" data-bg-opacity=\"1\" data-animation=\"\" data-delay=\"0\" >\n\t\t<div class=\"vc_column-inner\" >\n\t\t\t<div class=\"wpb_wrapper\">\n\t\t\t\t<div class=\"img-with-aniamtion-wrap \" data-max-width=\"100%\" data-max-width-mobile=\"default\" data-shadow=\"none\" data-animation=\"none\" >\n      <div class=\"inner\">\n        <div class=\"hover-wrap\"> \n          <div class=\"hover-wrap-inner\">\n            <img loading=\"lazy\" decoding=\"async\" class=\"img-with-animation skip-lazy\" data-delay=\"0\" height=\"745\" width=\"2560\" data-animation=\"none\" src=\"https:\/\/ddpsan.com\/wp-content\/smush-webp\/2025\/04\/Symphonic-2-1-scaled.jpg.webp\" alt=\"SymphonicOrchestra with DDP\" srcset=\"https:\/\/ddpsan.com\/wp-content\/smush-webp\/2025\/04\/Symphonic-2-1-scaled.jpg.webp 2560w, https:\/\/ddpsan.com\/wp-content\/smush-webp\/2025\/04\/Symphonic-2-1-300x87.jpg.webp 300w, https:\/\/ddpsan.com\/wp-content\/smush-webp\/2025\/04\/Symphonic-2-1-1024x298.jpg.webp 1024w, https:\/\/ddpsan.com\/wp-content\/smush-webp\/2025\/04\/Symphonic-2-1-768x224.jpg.webp 768w\" sizes=\"auto, (max-width: 2560px) 100vw, 2560px\" \/>\n          <\/div>\n        <\/div>\n        \n      <\/div>\n    <\/div>\n\t\t\t<\/div> \n\t\t<\/div>\n\t<\/div> \n<\/div><\/div>\n\t\t<div id=\"fws_69de5c8c96d85\"  data-column-margin=\"default\" data-midnight=\"dark\"  class=\"wpb_row vc_row-fluid vc_row\"  style=\"padding-top: 0px; padding-bottom: 0px; \"><div class=\"row-bg-wrap\" data-bg-animation=\"none\" data-bg-animation-delay=\"\" data-bg-overlay=\"false\"><div class=\"inner-wrap row-bg-layer\" ><div class=\"row-bg viewport-desktop\"  style=\"\"><\/div><\/div><\/div><div class=\"row_col_wrap_12 col span_12 dark left\">\n\t<div  class=\"vc_col-sm-1 wpb_column column_container vc_column_container col no-extra-padding inherit_tablet inherit_phone flex_gap_desktop_10px \"  data-padding-pos=\"all\" data-has-bg-color=\"false\" data-bg-color=\"\" data-bg-opacity=\"1\" data-animation=\"\" data-delay=\"0\" >\n\t\t<div class=\"vc_column-inner\" >\n\t\t\t<div class=\"wpb_wrapper\">\n\t\t\t\t\n\t\t\t<\/div> \n\t\t<\/div>\n\t<\/div> \n\n\t<div  class=\"vc_col-sm-10 wpb_column column_container vc_column_container col no-extra-padding inherit_tablet inherit_phone flex_gap_desktop_10px \"  data-padding-pos=\"all\" data-has-bg-color=\"false\" data-bg-color=\"\" data-bg-opacity=\"1\" data-animation=\"\" data-delay=\"0\" >\n\t\t<div class=\"vc_column-inner\" >\n\t\t\t<div class=\"wpb_wrapper\">\n\t\t\t\t\n<div class=\"wpb_text_column wpb_content_element \" >\n\t<\/div>\n\n\n\n\n<div class=\"wpb_text_column wpb_content_element  cochin-bold\" >\n\t<h2>Multikanal-Ingest Mit Einem Multikanal-DDP<\/h2>\n<\/div>\n\n\n\n\n<div class=\"wpb_text_column wpb_content_element  cochin-regular\" >\n\t<h3>Seit der Pandemie haben immer mehr Symphonieorchester damit begonnen, ihre Konzerte zu \u00fcbertragen. Im Rahmen eines aktuellen Projekts installierte das Orchester acht ferngesteuerte Kameras, um hochwertige Nahaufnahmen einzelner Stimmgruppen und Solisten sowie des gesamten Orchesters zu \u00fcbertragen. Jede Kamera nutzt AVC Ultra (100MB\/s).<\/h3>\n<\/div>\n\n\n\n\n\t\t\t<\/div> \n\t\t<\/div>\n\t<\/div> \n\n\t<div  class=\"vc_col-sm-1 wpb_column column_container vc_column_container col no-extra-padding inherit_tablet inherit_phone flex_gap_desktop_10px \"  data-padding-pos=\"all\" data-has-bg-color=\"false\" data-bg-color=\"\" data-bg-opacity=\"1\" data-animation=\"\" data-delay=\"0\" >\n\t\t<div class=\"vc_column-inner\" >\n\t\t\t<div class=\"wpb_wrapper\">\n\t\t\t\t\n\t\t\t<\/div> \n\t\t<\/div>\n\t<\/div> \n<\/div><\/div>\n\t\t<div id=\"fws_69de5c8c9991a\"  data-column-margin=\"default\" data-midnight=\"dark\"  class=\"wpb_row vc_row-fluid vc_row vc_row-o-equal-height vc_row-flex\"  style=\"padding-top: 0px; padding-bottom: 0px; \"><div class=\"row-bg-wrap\" data-bg-animation=\"none\" data-bg-animation-delay=\"\" data-bg-overlay=\"false\"><div class=\"inner-wrap row-bg-layer\" ><div class=\"row-bg viewport-desktop\"  style=\"\"><\/div><\/div><\/div><div class=\"row_col_wrap_12 col span_12 dark left\">\n\t<div  class=\"vc_col-sm-4 wpb_column column_container vc_column_container col no-extra-padding inherit_tablet inherit_phone flex_gap_desktop_10px \"  data-padding-pos=\"all\" data-has-bg-color=\"false\" data-bg-color=\"\" data-bg-opacity=\"1\" data-animation=\"\" data-delay=\"0\" >\n\t\t<div class=\"vc_column-inner\" >\n\t\t\t<div class=\"wpb_wrapper\">\n\t\t\t\t<div class=\"img-with-aniamtion-wrap \" data-max-width=\"100%\" data-max-width-mobile=\"default\" data-shadow=\"none\" data-animation=\"none\" >\n      <div class=\"inner\">\n        <div class=\"hover-wrap\"> \n          <div class=\"hover-wrap-inner\">\n            <img loading=\"lazy\" decoding=\"async\" class=\"img-with-animation skip-lazy\" data-delay=\"0\" height=\"1733\" width=\"653\" data-animation=\"none\" src=\"https:\/\/ddpsan.com\/wp-content\/smush-webp\/2025\/04\/SymphOrcest-IOMonitor.png.webp\" alt=\"Symphonic Orchestra + IO Monotor DDP\" srcset=\"https:\/\/ddpsan.com\/wp-content\/smush-webp\/2025\/04\/SymphOrcest-IOMonitor.png.webp 653w, https:\/\/ddpsan.com\/wp-content\/smush-webp\/2025\/04\/SymphOrcest-IOMonitor-113x300.png.webp 113w, https:\/\/ddpsan.com\/wp-content\/smush-webp\/2025\/04\/SymphOrcest-IOMonitor-386x1024.png.webp 386w, https:\/\/ddpsan.com\/wp-content\/smush-webp\/2025\/04\/SymphOrcest-IOMonitor-579x1536.png.webp 579w\" sizes=\"auto, (max-width: 653px) 100vw, 653px\" \/>\n          <\/div>\n        <\/div>\n        \n      <\/div>\n    <\/div>\n<div class=\"wpb_text_column wpb_content_element \" >\n\t<\/div>\n\n\n\n<div class=\"vc_separator wpb_content_element vc_separator_align_left vc_sep_width_100 vc_sep_shadow vc_sep_pos_align_left vc_sep_color_orange wpb_content_element vc_separator-has-text\" ><span class=\"vc_sep_holder vc_sep_holder_l\"><span class=\"vc_sep_line\"><\/span><\/span><h4>IO Monitor<\/h4><span class=\"vc_sep_holder vc_sep_holder_r\"><span class=\"vc_sep_line\"><\/span><\/span>\n<\/div>\n\t\t\t<\/div> \n\t\t<\/div>\n\t<\/div> \n\n\t<div  class=\"vc_col-sm-8 wpb_column column_container vc_column_container col padding-3-percent inherit_tablet inherit_phone flex_gap_desktop_10px \"  data-border-radius=\"3px\" data-shadow=\"small_depth\" data-padding-pos=\"all\" data-has-bg-color=\"false\" data-bg-color=\"\" data-bg-opacity=\"1\" data-animation=\"\" data-delay=\"0\" >\n\t\t<div class=\"vc_column-inner\" ><div class=\"column-bg-overlay-wrap column-bg-layer\" data-bg-animation=\"none\"><div class=\"column-bg-overlay\"><\/div><\/div>\n\t\t\t<div class=\"wpb_wrapper\">\n\t\t\t\t\n<div class=\"wpb_text_column wpb_content_element \" >\n\t<p>Seit der Pandemie haben immer mehr Symphonieorchester damit begonnen, ihre Konzerte zu \u00fcbertragen. Im Rahmen eines aktuellen Projekts installierte das Orchester acht ferngesteuerte Kameras, um hochwertige Nahaufnahmen einzelner Stimmgruppen und Solisten sowie des gesamten Orchesters zu \u00fcbertragen. Jede Kamera nutzt AVC Ultra (100MB\/s).<\/p>\n<\/div>\n\n\n\n\n<div class=\"wpb_text_column wpb_content_element \" >\n\t<p>Um den hohen Anforderungen gerecht zu werden, wurde ein zentrales Shared-Storage-System mit 1 Petabyte Kapazit\u00e4t ben\u00f6tigt \u2013 zur Speicherung von sechs Monaten Audio- und Videomaterial f\u00fcr Ingest und Postproduktion. Der Ingest sollte direkt auf Festplatten erfolgen, w\u00e4hrend die Postproduktion \u00fcber Project Caching abgewickelt werden sollte.<\/p>\n<p><strong>Die L\u00f6sung: Ein skalierbares und performantes DDP-System<\/strong><br \/>\nZum Einsatz kam ein miniDDP24DF mit einem Project Cache von 128TB, bestehend aus zwei RAID5-Gruppen mit jeweils acht SSDs. Acht SSD-Steckpl\u00e4tze bleiben f\u00fcr zuk\u00fcnftige Erweiterungen frei.<br \/>\nDieses miniDDP24DF steuert ein DDP78EXR mit 1 PB Festplattenkapazit\u00e4t, das als neun RAID6-Gruppen mit jeweils acht HDDs konfiguriert ist.<\/p>\n<p><strong>Fr\u00fch erkannt: Risiken beim Ingest absichern<\/strong><br \/>\nIm Projektverlauf stellte sich die wichtige Frage: Wie l\u00e4sst sich das Risiko von Ingest-Ausfall auf der Speicherseite zus\u00e4tzlich minimieren? Zwar bietet RAID6 durch die Toleranz von zwei gleichzeitig ausfallenden Festplatten bereits ein hohes Ma\u00df an Sicherheit. Doch es wurde erkannt, dass nicht nur komplette Ausf\u00e4lle problematisch sind \u2013 auch eine einzelne, langsam schreibende Festplatte kann den Workflow st\u00f6ren. Nat\u00fcrlich kann die Anzahl der Wiederholungsversuche minimiert werden, damit die Platte schneller aus dem Verbund entfernt wird. Ein Fr\u00fchwarnsystem w\u00e4re in solchen F\u00e4llen ideal. So entstand die Idee, ein Multikanal-DDP einzusetzen, dass nicht nur Leistung, sondern auch hohe Flexibilit\u00e4t im St\u00f6rungsfall bietet.<\/p>\n<\/div>\n\n\n\n\n<div class=\"wpb_text_column wpb_content_element \" >\n\t<p><strong>Intelligente Datenverteilung f\u00fcr h\u00f6chste Zuverl\u00e4ssigkeit<\/strong><br \/>\nDie neun RAID6-Sets wurden als neun separate Data Locations in diesem DDP definiert. Da die Ingest-Anwendung \u00fcber acht Kan\u00e4le verf\u00fcgt, wurde ein Ordner mit acht Unterordnern eingerichtet. Jedem Unterordner wurde eine eigene Data Location zugewiesen. Letztendlich jedem Unterordner wurde ein Ingest Kanal \/ Ger\u00e4t zugeordnet.<\/p>\n<\/div>\n\n\n\n\n\t\t\t<\/div> \n\t\t<\/div>\n\t<\/div> \n<\/div><\/div>\n\t\t<div id=\"fws_69de5c8c9d1ce\"  data-column-margin=\"default\" data-midnight=\"dark\"  class=\"wpb_row vc_row-fluid vc_row vc_row-o-equal-height vc_row-flex vc_row-o-content-bottom\"  style=\"padding-top: 0px; padding-bottom: 0px; \"><div class=\"row-bg-wrap\" data-bg-animation=\"none\" data-bg-animation-delay=\"\" data-bg-overlay=\"false\"><div class=\"inner-wrap row-bg-layer\" ><div class=\"row-bg viewport-desktop\"  style=\"\"><\/div><\/div><\/div><div class=\"row_col_wrap_12 col span_12 dark left\">\n\t<div  class=\"vc_col-sm-8 wpb_column column_container vc_column_container col padding-3-percent inherit_tablet inherit_phone flex_gap_desktop_10px \"  data-border-radius=\"3px\" data-shadow=\"small_depth\" data-padding-pos=\"all\" data-has-bg-color=\"false\" data-bg-color=\"\" data-bg-opacity=\"1\" data-animation=\"\" data-delay=\"0\" >\n\t\t<div class=\"vc_column-inner\" ><div class=\"column-bg-overlay-wrap column-bg-layer\" data-bg-animation=\"none\"><div class=\"column-bg-overlay\"><\/div><\/div>\n\t\t\t<div class=\"wpb_wrapper\">\n\t\t\t\t\n<div class=\"wpb_text_column wpb_content_element \" >\n\t<p><strong>Der IO-Monitor der DDP-Weboberfl\u00e4che<\/strong> zeigt die Bandbreite f\u00fcr jede Data Location an (siehe IO-Monitor Abbildung). Zeigt eine von acht Data Location ungew\u00f6hnliches Verhalten, kann kurzfristig die neunte Data Location aktiviert werden. Um die Ingest-Daten auf diese neunte Data Location umzuleiten, muss der entsprechende Kanal kurz gestoppt und neu gestartet werden \u2013 ein einfacher, aber effektiver Schutzmechanismus pro einen Ingest-Kanal w\u00e4hrend LIVE-Produktion. Weitere M\u00f6glichkeiten, die keinen Reserve-Speicherort ben\u00f6tigen, sind ebenfalls denkbar.<\/p>\n<p><strong>Flexible Nutzung \u2013 auch in der Postproduktion<\/strong><br \/>\nF\u00fcr den Workflow in der Postproduktion bietet das System zus\u00e4tzliche Vorteile: statt jeden Unterordner separat zu verbinden, kann zur Vereinfachung direkt der \u00fcbergeordnete Hauptordner an Editor Systeme gebunden werden.<\/p>\n<\/div>\n\n\n\n\n\t\t\t<\/div> \n\t\t<\/div>\n\t<\/div> \n\n\t<div  class=\"vc_col-sm-4 wpb_column column_container vc_column_container col no-extra-padding inherit_tablet inherit_phone flex_gap_desktop_10px \"  data-padding-pos=\"all\" data-has-bg-color=\"false\" data-bg-color=\"\" data-bg-opacity=\"1\" data-animation=\"\" data-delay=\"0\" >\n\t\t<div class=\"vc_column-inner\" >\n\t\t\t<div class=\"wpb_wrapper\">\n\t\t\t\t<div class=\"img-with-aniamtion-wrap \" data-max-width=\"100%\" data-max-width-mobile=\"default\" data-border-radius=\"3px\" data-shadow=\"small_depth\" data-animation=\"none\" >\n      <div class=\"inner\">\n        <div class=\"hover-wrap\"> \n          <div class=\"hover-wrap-inner\">\n            <img loading=\"lazy\" decoding=\"async\" class=\"img-with-animation skip-lazy\" data-delay=\"0\" height=\"1077\" width=\"1197\" data-animation=\"none\" src=\"https:\/\/ddpsan.com\/wp-content\/smush-webp\/2025\/04\/DDP78EXR-miniDDP24DF-classical-music.jpg.webp\" alt=\"DDP78EXR and miniDDP24DF for Symphonic Orchestras\" srcset=\"https:\/\/ddpsan.com\/wp-content\/smush-webp\/2025\/04\/DDP78EXR-miniDDP24DF-classical-music.jpg.webp 1197w, https:\/\/ddpsan.com\/wp-content\/smush-webp\/2025\/04\/DDP78EXR-miniDDP24DF-classical-music-300x270.jpg.webp 300w, https:\/\/ddpsan.com\/wp-content\/smush-webp\/2025\/04\/DDP78EXR-miniDDP24DF-classical-music-1024x921.jpg.webp 1024w, https:\/\/ddpsan.com\/wp-content\/smush-webp\/2025\/04\/DDP78EXR-miniDDP24DF-classical-music-768x691.jpg.webp 768w\" sizes=\"auto, (max-width: 1197px) 100vw, 1197px\" \/>\n          <\/div>\n        <\/div>\n        \n      <\/div>\n    <\/div>\n\t\t\t<\/div> \n\t\t<\/div>\n\t<\/div> \n<\/div><\/div>\n\t\t<div id=\"fws_69de5c8c9f167\"  data-column-margin=\"default\" data-midnight=\"dark\"  class=\"wpb_row vc_row-fluid vc_row\"  style=\"padding-top: 0px; padding-bottom: 0px; \"><div class=\"row-bg-wrap\" data-bg-animation=\"none\" data-bg-animation-delay=\"\" data-bg-overlay=\"false\"><div class=\"inner-wrap row-bg-layer\" ><div class=\"row-bg viewport-desktop\"  style=\"\"><\/div><\/div><\/div><div class=\"row_col_wrap_12 col span_12 dark left\">\n\t<div  class=\"vc_col-sm-12 wpb_column column_container vc_column_container col padding-3-percent inherit_tablet inherit_phone flex_gap_desktop_10px \"  data-border-radius=\"3px\" data-shadow=\"small_depth\" data-padding-pos=\"all\" data-has-bg-color=\"false\" data-bg-color=\"\" data-bg-opacity=\"1\" data-animation=\"\" data-delay=\"0\" >\n\t\t<div class=\"vc_column-inner\" ><div class=\"column-bg-overlay-wrap column-bg-layer\" data-bg-animation=\"none\"><div class=\"column-bg-overlay\"><\/div><\/div>\n\t\t\t<div class=\"wpb_wrapper\">\n\t\t\t\t\n<div class=\"wpb_text_column wpb_content_element \" >\n\t<p>Dieses DDP-Setup bietet nicht nur hohe Performance und Speicherkapazit\u00e4t, sondern auch intelligente Ausfallsicherheit f\u00fcr den professionellen Multikanal-Ingest. Mit dieser Architektur sind auch langfristige Streaming- und Produktionsprojekte optimal abgesichert.<\/p>\n<\/div>\n\n\n\n\n\t\t\t<\/div> \n\t\t<\/div>\n\t<\/div> \n<\/div><\/div>\n","protected":false},"excerpt":{"rendered":"Multikanal-Ingest Mit Einem Multikanal-DDP Seit der Pandemie haben immer mehr Symphonieorchester damit begonnen, ihre Konzerte zu \u00fcbertragen. Im Rahmen eines aktuellen Projekts installierte das Orchester acht ferngesteuerte Kameras, um hochwertige...","protected":false},"author":2,"featured_media":0,"parent":0,"menu_order":0,"comment_status":"closed","ping_status":"closed","template":"","meta":{"footnotes":""},"class_list":["post-5476","page","type-page","status-publish"],"yoast_head":"<!-- This site is optimized with the Yoast SEO plugin v27.3 - https:\/\/yoast.com\/product\/yoast-seo-wordpress\/ -->\n<title>Multikanal-Ingest mit Multikanal-DDP - DDPSAN<\/title>\n<meta name=\"description\" content=\"Diese User Case erz\u00e4hlt \u00fcber sch\u00f6ne Resultaten betreffende Multikanal Ingest mit Multikanal DDP im M &amp; E Branche\" \/>\n<meta name=\"robots\" content=\"index, follow, max-snippet:-1, max-image-preview:large, max-video-preview:-1\" \/>\n<link rel=\"canonical\" href=\"https:\/\/ddpsan.com\/de\/multikanal-ingest-mit-multikanal-ddp\/\" \/>\n<meta property=\"og:locale\" content=\"de_DE\" \/>\n<meta property=\"og:type\" content=\"article\" \/>\n<meta property=\"og:title\" content=\"Multikanal-Ingest mit Multikanal-DDP - DDPSAN\" \/>\n<meta property=\"og:description\" content=\"Diese User Case erz\u00e4hlt \u00fcber sch\u00f6ne Resultaten betreffende Multikanal Ingest mit Multikanal DDP im M &amp; E Branche\" \/>\n<meta property=\"og:url\" content=\"https:\/\/ddpsan.com\/de\/multikanal-ingest-mit-multikanal-ddp\/\" \/>\n<meta property=\"og:site_name\" content=\"DDPSAN\" \/>\n<meta property=\"article:modified_time\" content=\"2026-01-02T13:50:26+00:00\" \/>\n<meta name=\"twitter:card\" content=\"summary_large_image\" \/>\n<meta name=\"twitter:label1\" content=\"Gesch\u00e4tzte Lesezeit\" \/>\n\t<meta name=\"twitter:data1\" content=\"3\u00a0Minuten\" \/>\n<script type=\"application\/ld+json\" class=\"yoast-schema-graph\">{\"@context\":\"https:\\\/\\\/schema.org\",\"@graph\":[{\"@type\":\"WebPage\",\"@id\":\"https:\\\/\\\/ddpsan.com\\\/de\\\/multikanal-ingest-mit-multikanal-ddp\\\/\",\"url\":\"https:\\\/\\\/ddpsan.com\\\/de\\\/multikanal-ingest-mit-multikanal-ddp\\\/\",\"name\":\"Multikanal-Ingest mit Multikanal-DDP - DDPSAN\",\"isPartOf\":{\"@id\":\"https:\\\/\\\/ddpsan.com\\\/de\\\/#website\"},\"datePublished\":\"2025-04-16T14:04:28+00:00\",\"dateModified\":\"2026-01-02T13:50:26+00:00\",\"description\":\"Diese User Case erz\u00e4hlt \u00fcber sch\u00f6ne Resultaten betreffende Multikanal Ingest mit Multikanal DDP im M & E Branche\",\"breadcrumb\":{\"@id\":\"https:\\\/\\\/ddpsan.com\\\/de\\\/multikanal-ingest-mit-multikanal-ddp\\\/#breadcrumb\"},\"inLanguage\":\"de\",\"potentialAction\":[{\"@type\":\"ReadAction\",\"target\":[\"https:\\\/\\\/ddpsan.com\\\/de\\\/multikanal-ingest-mit-multikanal-ddp\\\/\"]}]},{\"@type\":\"BreadcrumbList\",\"@id\":\"https:\\\/\\\/ddpsan.com\\\/de\\\/multikanal-ingest-mit-multikanal-ddp\\\/#breadcrumb\",\"itemListElement\":[{\"@type\":\"ListItem\",\"position\":1,\"name\":\"Home\",\"item\":\"https:\\\/\\\/ddpsan.com\\\/de\\\/\"},{\"@type\":\"ListItem\",\"position\":2,\"name\":\"Multikanal-Ingest mit Multikanal-DDP\"}]},{\"@type\":\"WebSite\",\"@id\":\"https:\\\/\\\/ddpsan.com\\\/de\\\/#website\",\"url\":\"https:\\\/\\\/ddpsan.com\\\/de\\\/\",\"name\":\"DDPSAN\",\"description\":\"Dynamic Drive Pool by Ardistech\",\"potentialAction\":[{\"@type\":\"SearchAction\",\"target\":{\"@type\":\"EntryPoint\",\"urlTemplate\":\"https:\\\/\\\/ddpsan.com\\\/de\\\/?s={search_term_string}\"},\"query-input\":{\"@type\":\"PropertyValueSpecification\",\"valueRequired\":true,\"valueName\":\"search_term_string\"}}],\"inLanguage\":\"de\"}]}<\/script>\n<!-- \/ Yoast SEO plugin. -->","yoast_head_json":{"title":"Multikanal-Ingest mit Multikanal-DDP - DDPSAN","description":"Diese User Case erz\u00e4hlt \u00fcber sch\u00f6ne Resultaten betreffende Multikanal Ingest mit Multikanal DDP im M & E Branche","robots":{"index":"index","follow":"follow","max-snippet":"max-snippet:-1","max-image-preview":"max-image-preview:large","max-video-preview":"max-video-preview:-1"},"canonical":"https:\/\/ddpsan.com\/de\/multikanal-ingest-mit-multikanal-ddp\/","og_locale":"de_DE","og_type":"article","og_title":"Multikanal-Ingest mit Multikanal-DDP - DDPSAN","og_description":"Diese User Case erz\u00e4hlt \u00fcber sch\u00f6ne Resultaten betreffende Multikanal Ingest mit Multikanal DDP im M & E Branche","og_url":"https:\/\/ddpsan.com\/de\/multikanal-ingest-mit-multikanal-ddp\/","og_site_name":"DDPSAN","article_modified_time":"2026-01-02T13:50:26+00:00","twitter_card":"summary_large_image","twitter_misc":{"Gesch\u00e4tzte Lesezeit":"3\u00a0Minuten"},"schema":{"@context":"https:\/\/schema.org","@graph":[{"@type":"WebPage","@id":"https:\/\/ddpsan.com\/de\/multikanal-ingest-mit-multikanal-ddp\/","url":"https:\/\/ddpsan.com\/de\/multikanal-ingest-mit-multikanal-ddp\/","name":"Multikanal-Ingest mit Multikanal-DDP - DDPSAN","isPartOf":{"@id":"https:\/\/ddpsan.com\/de\/#website"},"datePublished":"2025-04-16T14:04:28+00:00","dateModified":"2026-01-02T13:50:26+00:00","description":"Diese User Case erz\u00e4hlt \u00fcber sch\u00f6ne Resultaten betreffende Multikanal Ingest mit Multikanal DDP im M & E Branche","breadcrumb":{"@id":"https:\/\/ddpsan.com\/de\/multikanal-ingest-mit-multikanal-ddp\/#breadcrumb"},"inLanguage":"de","potentialAction":[{"@type":"ReadAction","target":["https:\/\/ddpsan.com\/de\/multikanal-ingest-mit-multikanal-ddp\/"]}]},{"@type":"BreadcrumbList","@id":"https:\/\/ddpsan.com\/de\/multikanal-ingest-mit-multikanal-ddp\/#breadcrumb","itemListElement":[{"@type":"ListItem","position":1,"name":"Home","item":"https:\/\/ddpsan.com\/de\/"},{"@type":"ListItem","position":2,"name":"Multikanal-Ingest mit Multikanal-DDP"}]},{"@type":"WebSite","@id":"https:\/\/ddpsan.com\/de\/#website","url":"https:\/\/ddpsan.com\/de\/","name":"DDPSAN","description":"Dynamic Drive Pool by Ardistech","potentialAction":[{"@type":"SearchAction","target":{"@type":"EntryPoint","urlTemplate":"https:\/\/ddpsan.com\/de\/?s={search_term_string}"},"query-input":{"@type":"PropertyValueSpecification","valueRequired":true,"valueName":"search_term_string"}}],"inLanguage":"de"}]}},"_links":{"self":[{"href":"https:\/\/ddpsan.com\/de\/wp-json\/wp\/v2\/pages\/5476","targetHints":{"allow":["GET"]}}],"collection":[{"href":"https:\/\/ddpsan.com\/de\/wp-json\/wp\/v2\/pages"}],"about":[{"href":"https:\/\/ddpsan.com\/de\/wp-json\/wp\/v2\/types\/page"}],"author":[{"embeddable":true,"href":"https:\/\/ddpsan.com\/de\/wp-json\/wp\/v2\/users\/2"}],"replies":[{"embeddable":true,"href":"https:\/\/ddpsan.com\/de\/wp-json\/wp\/v2\/comments?post=5476"}],"version-history":[{"count":29,"href":"https:\/\/ddpsan.com\/de\/wp-json\/wp\/v2\/pages\/5476\/revisions"}],"predecessor-version":[{"id":6819,"href":"https:\/\/ddpsan.com\/de\/wp-json\/wp\/v2\/pages\/5476\/revisions\/6819"}],"wp:attachment":[{"href":"https:\/\/ddpsan.com\/de\/wp-json\/wp\/v2\/media?parent=5476"}],"curies":[{"name":"wp","href":"https:\/\/api.w.org\/{rel}","templated":true}]}}