{"id":5107,"date":"2025-06-05T13:11:53","date_gmt":"2025-06-05T11:11:53","guid":{"rendered":"https:\/\/ddpsan.com\/?page_id=5107"},"modified":"2026-01-02T14:54:21","modified_gmt":"2026-01-02T13:54:21","slug":"unterwegs-mit-ddp","status":"publish","type":"page","link":"https:\/\/ddpsan.com\/de\/unterwegs-mit-ddp\/","title":{"rendered":"Unterwegs mit DDP"},"content":{"rendered":"\n\t\t<div id=\"fws_69de5cce9e6fa\"  data-column-margin=\"default\" data-midnight=\"dark\"  class=\"wpb_row vc_row-fluid vc_row full-width-content vc_row-o-equal-height vc_row-flex vc_row-o-content-top\"  style=\"padding-top: 0px; padding-bottom: 0px; \"><div class=\"row-bg-wrap\" data-bg-animation=\"none\" data-bg-animation-delay=\"\" data-bg-overlay=\"false\"><div class=\"inner-wrap row-bg-layer\" ><div class=\"row-bg viewport-desktop\"  style=\"\"><\/div><\/div><\/div><div class=\"row_col_wrap_12 col span_12 dark left\">\n\t<div  class=\"vc_col-sm-12 wpb_column column_container vc_column_container col no-extra-padding inherit_tablet inherit_phone flex_gap_desktop_10px \"  data-padding-pos=\"all\" data-has-bg-color=\"false\" data-bg-color=\"\" data-bg-opacity=\"1\" data-animation=\"\" data-delay=\"0\" >\n\t\t<div class=\"vc_column-inner\" >\n\t\t\t<div class=\"wpb_wrapper\">\n\t\t\t\t<div class=\"img-with-aniamtion-wrap \" data-max-width=\"100%\" data-max-width-mobile=\"default\" data-shadow=\"none\" data-animation=\"none\" >\n      <div class=\"inner\">\n        <div class=\"hover-wrap\"> \n          <div class=\"hover-wrap-inner\">\n            <img loading=\"lazy\" decoding=\"async\" class=\"img-with-animation skip-lazy\" data-delay=\"0\" height=\"960\" width=\"2560\" data-animation=\"none\" src=\"https:\/\/ddpsan.com\/wp-content\/smush-webp\/2025\/06\/MiltenburgAV-on-the-road-scaled.png.webp\" alt=\"Rental DDPs with Miltenburg AV on the road\" srcset=\"https:\/\/ddpsan.com\/wp-content\/smush-webp\/2025\/06\/MiltenburgAV-on-the-road-scaled.png.webp 2560w, https:\/\/ddpsan.com\/wp-content\/smush-webp\/2025\/06\/MiltenburgAV-on-the-road-300x113.png.webp 300w, https:\/\/ddpsan.com\/wp-content\/smush-webp\/2025\/06\/MiltenburgAV-on-the-road-1024x384.png.webp 1024w, https:\/\/ddpsan.com\/wp-content\/smush-webp\/2025\/06\/MiltenburgAV-on-the-road-768x288.png.webp 768w\" sizes=\"auto, (max-width: 2560px) 100vw, 2560px\" \/>\n          <\/div>\n        <\/div>\n        \n      <\/div>\n    <\/div>\n\t\t\t<\/div> \n\t\t<\/div>\n\t<\/div> \n<\/div><\/div>\n\t\t<div id=\"fws_69de5ccea0e18\"  data-column-margin=\"default\" data-midnight=\"dark\"  class=\"wpb_row vc_row-fluid vc_row\"  style=\"padding-top: 0px; padding-bottom: 0px; \"><div class=\"row-bg-wrap\" data-bg-animation=\"none\" data-bg-animation-delay=\"\" data-bg-overlay=\"false\"><div class=\"inner-wrap row-bg-layer\" ><div class=\"row-bg viewport-desktop\"  style=\"\"><\/div><\/div><\/div><div class=\"row_col_wrap_12 col span_12 dark left\">\n\t<div  class=\"vc_col-sm-1 wpb_column column_container vc_column_container col no-extra-padding inherit_tablet inherit_phone flex_gap_desktop_10px \"  data-padding-pos=\"all\" data-has-bg-color=\"false\" data-bg-color=\"\" data-bg-opacity=\"1\" data-animation=\"\" data-delay=\"0\" >\n\t\t<div class=\"vc_column-inner\" >\n\t\t\t<div class=\"wpb_wrapper\">\n\t\t\t\t\n\t\t\t<\/div> \n\t\t<\/div>\n\t<\/div> \n\n\t<div  class=\"vc_col-sm-10 wpb_column column_container vc_column_container col padding-3-percent inherit_tablet inherit_phone flex_gap_desktop_10px \"  data-padding-pos=\"all\" data-has-bg-color=\"false\" data-bg-color=\"\" data-bg-opacity=\"1\" data-animation=\"\" data-delay=\"0\" >\n\t\t<div class=\"vc_column-inner\" >\n\t\t\t<div class=\"wpb_wrapper\">\n\t\t\t\t\n<div class=\"wpb_text_column wpb_content_element  cochin-bold\" >\n\t<h2>Von Festplatte Zu Flash: Vermietungsunternehmen Setzen Auf Shared-Storage-Upgrades \u2013 Konkret Auf Die Modelle MiniDDP24DF Und MicroDDP.<\/h2>\n<\/div>\n\n\n\n\n<div class=\"wpb_text_column wpb_content_element  cochin-regular\" >\n\t<h3>Ein Verleihunternehmen auf Erfolgskurs \u2013 mit microDDPs<\/h3>\n<\/div>\n\n\n\n\n\t\t\t<\/div> \n\t\t<\/div>\n\t<\/div> \n\n\t<div  class=\"vc_col-sm-1 wpb_column column_container vc_column_container col no-extra-padding inherit_tablet inherit_phone flex_gap_desktop_10px \"  data-padding-pos=\"all\" data-has-bg-color=\"false\" data-bg-color=\"\" data-bg-opacity=\"1\" data-animation=\"\" data-delay=\"0\" >\n\t\t<div class=\"vc_column-inner\" >\n\t\t\t<div class=\"wpb_wrapper\">\n\t\t\t\t\n\t\t\t<\/div> \n\t\t<\/div>\n\t<\/div> \n<\/div><\/div>\n\t\t<div id=\"fws_69de5ccea3377\"  data-column-margin=\"default\" data-midnight=\"dark\"  class=\"wpb_row vc_row-fluid vc_row vc_row-o-equal-height vc_row-flex vc_row-o-content-top\"  style=\"padding-top: 0px; padding-bottom: 0px; \"><div class=\"row-bg-wrap\" data-bg-animation=\"none\" data-bg-animation-delay=\"\" data-bg-overlay=\"false\"><div class=\"inner-wrap row-bg-layer\" ><div class=\"row-bg viewport-desktop\"  style=\"\"><\/div><\/div><\/div><div class=\"row_col_wrap_12 col span_12 dark left\">\n\t<div  class=\"vc_col-sm-4 wpb_column column_container vc_column_container col padding-3-percent inherit_tablet inherit_phone flex_gap_desktop_10px \"  data-border-radius=\"3px\" data-shadow=\"small_depth\" data-padding-pos=\"all\" data-has-bg-color=\"false\" data-bg-color=\"\" data-bg-opacity=\"1\" data-animation=\"\" data-delay=\"0\" >\n\t\t<div class=\"vc_column-inner\" ><div class=\"column-bg-overlay-wrap column-bg-layer\" data-bg-animation=\"none\"><div class=\"column-bg-overlay\"><\/div><\/div>\n\t\t\t<div class=\"wpb_wrapper\">\n\t\t\t\t\n<div class=\"wpb_text_column wpb_content_element \" >\n\t<p><strong>Ein Gewinn f\u00fcr alle Beteiligten<\/strong><\/p>\n<p>Seit vielen Jahren setzt das Unternehmen, ein langj\u00e4hriger DDP-Kunde, auf DDP-Systeme mit klassischen Festplatten. Seine Kunden sind weltweit vertreten und bieten Speicherl\u00f6sungen f\u00fcr prestigetr\u00e4chtige Projekte wie die MTV Awards, Tomorrowland oder internationale Aktion\u00e4rsveranstaltungen an. Das Unternehmen w\u00e4chst kontinuierlich.<\/p>\n<p>Mit Einf\u00fchrung der microDDP-Serie wurden diese Systeme intensiv getestet und schlie\u00dflich in Kombination mit Festplattenl\u00f6sungen in den Betrieb aufgenommen. H\u00e4ufig kommen sie mit Mac-basierten Workstations, Softron als Ingest-L\u00f6sung und Adobe Premiere zur Postproduktion zum Einsatz. Bei anderen Projekten wiederum wird auf EVS XFile3 gesetzt.<\/p>\n<p>Eine besondere St\u00e4rke der DDP-Systeme: Die Bearbeitung kann bereits w\u00e4hrend des Ingests beginnen, w\u00e4hrend die Datei noch w\u00e4chst \u2013 eine Funktion, die als \u201eEdit While Ingest\u201c bzw. \u201eGrowing File Editing\u201c bekannt ist. Diese M\u00f6glichkeit ist standardm\u00e4\u00dfig in jedem DDP enthalten, unabh\u00e4ngig davon, ob Windows, Linux oder andere Ingest-Systeme verwendet werden \u2013 ein echter Vorteil in zeitkritischen Workflows.<\/p>\n<\/div>\n\n\n\n\n\t\t\t<\/div> \n\t\t<\/div>\n\t<\/div> \n\n\t<div  class=\"vc_col-sm-4 wpb_column column_container vc_column_container col padding-3-percent inherit_tablet inherit_phone flex_gap_desktop_10px \"  data-border-radius=\"3px\" data-shadow=\"small_depth\" data-padding-pos=\"all\" data-has-bg-color=\"false\" data-bg-color=\"\" data-bg-opacity=\"1\" data-animation=\"\" data-delay=\"0\" >\n\t\t<div class=\"vc_column-inner\" ><div class=\"column-bg-overlay-wrap column-bg-layer\" data-bg-animation=\"none\"><div class=\"column-bg-overlay\"><\/div><\/div>\n\t\t\t<div class=\"wpb_wrapper\">\n\t\t\t\t<div class=\"img-with-aniamtion-wrap \" data-max-width=\"100%\" data-max-width-mobile=\"default\" data-shadow=\"none\" data-animation=\"none\" >\n      <div class=\"inner\">\n        <div class=\"hover-wrap\"> \n          <div class=\"hover-wrap-inner\">\n            <img loading=\"lazy\" decoding=\"async\" class=\"img-with-animation skip-lazy\" data-delay=\"0\" height=\"506\" width=\"668\" data-animation=\"none\" src=\"https:\/\/ddpsan.com\/wp-content\/smush-webp\/2025\/06\/parking-2.jpg.webp\" alt=\"On the road with DDP\" srcset=\"https:\/\/ddpsan.com\/wp-content\/smush-webp\/2025\/06\/parking-2.jpg.webp 668w, https:\/\/ddpsan.com\/wp-content\/smush-webp\/2025\/06\/parking-2-300x227.jpg.webp 300w\" sizes=\"auto, (max-width: 668px) 100vw, 668px\" \/>\n          <\/div>\n        <\/div>\n        \n      <\/div>\n    <\/div>\n<div class=\"wpb_text_column wpb_content_element  vc_custom_1749120693646\" >\n\t<h5><\/h5>\n<h5 style=\"text-align: center;\"><em>SSD-Systeme haben<br \/>\neinen geringeren<br \/>\nPlatzbedarf,<br \/>\nben\u00f6tigen weniger Platz,<br \/>\nverbrauchen deutlich<br \/>\nweniger Strom<br \/>\nund sind benutzerfreundlicher.<\/em><br \/>\n<em>Keine mechanisch oder<br \/>\nbeweglichen Teile,<br \/>\ndaher viel weniger<br \/>\nsto\u00dfempfindlich.<\/em><br \/>\n<em>Wie praktisch ist das denn!<\/em><\/h5>\n<h5><\/h5>\n<\/div>\n\n\n\n<div class=\"img-with-aniamtion-wrap \" data-max-width=\"100%\" data-max-width-mobile=\"default\" data-shadow=\"none\" data-animation=\"none\" >\n      <div class=\"inner\">\n        <div class=\"hover-wrap\"> \n          <div class=\"hover-wrap-inner\">\n            <img loading=\"lazy\" decoding=\"async\" class=\"img-with-animation skip-lazy\" data-delay=\"0\" height=\"500\" width=\"667\" data-animation=\"none\" src=\"https:\/\/ddpsan.com\/wp-content\/smush-webp\/2025\/06\/studio-2.jpg.webp\" alt=\"Trailer - studio\" srcset=\"https:\/\/ddpsan.com\/wp-content\/smush-webp\/2025\/06\/studio-2.jpg.webp 667w, https:\/\/ddpsan.com\/wp-content\/smush-webp\/2025\/06\/studio-2-300x225.jpg.webp 300w\" sizes=\"auto, (max-width: 667px) 100vw, 667px\" \/>\n          <\/div>\n        <\/div>\n        \n      <\/div>\n    <\/div>\n\t\t\t<\/div> \n\t\t<\/div>\n\t<\/div> \n\n\t<div  class=\"vc_col-sm-4 wpb_column column_container vc_column_container col padding-3-percent inherit_tablet inherit_phone flex_gap_desktop_10px \"  data-border-radius=\"3px\" data-shadow=\"small_depth\" data-padding-pos=\"all\" data-has-bg-color=\"false\" data-bg-color=\"\" data-bg-opacity=\"1\" data-animation=\"\" data-delay=\"0\" >\n\t\t<div class=\"vc_column-inner\" ><div class=\"column-bg-overlay-wrap column-bg-layer\" data-bg-animation=\"none\"><div class=\"column-bg-overlay\"><\/div><\/div>\n\t\t\t<div class=\"wpb_wrapper\">\n\t\t\t\t\n<div class=\"wpb_text_column wpb_content_element \" >\n\t<p><strong>Flexible Nutzung und neuer Investitionsschub<\/strong><\/p>\n<p>Inzwischen werden microDDPs nicht nur intern eingesetzt, sondern auch erfolgreich an Dritte vermietet \u2013 ein weiterer Schritt zur optimalen Ressourcennutzung.<br \/>\nF\u00fcr besonders anspruchsvolle Gro\u00dfprojekte im Ausland investierte das Unternehmen k\u00fcrzlich in moderne SSD-Technologie und erweiterte seine Infrastruktur um zwei miniDDP24DF-Systeme mit jeweils 96\u202fTB Kapazit\u00e4t. Es ist zu erwarten, dass die bisherigen Festplattensysteme \u2013 wirtschaftlich abgeschrieben \u2013 nicht weiter genutzt werden.<br \/>\nDank der SSD-Technologie liefern die Systeme konstante Performance ohne Latenzzeiten. Die maximale Stream-Anzahl h\u00e4ngt ausschlie\u00dflich von der verf\u00fcgbaren Bandbreite ab \u2013 etwa bei DNxHD185 (18\u202fMB\/s) lassen sich mit einer miniDDP24DF &#8211; Systembandbreite von 6\u202fGB\/s bis zu 333 Streams gleichzeitig verarbeiten.<br \/>\nZudem \u00fcberzeugen die SSD-basierten Systeme durch ihren geringen Platzbedarf, deutlich niedrigeren Energieverbrauch, einfache Handhabung und eine h\u00f6here Unempfindlichkeit gegen\u00fcber Ersch\u00fctterungen, da sie keine beweglichen mechanischen Teile enthalten \u2013 ein entscheidender Vorteil f\u00fcr mobile oder tempor\u00e4re Setups.<\/p>\n<\/div>\n\n\n\n\n\t\t\t<\/div> \n\t\t<\/div>\n\t<\/div> \n<\/div><\/div>\n\t\t<div id=\"fws_69de5ccea6e8a\"  data-column-margin=\"default\" data-midnight=\"dark\"  class=\"wpb_row vc_row-fluid vc_row\"  style=\"padding-top: 0px; padding-bottom: 0px; \"><div class=\"row-bg-wrap\" data-bg-animation=\"none\" data-bg-animation-delay=\"\" data-bg-overlay=\"false\"><div class=\"inner-wrap row-bg-layer\" ><div class=\"row-bg viewport-desktop\"  style=\"\"><\/div><\/div><\/div><div class=\"row_col_wrap_12 col span_12 dark left\">\n\t<div  class=\"vc_col-sm-4 wpb_column column_container vc_column_container col no-extra-padding inherit_tablet inherit_phone flex_gap_desktop_10px \"  data-padding-pos=\"all\" data-has-bg-color=\"false\" data-bg-color=\"\" data-bg-opacity=\"1\" data-animation=\"\" data-delay=\"0\" >\n\t\t<div class=\"vc_column-inner\" >\n\t\t\t<div class=\"wpb_wrapper\">\n\t\t\t\t\n<div class=\"wpb_text_column wpb_content_element \" >\n\t<p style=\"text-align: center;\">Zur Seite<span style=\"color: #ff9900;\"><strong> <a style=\"color: #ff9900;\" href=\"https:\/\/ddpsan.com\/de\/ddp-user-cases\/\" target=\"_blank\" rel=\"noopener\">Alle User Cases<\/a>\u00a0<\/strong><\/span><\/p>\n<\/div>\n\n\n\n\n\t\t\t<\/div> \n\t\t<\/div>\n\t<\/div> \n\n\t<div  class=\"vc_col-sm-4 wpb_column column_container vc_column_container col no-extra-padding inherit_tablet inherit_phone flex_gap_desktop_10px \"  data-padding-pos=\"all\" data-has-bg-color=\"false\" data-bg-color=\"\" data-bg-opacity=\"1\" data-animation=\"\" data-delay=\"0\" >\n\t\t<div class=\"vc_column-inner\" >\n\t\t\t<div class=\"wpb_wrapper\">\n\t\t\t\t\n<div class=\"wpb_text_column wpb_content_element \" >\n\t<p style=\"text-align: center;\">Zur Seite <span style=\"color: #ff9900;\"><strong><a style=\"color: #ff9900;\" href=\"https:\/\/ddpsan.com\/de\/produkte\/micro-ddp-serie\/\">microDDP<\/a><\/strong><\/span><\/p>\n<\/div>\n\n\n\n\n\t\t\t<\/div> \n\t\t<\/div>\n\t<\/div> \n\n\t<div  class=\"vc_col-sm-4 wpb_column column_container vc_column_container col no-extra-padding inherit_tablet inherit_phone flex_gap_desktop_10px \"  data-padding-pos=\"all\" data-has-bg-color=\"false\" data-bg-color=\"\" data-bg-opacity=\"1\" data-animation=\"\" data-delay=\"0\" >\n\t\t<div class=\"vc_column-inner\" >\n\t\t\t<div class=\"wpb_wrapper\">\n\t\t\t\t\n<div class=\"wpb_text_column wpb_content_element \" >\n\t<p style=\"text-align: center;\">Go to the <span style=\"color: #ff9900;\"><strong><a style=\"color: #ff9900;\" href=\"https:\/\/ddpsan.com\/de\/produkte\/mini-ddp24df\/\">miniDDP24DF<\/a><\/strong><\/span> series<\/p>\n<\/div>\n\n\n\n\n\t\t\t<\/div> \n\t\t<\/div>\n\t<\/div> \n<\/div><\/div>\n","protected":false},"excerpt":{"rendered":"Von Festplatte Zu Flash: Vermietungsunternehmen Setzen Auf Shared-Storage-Upgrades \u2013 Konkret Auf Die Modelle MiniDDP24DF Und MicroDDP. Ein Verleihunternehmen auf Erfolgskurs \u2013 mit microDDPs Ein Gewinn f\u00fcr alle Beteiligten Seit vielen...","protected":false},"author":2,"featured_media":0,"parent":0,"menu_order":0,"comment_status":"closed","ping_status":"closed","template":"","meta":{"footnotes":""},"class_list":["post-5107","page","type-page","status-publish"],"yoast_head":"<!-- This site is optimized with the Yoast SEO plugin v27.3 - https:\/\/yoast.com\/product\/yoast-seo-wordpress\/ -->\n<title>Unterwegs mit DDP - DDPSAN<\/title>\n<meta name=\"robots\" content=\"index, follow, max-snippet:-1, max-image-preview:large, max-video-preview:-1\" \/>\n<link rel=\"canonical\" href=\"https:\/\/ddpsan.com\/de\/unterwegs-mit-ddp\/\" \/>\n<meta property=\"og:locale\" content=\"de_DE\" \/>\n<meta property=\"og:type\" content=\"article\" \/>\n<meta property=\"og:title\" content=\"Unterwegs mit DDP - DDPSAN\" \/>\n<meta property=\"og:url\" content=\"https:\/\/ddpsan.com\/de\/unterwegs-mit-ddp\/\" \/>\n<meta property=\"og:site_name\" content=\"DDPSAN\" \/>\n<meta property=\"article:modified_time\" content=\"2026-01-02T13:54:21+00:00\" \/>\n<meta name=\"twitter:card\" content=\"summary_large_image\" \/>\n<meta name=\"twitter:label1\" content=\"Gesch\u00e4tzte Lesezeit\" \/>\n\t<meta name=\"twitter:data1\" content=\"3\u00a0Minuten\" \/>\n<script type=\"application\/ld+json\" class=\"yoast-schema-graph\">{\"@context\":\"https:\\\/\\\/schema.org\",\"@graph\":[{\"@type\":\"WebPage\",\"@id\":\"https:\\\/\\\/ddpsan.com\\\/de\\\/unterwegs-mit-ddp\\\/\",\"url\":\"https:\\\/\\\/ddpsan.com\\\/de\\\/unterwegs-mit-ddp\\\/\",\"name\":\"Unterwegs mit DDP - DDPSAN\",\"isPartOf\":{\"@id\":\"https:\\\/\\\/ddpsan.com\\\/de\\\/#website\"},\"datePublished\":\"2025-06-05T11:11:53+00:00\",\"dateModified\":\"2026-01-02T13:54:21+00:00\",\"breadcrumb\":{\"@id\":\"https:\\\/\\\/ddpsan.com\\\/de\\\/unterwegs-mit-ddp\\\/#breadcrumb\"},\"inLanguage\":\"de\",\"potentialAction\":[{\"@type\":\"ReadAction\",\"target\":[\"https:\\\/\\\/ddpsan.com\\\/de\\\/unterwegs-mit-ddp\\\/\"]}]},{\"@type\":\"BreadcrumbList\",\"@id\":\"https:\\\/\\\/ddpsan.com\\\/de\\\/unterwegs-mit-ddp\\\/#breadcrumb\",\"itemListElement\":[{\"@type\":\"ListItem\",\"position\":1,\"name\":\"Home\",\"item\":\"https:\\\/\\\/ddpsan.com\\\/de\\\/\"},{\"@type\":\"ListItem\",\"position\":2,\"name\":\"Unterwegs mit DDP\"}]},{\"@type\":\"WebSite\",\"@id\":\"https:\\\/\\\/ddpsan.com\\\/de\\\/#website\",\"url\":\"https:\\\/\\\/ddpsan.com\\\/de\\\/\",\"name\":\"DDPSAN\",\"description\":\"Dynamic Drive Pool by Ardistech\",\"potentialAction\":[{\"@type\":\"SearchAction\",\"target\":{\"@type\":\"EntryPoint\",\"urlTemplate\":\"https:\\\/\\\/ddpsan.com\\\/de\\\/?s={search_term_string}\"},\"query-input\":{\"@type\":\"PropertyValueSpecification\",\"valueRequired\":true,\"valueName\":\"search_term_string\"}}],\"inLanguage\":\"de\"}]}<\/script>\n<!-- \/ Yoast SEO plugin. -->","yoast_head_json":{"title":"Unterwegs mit DDP - DDPSAN","robots":{"index":"index","follow":"follow","max-snippet":"max-snippet:-1","max-image-preview":"max-image-preview:large","max-video-preview":"max-video-preview:-1"},"canonical":"https:\/\/ddpsan.com\/de\/unterwegs-mit-ddp\/","og_locale":"de_DE","og_type":"article","og_title":"Unterwegs mit DDP - DDPSAN","og_url":"https:\/\/ddpsan.com\/de\/unterwegs-mit-ddp\/","og_site_name":"DDPSAN","article_modified_time":"2026-01-02T13:54:21+00:00","twitter_card":"summary_large_image","twitter_misc":{"Gesch\u00e4tzte Lesezeit":"3\u00a0Minuten"},"schema":{"@context":"https:\/\/schema.org","@graph":[{"@type":"WebPage","@id":"https:\/\/ddpsan.com\/de\/unterwegs-mit-ddp\/","url":"https:\/\/ddpsan.com\/de\/unterwegs-mit-ddp\/","name":"Unterwegs mit DDP - DDPSAN","isPartOf":{"@id":"https:\/\/ddpsan.com\/de\/#website"},"datePublished":"2025-06-05T11:11:53+00:00","dateModified":"2026-01-02T13:54:21+00:00","breadcrumb":{"@id":"https:\/\/ddpsan.com\/de\/unterwegs-mit-ddp\/#breadcrumb"},"inLanguage":"de","potentialAction":[{"@type":"ReadAction","target":["https:\/\/ddpsan.com\/de\/unterwegs-mit-ddp\/"]}]},{"@type":"BreadcrumbList","@id":"https:\/\/ddpsan.com\/de\/unterwegs-mit-ddp\/#breadcrumb","itemListElement":[{"@type":"ListItem","position":1,"name":"Home","item":"https:\/\/ddpsan.com\/de\/"},{"@type":"ListItem","position":2,"name":"Unterwegs mit DDP"}]},{"@type":"WebSite","@id":"https:\/\/ddpsan.com\/de\/#website","url":"https:\/\/ddpsan.com\/de\/","name":"DDPSAN","description":"Dynamic Drive Pool by Ardistech","potentialAction":[{"@type":"SearchAction","target":{"@type":"EntryPoint","urlTemplate":"https:\/\/ddpsan.com\/de\/?s={search_term_string}"},"query-input":{"@type":"PropertyValueSpecification","valueRequired":true,"valueName":"search_term_string"}}],"inLanguage":"de"}]}},"_links":{"self":[{"href":"https:\/\/ddpsan.com\/de\/wp-json\/wp\/v2\/pages\/5107","targetHints":{"allow":["GET"]}}],"collection":[{"href":"https:\/\/ddpsan.com\/de\/wp-json\/wp\/v2\/pages"}],"about":[{"href":"https:\/\/ddpsan.com\/de\/wp-json\/wp\/v2\/types\/page"}],"author":[{"embeddable":true,"href":"https:\/\/ddpsan.com\/de\/wp-json\/wp\/v2\/users\/2"}],"replies":[{"embeddable":true,"href":"https:\/\/ddpsan.com\/de\/wp-json\/wp\/v2\/comments?post=5107"}],"version-history":[{"count":24,"href":"https:\/\/ddpsan.com\/de\/wp-json\/wp\/v2\/pages\/5107\/revisions"}],"predecessor-version":[{"id":6820,"href":"https:\/\/ddpsan.com\/de\/wp-json\/wp\/v2\/pages\/5107\/revisions\/6820"}],"wp:attachment":[{"href":"https:\/\/ddpsan.com\/de\/wp-json\/wp\/v2\/media?parent=5107"}],"curies":[{"name":"wp","href":"https:\/\/api.w.org\/{rel}","templated":true}]}}