{"id":4849,"date":"2025-03-04T15:36:46","date_gmt":"2025-03-04T14:36:46","guid":{"rendered":"https:\/\/ddpsan.com\/ddp10ef-for-2k-4k-and-8k-dpx-material\/"},"modified":"2026-01-02T14:35:26","modified_gmt":"2026-01-02T13:35:26","slug":"ddp10ef-for-2k-4k-and-8k-dpx-material","status":"publish","type":"page","link":"https:\/\/ddpsan.com\/de\/ddp10ef-for-2k-4k-and-8k-dpx-material\/","title":{"rendered":"DDP10EF for 2K, 4K and 8K DPX material"},"content":{"rendered":"\n\t\t<div id=\"fws_69de5c8cc7cfd\"  data-column-margin=\"default\" data-midnight=\"dark\"  class=\"wpb_row vc_row-fluid vc_row full-width-content vc_row-o-equal-height vc_row-flex vc_row-o-content-top\"  style=\"padding-top: 0px; padding-bottom: 0px; \"><div class=\"row-bg-wrap\" data-bg-animation=\"none\" data-bg-animation-delay=\"\" data-bg-overlay=\"false\"><div class=\"inner-wrap row-bg-layer\" ><div class=\"row-bg viewport-desktop\"  style=\"\"><\/div><\/div><\/div><div class=\"row_col_wrap_12 col span_12 dark left\">\n\t<div  class=\"vc_col-sm-12 wpb_column column_container vc_column_container col no-extra-padding inherit_tablet inherit_phone flex_gap_desktop_10px \"  data-padding-pos=\"all\" data-has-bg-color=\"false\" data-bg-color=\"\" data-bg-opacity=\"1\" data-animation=\"\" data-delay=\"0\" >\n\t\t<div class=\"vc_column-inner\" >\n\t\t\t<div class=\"wpb_wrapper\">\n\t\t\t\t<div class=\"img-with-aniamtion-wrap center\" data-max-width=\"100%\" data-max-width-mobile=\"default\" data-shadow=\"none\" data-animation=\"none\" >\n      <div class=\"inner\">\n        <div class=\"hover-wrap\"> \n          <div class=\"hover-wrap-inner\">\n            <img loading=\"lazy\" decoding=\"async\" class=\"img-with-animation skip-lazy\" data-delay=\"0\" height=\"860\" width=\"2969\" data-animation=\"none\" src=\"https:\/\/ddpsan.com\/wp-content\/smush-webp\/2025\/03\/Case5-FULL-DDP10EF-4K-8K.png.webp\" alt=\"2k, 4K &amp; 8K DPX material\" srcset=\"https:\/\/ddpsan.com\/wp-content\/smush-webp\/2025\/03\/Case5-FULL-DDP10EF-4K-8K.png.webp 2969w, https:\/\/ddpsan.com\/wp-content\/smush-webp\/2025\/03\/Case5-FULL-DDP10EF-4K-8K-300x87.png.webp 300w, https:\/\/ddpsan.com\/wp-content\/smush-webp\/2025\/03\/Case5-FULL-DDP10EF-4K-8K-1024x297.png.webp 1024w, https:\/\/ddpsan.com\/wp-content\/smush-webp\/2025\/03\/Case5-FULL-DDP10EF-4K-8K-768x222.png.webp 768w\" sizes=\"auto, (max-width: 2969px) 100vw, 2969px\" \/>\n          <\/div>\n        <\/div>\n        \n      <\/div>\n    <\/div>\n\t\t\t<\/div> \n\t\t<\/div>\n\t<\/div> \n<\/div><\/div>\n\t\t<div id=\"fws_69de5c8cc9232\"  data-column-margin=\"default\" data-midnight=\"dark\"  class=\"wpb_row vc_row-fluid vc_row\"  style=\"padding-top: 0px; padding-bottom: 0px; \"><div class=\"row-bg-wrap\" data-bg-animation=\"none\" data-bg-animation-delay=\"\" data-bg-overlay=\"false\"><div class=\"inner-wrap row-bg-layer\" ><div class=\"row-bg viewport-desktop\"  style=\"\"><\/div><\/div><\/div><div class=\"row_col_wrap_12 col span_12 dark left\">\n\t<div  class=\"vc_col-sm-1 wpb_column column_container vc_column_container col no-extra-padding inherit_tablet inherit_phone flex_gap_desktop_10px \"  data-padding-pos=\"all\" data-has-bg-color=\"false\" data-bg-color=\"\" data-bg-opacity=\"1\" data-animation=\"\" data-delay=\"0\" >\n\t\t<div class=\"vc_column-inner\" >\n\t\t\t<div class=\"wpb_wrapper\">\n\t\t\t\t\n\t\t\t<\/div> \n\t\t<\/div>\n\t<\/div> \n\n\t<div  class=\"vc_col-sm-10 wpb_column column_container vc_column_container col no-extra-padding inherit_tablet inherit_phone flex_gap_desktop_10px \"  data-padding-pos=\"all\" data-has-bg-color=\"false\" data-bg-color=\"\" data-bg-opacity=\"1\" data-animation=\"\" data-delay=\"0\" >\n\t\t<div class=\"vc_column-inner\" >\n\t\t\t<div class=\"wpb_wrapper\">\n\t\t\t\t\n<div class=\"wpb_text_column wpb_content_element \" >\n\t<h3><\/h3>\n<\/div>\n\n\n\n\n<div class=\"wpb_text_column wpb_content_element  cochin-bold\" >\n\t<h2>DDP10EF W\u00e4hrend Der Arbeit<br \/>\nMit 2K-, 4K- Und 8K-DPX-Material<\/h2>\n<\/div>\n\n\n\n\n<div class=\"wpb_text_column wpb_content_element  wpb_animate_when_almost_visible wpb_bounceInRight bounceInRight vc_custom_1767360849348 cochin-regular\" >\n\t<h3>Der Kunde hat ein DDP10EF mit einem DDP78EXR-Speicherarray erworben, um vorhandene Filme in h\u00f6chster Aufl\u00f6sung zu scannen und zu digitalisieren und sie dann mit etwa 15 Editoren zu verarbeiten, um das Material schlie\u00dflich der \u00d6ffentlichkeit zug\u00e4nglich zu machen.<\/h3>\n<\/div>\n\n\n\n\n\t\t\t<\/div> \n\t\t<\/div>\n\t<\/div> \n\n\t<div  class=\"vc_col-sm-1 wpb_column column_container vc_column_container col no-extra-padding inherit_tablet inherit_phone flex_gap_desktop_10px \"  data-padding-pos=\"all\" data-has-bg-color=\"false\" data-bg-color=\"\" data-bg-opacity=\"1\" data-animation=\"\" data-delay=\"0\" >\n\t\t<div class=\"vc_column-inner\" >\n\t\t\t<div class=\"wpb_wrapper\">\n\t\t\t\t\n\t\t\t<\/div> \n\t\t<\/div>\n\t<\/div> \n<\/div><\/div>\n\t\t<div id=\"fws_69de5c8cca2fc\"  data-br=\"5px\" data-br-applies=\"bg\" data-column-margin=\"default\" data-midnight=\"dark\"  class=\"wpb_row vc_row-fluid vc_row vc_row-o-equal-height vc_row-flex\"  style=\"padding-top: 0px; padding-bottom: 0px; \"><div class=\"row-bg-wrap\" data-bg-animation=\"none\" data-bg-animation-delay=\"\" data-bg-overlay=\"false\"><div class=\"inner-wrap row-bg-layer\" ><div class=\"row-bg viewport-desktop\"  style=\"\"><\/div><\/div><\/div><div class=\"row_col_wrap_12 col span_12 dark left\">\n\t<div  class=\"vc_col-sm-4 wpb_column column_container vc_column_container col padding-3-percent inherit_tablet inherit_phone flex_gap_desktop_10px \"  data-border-radius=\"3px\" data-shadow=\"small_depth\" data-padding-pos=\"all\" data-has-bg-color=\"false\" data-bg-color=\"\" data-bg-opacity=\"1\" data-animation=\"\" data-delay=\"0\" >\n\t\t<div class=\"vc_column-inner\" ><div class=\"column-bg-overlay-wrap column-bg-layer\" data-bg-animation=\"none\"><div class=\"column-bg-overlay\"><\/div><\/div>\n\t\t\t<div class=\"wpb_wrapper\">\n\t\t\t\t\n<div class=\"wpb_text_column wpb_content_element \" >\n\t<p>Der DDP10EF verf\u00fcgt \u00fcber eine NVME SSD-Kapazit\u00e4t von 300 TB und der DDP78EXR wurde mit 1,2 PB Festplattenspeicher ausgestattet.<br \/>\nZus\u00e4tzlich zu den Standard-Windows-, Linux- und Mac-Computern mussten auch ein 4K-Scanner und ein Archiv-Computer integriert werden.<br \/>\nDas vorherige System basierte auf Fibre Channel, aber der Kunde konnte die Glasfaserkabel-Infrastruktur beibehalten, indem er die FC-Transceiver durch 100Gbit Ethernet-Transceiver ersetzte.<\/p>\n<\/div>\n\n\n\n\n\t\t\t<\/div> \n\t\t<\/div>\n\t<\/div> \n\n\t<div  class=\"vc_col-sm-4 wpb_column column_container vc_column_container col padding-3-percent inherit_tablet inherit_phone flex_gap_desktop_10px \"  data-border-radius=\"3px\" data-shadow=\"small_depth\" data-padding-pos=\"all\" data-has-bg-color=\"false\" data-bg-color=\"\" data-bg-opacity=\"1\" data-animation=\"\" data-delay=\"0\" >\n\t\t<div class=\"vc_column-inner\" ><div class=\"column-bg-overlay-wrap column-bg-layer\" data-bg-animation=\"none\"><div class=\"column-bg-overlay\"><\/div><\/div>\n\t\t\t<div class=\"wpb_wrapper\">\n\t\t\t\t\n<div class=\"wpb_text_column wpb_content_element \" >\n\t<p>Sowohl die Windows- als auch die Linux-Computer waren \u00fcber einen Ethernet-Switch verbunden und verwenden das NVME-oF\/RDMA-Protokoll. Die Macs und einige andere Linux-Computer nutzen stattdessen iSCSI. Zun\u00e4chst war der Kunde sehr z\u00f6gerlich, \u00fcberhaupt eine andere L\u00f6sung als Fibre Channel in Betracht zu ziehen. Aber am Ende erkannten sie die Vorteile, die Standard-Ethernet bietet. Die Verwendung eines Filmscanners in Kombination mit gemeinsamem Speicher kann komplex sein.<\/p>\n<p>Zun\u00e4chst muss sichergestellt werden, dass die Daten immer und unabh\u00e4ngig von der Situation erfasst werden.<\/p>\n<\/div>\n\n\n\n\n\t\t\t<\/div> \n\t\t<\/div>\n\t<\/div> \n\n\t<div  class=\"vc_col-sm-4 wpb_column column_container vc_column_container col padding-3-percent inherit_tablet inherit_phone flex_gap_desktop_10px \"  data-border-radius=\"3px\" data-shadow=\"small_depth\" data-padding-pos=\"all\" data-has-bg-color=\"false\" data-bg-color=\"\" data-bg-opacity=\"1\" data-animation=\"\" data-delay=\"0\" >\n\t\t<div class=\"vc_column-inner\" ><div class=\"column-bg-overlay-wrap column-bg-layer\" data-bg-animation=\"none\"><div class=\"column-bg-overlay\"><\/div><\/div>\n\t\t\t<div class=\"wpb_wrapper\">\n\t\t\t\t\n<div class=\"wpb_text_column wpb_content_element \" >\n\t<p>Zweitens k\u00f6nnen der Scanner und der Scanning-Computer manchmal am Ende ihrer Lebensdauer mit veralteten Linux-Versionen noch im Betrieb sein.<\/p>\n<p>Drittens verwenden einige Scanning-Computer kein Caching. In manchen Situationen k\u00f6nnte man sagen, der Teufel steckt im Detail. Dies ist insbesondere dann der Fall, wenn neben Standard-Mac-, Windows- und Linux-Computern und -Anwendungen auch komplexere gemeinsam genutzte Ger\u00e4te angeschlossen werden m\u00fcssen.<br \/>\nDie Tatsache, dass A\/V FS ein intern entwickeltes Dateisystem ist, kommt dabei oft sehr zugute.<\/p>\n<\/div>\n\n\n\n\n\t\t\t<\/div> \n\t\t<\/div>\n\t<\/div> \n<\/div><\/div>\n\t\t<div id=\"fws_69de5c8ccb279\"  data-column-margin=\"default\" data-midnight=\"dark\"  class=\"wpb_row vc_row-fluid vc_row vc_row-o-equal-height vc_row-flex\"  style=\"padding-top: 0px; padding-bottom: 0px; \"><div class=\"row-bg-wrap\" data-bg-animation=\"none\" data-bg-animation-delay=\"\" data-bg-overlay=\"false\"><div class=\"inner-wrap row-bg-layer\" ><div class=\"row-bg viewport-desktop\"  style=\"\"><\/div><\/div><\/div><div class=\"row_col_wrap_12 col span_12 dark left\">\n\t<div  class=\"vc_col-sm-6 wpb_column column_container vc_column_container col no-extra-padding inherit_tablet inherit_phone flex_gap_desktop_10px \"  data-border-radius=\"3px\" data-shadow=\"small_depth\" data-padding-pos=\"all\" data-has-bg-color=\"false\" data-bg-color=\"\" data-bg-opacity=\"1\" data-animation=\"\" data-delay=\"0\" >\n\t\t<div class=\"vc_column-inner\" ><div class=\"column-bg-overlay-wrap column-bg-layer\" data-bg-animation=\"none\"><div class=\"column-bg-overlay\"><\/div><\/div>\n\t\t\t<div class=\"wpb_wrapper\">\n\t\t\t\t<div class=\"img-with-aniamtion-wrap \" data-max-width=\"100%\" data-max-width-mobile=\"default\" data-shadow=\"none\" data-animation=\"none\" >\n      <div class=\"inner\">\n        <div class=\"hover-wrap\"> \n          <div class=\"hover-wrap-inner\">\n            <img loading=\"lazy\" decoding=\"async\" class=\"img-with-animation skip-lazy\" data-delay=\"0\" height=\"744\" width=\"1594\" data-animation=\"none\" src=\"https:\/\/ddpsan.com\/wp-content\/smush-webp\/2025\/03\/Case5-4-8-10K.png.webp\" alt=\"Working with 2-4-8K DPX material\" srcset=\"https:\/\/ddpsan.com\/wp-content\/smush-webp\/2025\/03\/Case5-4-8-10K.png.webp 1594w, https:\/\/ddpsan.com\/wp-content\/smush-webp\/2025\/03\/Case5-4-8-10K-300x140.png.webp 300w, https:\/\/ddpsan.com\/wp-content\/smush-webp\/2025\/03\/Case5-4-8-10K-1024x478.png.webp 1024w, https:\/\/ddpsan.com\/wp-content\/smush-webp\/2025\/03\/Case5-4-8-10K-768x358.png.webp 768w\" sizes=\"auto, (max-width: 1594px) 100vw, 1594px\" \/>\n          <\/div>\n        <\/div>\n        \n      <\/div>\n    <\/div>\n<div class=\"wpb_text_column wpb_content_element \" >\n\t<h6><em>Vielen Dank an HDQ Walls, DSDisplayTV, LYimg und McQueen Wallpapers f\u00fcr die Bilder und Elvin f\u00fcr das Video.<\/em><\/h6>\n<h6><em>Das video zeigt 7.6 GB\/s running 8K uncompressed DPX Sequence mit DDP award winning shared storage.<\/em><\/h6>\n<\/div>\n\n\n\n\n\t\t\t<\/div> \n\t\t<\/div>\n\t<\/div> \n\n\t<div  class=\"vc_col-sm-6 wpb_column column_container vc_column_container col no-extra-padding inherit_tablet inherit_phone flex_gap_desktop_10px \"  data-border-radius=\"3px\" data-shadow=\"small_depth\" data-padding-pos=\"all\" data-has-bg-color=\"false\" data-bg-color=\"\" data-bg-opacity=\"1\" data-animation=\"\" data-delay=\"0\" >\n\t\t<div class=\"vc_column-inner\" ><div class=\"column-bg-overlay-wrap column-bg-layer\" data-bg-animation=\"none\"><div class=\"column-bg-overlay\"><\/div><\/div>\n\t\t\t<div class=\"wpb_wrapper\">\n\t\t\t\t<div class=\"nectar-video-box\" data-color=\"default-accent-color\"  data-play-button-size=\"default\" data-border-radius=\"none\" data-hover=\"defaut\" data-shadow=\"none\"><div class=\"inner-wrap\"><a href=\"https:\/\/youtube.com\/watch?v=EFg4Wnhq_WM\" class=\"full-link pp\"><span class=\"screen-reader-text\">Play Video<\/span><\/a><img loading=\"lazy\" decoding=\"async\" width=\"640\" height=\"480\" src=\"https:\/\/ddpsan.com\/wp-content\/smush-webp\/2025\/03\/EFg4Wnhq_WM.jpg.webp\" class=\"attachment-full size-full\" alt=\"\" srcset=\"https:\/\/ddpsan.com\/wp-content\/smush-webp\/2025\/03\/EFg4Wnhq_WM.jpg.webp 640w, https:\/\/ddpsan.com\/wp-content\/smush-webp\/2025\/03\/EFg4Wnhq_WM-300x225.jpg.webp 300w\" sizes=\"auto, (max-width: 640px) 100vw, 640px\" \/><a href=\"https:\/\/youtube.com\/watch?v=EFg4Wnhq_WM\"  data-style=\"default\" data-parent-hover=\"\" data-font-style=\"p\" data-color=\"default\" class=\"play_button_2 large nectar_video_lightbox pp\"><span><span class=\"screen-reader-text\">Play Video<\/span><span class=\"play\"><span class=\"inner-wrap inner\"><svg role=\"none\" version=\"1.1\"\n\t xmlns=\"http:\/\/www.w3.org\/2000\/svg\" xmlns:xlink=\"http:\/\/www.w3.org\/1999\/xlink\" width=\"600px\" height=\"800px\" x=\"0px\" y=\"0px\" viewBox=\"0 0 600 800\" enable-background=\"new 0 0 600 800\" xml:space=\"preserve\"><path fill=\"none\" d=\"M0-1.79v800L600,395L0-1.79z\"><\/path> <\/svg><\/span><\/span><\/span><\/a><\/div><\/div>\n\t\t\t<\/div> \n\t\t<\/div>\n\t<\/div> \n<\/div><\/div>\n\t\t<div id=\"fws_69de5c8cccabf\"  data-column-margin=\"default\" data-midnight=\"dark\"  class=\"wpb_row vc_row-fluid vc_row\"  style=\"padding-top: 0px; padding-bottom: 0px; \"><div class=\"row-bg-wrap\" data-bg-animation=\"none\" data-bg-animation-delay=\"\" data-bg-overlay=\"false\"><div class=\"inner-wrap row-bg-layer\" ><div class=\"row-bg viewport-desktop\"  style=\"\"><\/div><\/div><\/div><div class=\"row_col_wrap_12 col span_12 dark left\">\n\t<div  class=\"vc_col-sm-12 wpb_column column_container vc_column_container col padding-5-percent inherit_tablet inherit_phone flex_gap_desktop_10px \"  data-padding-pos=\"all\" data-has-bg-color=\"false\" data-bg-color=\"\" data-bg-opacity=\"1\" data-animation=\"\" data-delay=\"0\" >\n\t\t<div class=\"vc_column-inner\" >\n\t\t\t<div class=\"wpb_wrapper\">\n\t\t\t\t\n<div class=\"wpb_text_column wpb_content_element \" >\n\t<p style=\"text-align: center;\">Auf der Webseite www.ddpsan.com\/de\/produkte\/ und dann DDP10EF finden Sie alle technischen Details<br \/>\nzum Arbeiten mit diesem DDP in Ihrem Unternehmen<\/p>\n<p style=\"text-align: center;\"><a href=\"https:\/\/ddpsan.com\/de\/produkte\/ddp10ef\/\" target=\"_blank\" rel=\"noopener\"><strong>Gehen Sie bitte zur DDP10EF-Seite<\/strong><\/a><\/p>\n<\/div>\n\n\n\n\n\t\t\t<\/div> \n\t\t<\/div>\n\t<\/div> \n<\/div><\/div>\n","protected":false},"excerpt":{"rendered":"DDP10EF W\u00e4hrend Der Arbeit Mit 2K-, 4K- Und 8K-DPX-Material Der Kunde hat ein DDP10EF mit einem DDP78EXR-Speicherarray erworben, um vorhandene Filme in h\u00f6chster Aufl\u00f6sung zu scannen und zu digitalisieren und...","protected":false},"author":2,"featured_media":0,"parent":0,"menu_order":0,"comment_status":"closed","ping_status":"closed","template":"","meta":{"footnotes":""},"class_list":["post-4849","page","type-page","status-publish"],"yoast_head":"<!-- This site is optimized with the Yoast SEO plugin v27.3 - https:\/\/yoast.com\/product\/yoast-seo-wordpress\/ -->\n<title>DDP10EF for 2K, 4K and 8K DPX material - DDPSAN<\/title>\n<meta name=\"description\" content=\"Diese User Case erz\u00e4hlt \u00fcber einen HA DDP10EF f\u00fcr 2K, 4K, 8K und DPX Material Ingest, Playout &amp; Editing im M &amp; E Branche\" \/>\n<meta name=\"robots\" content=\"index, follow, max-snippet:-1, max-image-preview:large, max-video-preview:-1\" \/>\n<link rel=\"canonical\" href=\"https:\/\/ddpsan.com\/de\/ddp10ef-for-2k-4k-and-8k-dpx-material\/\" \/>\n<meta property=\"og:locale\" content=\"de_DE\" \/>\n<meta property=\"og:type\" content=\"article\" \/>\n<meta property=\"og:title\" content=\"DDP10EF for 2K, 4K and 8K DPX material - DDPSAN\" \/>\n<meta property=\"og:description\" content=\"Diese User Case erz\u00e4hlt \u00fcber einen HA DDP10EF f\u00fcr 2K, 4K, 8K und DPX Material Ingest, Playout &amp; Editing im M &amp; E Branche\" \/>\n<meta property=\"og:url\" content=\"https:\/\/ddpsan.com\/de\/ddp10ef-for-2k-4k-and-8k-dpx-material\/\" \/>\n<meta property=\"og:site_name\" content=\"DDPSAN\" \/>\n<meta property=\"article:modified_time\" content=\"2026-01-02T13:35:26+00:00\" \/>\n<meta name=\"twitter:card\" content=\"summary_large_image\" \/>\n<meta name=\"twitter:label1\" content=\"Gesch\u00e4tzte Lesezeit\" \/>\n\t<meta name=\"twitter:data1\" content=\"2\u00a0Minuten\" \/>\n<script type=\"application\/ld+json\" class=\"yoast-schema-graph\">{\"@context\":\"https:\\\/\\\/schema.org\",\"@graph\":[{\"@type\":\"WebPage\",\"@id\":\"https:\\\/\\\/ddpsan.com\\\/de\\\/ddp10ef-for-2k-4k-and-8k-dpx-material\\\/\",\"url\":\"https:\\\/\\\/ddpsan.com\\\/de\\\/ddp10ef-for-2k-4k-and-8k-dpx-material\\\/\",\"name\":\"DDP10EF for 2K, 4K and 8K DPX material - DDPSAN\",\"isPartOf\":{\"@id\":\"https:\\\/\\\/ddpsan.com\\\/de\\\/#website\"},\"datePublished\":\"2025-03-04T14:36:46+00:00\",\"dateModified\":\"2026-01-02T13:35:26+00:00\",\"description\":\"Diese User Case erz\u00e4hlt \u00fcber einen HA DDP10EF f\u00fcr 2K, 4K, 8K und DPX Material Ingest, Playout & Editing im M & E Branche\",\"breadcrumb\":{\"@id\":\"https:\\\/\\\/ddpsan.com\\\/de\\\/ddp10ef-for-2k-4k-and-8k-dpx-material\\\/#breadcrumb\"},\"inLanguage\":\"de\",\"potentialAction\":[{\"@type\":\"ReadAction\",\"target\":[\"https:\\\/\\\/ddpsan.com\\\/de\\\/ddp10ef-for-2k-4k-and-8k-dpx-material\\\/\"]}]},{\"@type\":\"BreadcrumbList\",\"@id\":\"https:\\\/\\\/ddpsan.com\\\/de\\\/ddp10ef-for-2k-4k-and-8k-dpx-material\\\/#breadcrumb\",\"itemListElement\":[{\"@type\":\"ListItem\",\"position\":1,\"name\":\"Home\",\"item\":\"https:\\\/\\\/ddpsan.com\\\/de\\\/\"},{\"@type\":\"ListItem\",\"position\":2,\"name\":\"DDP10EF for 2K, 4K and 8K DPX material\"}]},{\"@type\":\"WebSite\",\"@id\":\"https:\\\/\\\/ddpsan.com\\\/de\\\/#website\",\"url\":\"https:\\\/\\\/ddpsan.com\\\/de\\\/\",\"name\":\"DDPSAN\",\"description\":\"Dynamic Drive Pool by Ardistech\",\"potentialAction\":[{\"@type\":\"SearchAction\",\"target\":{\"@type\":\"EntryPoint\",\"urlTemplate\":\"https:\\\/\\\/ddpsan.com\\\/de\\\/?s={search_term_string}\"},\"query-input\":{\"@type\":\"PropertyValueSpecification\",\"valueRequired\":true,\"valueName\":\"search_term_string\"}}],\"inLanguage\":\"de\"}]}<\/script>\n<!-- \/ Yoast SEO plugin. -->","yoast_head_json":{"title":"DDP10EF for 2K, 4K and 8K DPX material - DDPSAN","description":"Diese User Case erz\u00e4hlt \u00fcber einen HA DDP10EF f\u00fcr 2K, 4K, 8K und DPX Material Ingest, Playout & Editing im M & E Branche","robots":{"index":"index","follow":"follow","max-snippet":"max-snippet:-1","max-image-preview":"max-image-preview:large","max-video-preview":"max-video-preview:-1"},"canonical":"https:\/\/ddpsan.com\/de\/ddp10ef-for-2k-4k-and-8k-dpx-material\/","og_locale":"de_DE","og_type":"article","og_title":"DDP10EF for 2K, 4K and 8K DPX material - DDPSAN","og_description":"Diese User Case erz\u00e4hlt \u00fcber einen HA DDP10EF f\u00fcr 2K, 4K, 8K und DPX Material Ingest, Playout & Editing im M & E Branche","og_url":"https:\/\/ddpsan.com\/de\/ddp10ef-for-2k-4k-and-8k-dpx-material\/","og_site_name":"DDPSAN","article_modified_time":"2026-01-02T13:35:26+00:00","twitter_card":"summary_large_image","twitter_misc":{"Gesch\u00e4tzte Lesezeit":"2\u00a0Minuten"},"schema":{"@context":"https:\/\/schema.org","@graph":[{"@type":"WebPage","@id":"https:\/\/ddpsan.com\/de\/ddp10ef-for-2k-4k-and-8k-dpx-material\/","url":"https:\/\/ddpsan.com\/de\/ddp10ef-for-2k-4k-and-8k-dpx-material\/","name":"DDP10EF for 2K, 4K and 8K DPX material - DDPSAN","isPartOf":{"@id":"https:\/\/ddpsan.com\/de\/#website"},"datePublished":"2025-03-04T14:36:46+00:00","dateModified":"2026-01-02T13:35:26+00:00","description":"Diese User Case erz\u00e4hlt \u00fcber einen HA DDP10EF f\u00fcr 2K, 4K, 8K und DPX Material Ingest, Playout & Editing im M & E Branche","breadcrumb":{"@id":"https:\/\/ddpsan.com\/de\/ddp10ef-for-2k-4k-and-8k-dpx-material\/#breadcrumb"},"inLanguage":"de","potentialAction":[{"@type":"ReadAction","target":["https:\/\/ddpsan.com\/de\/ddp10ef-for-2k-4k-and-8k-dpx-material\/"]}]},{"@type":"BreadcrumbList","@id":"https:\/\/ddpsan.com\/de\/ddp10ef-for-2k-4k-and-8k-dpx-material\/#breadcrumb","itemListElement":[{"@type":"ListItem","position":1,"name":"Home","item":"https:\/\/ddpsan.com\/de\/"},{"@type":"ListItem","position":2,"name":"DDP10EF for 2K, 4K and 8K DPX material"}]},{"@type":"WebSite","@id":"https:\/\/ddpsan.com\/de\/#website","url":"https:\/\/ddpsan.com\/de\/","name":"DDPSAN","description":"Dynamic Drive Pool by Ardistech","potentialAction":[{"@type":"SearchAction","target":{"@type":"EntryPoint","urlTemplate":"https:\/\/ddpsan.com\/de\/?s={search_term_string}"},"query-input":{"@type":"PropertyValueSpecification","valueRequired":true,"valueName":"search_term_string"}}],"inLanguage":"de"}]}},"_links":{"self":[{"href":"https:\/\/ddpsan.com\/de\/wp-json\/wp\/v2\/pages\/4849","targetHints":{"allow":["GET"]}}],"collection":[{"href":"https:\/\/ddpsan.com\/de\/wp-json\/wp\/v2\/pages"}],"about":[{"href":"https:\/\/ddpsan.com\/de\/wp-json\/wp\/v2\/types\/page"}],"author":[{"embeddable":true,"href":"https:\/\/ddpsan.com\/de\/wp-json\/wp\/v2\/users\/2"}],"replies":[{"embeddable":true,"href":"https:\/\/ddpsan.com\/de\/wp-json\/wp\/v2\/comments?post=4849"}],"version-history":[{"count":13,"href":"https:\/\/ddpsan.com\/de\/wp-json\/wp\/v2\/pages\/4849\/revisions"}],"predecessor-version":[{"id":6813,"href":"https:\/\/ddpsan.com\/de\/wp-json\/wp\/v2\/pages\/4849\/revisions\/6813"}],"wp:attachment":[{"href":"https:\/\/ddpsan.com\/de\/wp-json\/wp\/v2\/media?parent=4849"}],"curies":[{"name":"wp","href":"https:\/\/api.w.org\/{rel}","templated":true}]}}