{"id":4847,"date":"2025-02-26T11:37:05","date_gmt":"2025-02-26T10:37:05","guid":{"rendered":"https:\/\/ddpsan.com\/broadcaster-using-ha-ddp\/"},"modified":"2026-01-02T14:31:12","modified_gmt":"2026-01-02T13:31:12","slug":"broadcaster-using-ha-ddp","status":"publish","type":"page","link":"https:\/\/ddpsan.com\/de\/broadcaster-using-ha-ddp\/","title":{"rendered":"Broadcaster using HA DDP"},"content":{"rendered":"\n\t\t<div id=\"fws_69e06b5706fe5\"  data-column-margin=\"default\" data-midnight=\"dark\"  class=\"wpb_row vc_row-fluid vc_row full-width-content vc_row-o-equal-height vc_row-flex vc_row-o-content-top\"  style=\"padding-top: 0px; padding-bottom: 0px; \"><div class=\"row-bg-wrap\" data-bg-animation=\"none\" data-bg-animation-delay=\"\" data-bg-overlay=\"false\"><div class=\"inner-wrap row-bg-layer\" ><div class=\"row-bg viewport-desktop\"  style=\"\"><\/div><\/div><\/div><div class=\"row_col_wrap_12 col span_12 dark left\">\n\t<div  class=\"vc_col-sm-12 wpb_column column_container vc_column_container col no-extra-padding inherit_tablet inherit_phone flex_gap_desktop_10px \"  data-padding-pos=\"all\" data-has-bg-color=\"false\" data-bg-color=\"\" data-bg-opacity=\"1\" data-animation=\"\" data-delay=\"0\" >\n\t\t<div class=\"vc_column-inner\" >\n\t\t\t<div class=\"wpb_wrapper\">\n\t\t\t\t<div class=\"img-with-aniamtion-wrap center\" data-max-width=\"100%\" data-max-width-mobile=\"default\" data-shadow=\"none\" data-animation=\"none\" >\n      <div class=\"inner\">\n        <div class=\"hover-wrap\"> \n          <div class=\"hover-wrap-inner\">\n            <img loading=\"lazy\" decoding=\"async\" class=\"img-with-animation skip-lazy\" data-delay=\"0\" height=\"861\" width=\"2978\" data-animation=\"none\" src=\"https:\/\/ddpsan.com\/wp-content\/smush-webp\/2025\/03\/Header-UC2-India.png.webp\" alt=\"Header India UserCase\" srcset=\"https:\/\/ddpsan.com\/wp-content\/smush-webp\/2025\/03\/Header-UC2-India.png.webp 2978w, https:\/\/ddpsan.com\/wp-content\/smush-webp\/2025\/03\/Header-UC2-India-300x87.png.webp 300w, https:\/\/ddpsan.com\/wp-content\/smush-webp\/2025\/03\/Header-UC2-India-1024x296.png.webp 1024w, https:\/\/ddpsan.com\/wp-content\/smush-webp\/2025\/03\/Header-UC2-India-768x222.png.webp 768w\" sizes=\"auto, (max-width: 2978px) 100vw, 2978px\" \/>\n          <\/div>\n        <\/div>\n        \n      <\/div>\n    <\/div>\n\t\t\t<\/div> \n\t\t<\/div>\n\t<\/div> \n<\/div><\/div>\n\t\t<div id=\"fws_69e06b570ccf5\"  data-column-margin=\"default\" data-midnight=\"dark\"  class=\"wpb_row vc_row-fluid vc_row\"  style=\"padding-top: 0px; padding-bottom: 0px; \"><div class=\"row-bg-wrap\" data-bg-animation=\"none\" data-bg-animation-delay=\"\" data-bg-overlay=\"false\"><div class=\"inner-wrap row-bg-layer\" ><div class=\"row-bg viewport-desktop\"  style=\"\"><\/div><\/div><\/div><div class=\"row_col_wrap_12 col span_12 dark left\">\n\t<div  class=\"vc_col-sm-12 wpb_column column_container vc_column_container col padding-7-percent inherit_tablet inherit_phone \"  data-padding-pos=\"all\" data-has-bg-color=\"false\" data-bg-color=\"\" data-bg-opacity=\"1\" data-animation=\"\" data-delay=\"0\" >\n\t\t<div class=\"vc_column-inner\" >\n\t\t\t<div class=\"wpb_wrapper\">\n\t\t\t\t\n<div class=\"wpb_text_column wpb_content_element \" >\n\t<h3><\/h3>\n<\/div>\n\n\n\n\n<div class=\"wpb_text_column wpb_content_element  cochin-bold\" >\n\t<h2>Rundfunkanstalten Nutzen HA DDP F\u00fcr Ingest, Playout &amp; Editing<\/h2>\n<\/div>\n\n\n\n\n<div class=\"wpb_text_column wpb_content_element  wpb_animate_when_almost_visible wpb_bounceInRight bounceInRight vc_custom_1767358947307 cochin-regular\" >\n\t<h3>Das Unternehmen ist ein Rundfunkanstalt mit 60 Editoren sowie Play-out-, Ingest-, Transcoding-Maschinen und einem MAM von Aveco sowie einem Backup-\/Archiv-Computer, der mit den HA DDP-L\u00f6sungen verbunden ist.<\/h3>\n<\/div>\n\n\n\n\n\t\t\t<\/div> \n\t\t<\/div>\n\t<\/div> \n<\/div><\/div>\n\t\t<div id=\"fws_69e06b570f868\"  data-br=\"5px\" data-br-applies=\"bg\" data-column-margin=\"default\" data-midnight=\"dark\"  class=\"wpb_row vc_row-fluid vc_row vc_row-o-equal-height vc_row-flex\"  style=\"padding-top: 0px; padding-bottom: 0px; \"><div class=\"row-bg-wrap\" data-bg-animation=\"none\" data-bg-animation-delay=\"\" data-bg-overlay=\"false\"><div class=\"inner-wrap row-bg-layer\" ><div class=\"row-bg viewport-desktop\"  style=\"\"><\/div><\/div><\/div><div class=\"row_col_wrap_12 col span_12 dark left\">\n\t<div  class=\"vc_col-sm-4 wpb_column column_container vc_column_container col padding-3-percent inherit_tablet inherit_phone flex_gap_desktop_10px \"  data-border-radius=\"3px\" data-shadow=\"small_depth\" data-padding-pos=\"all\" data-has-bg-color=\"false\" data-bg-color=\"\" data-bg-opacity=\"1\" data-animation=\"\" data-delay=\"0\" >\n\t\t<div class=\"vc_column-inner\" ><div class=\"column-bg-overlay-wrap column-bg-layer\" data-bg-animation=\"none\"><div class=\"column-bg-overlay\"><\/div><\/div>\n\t\t\t<div class=\"wpb_wrapper\">\n\t\t\t\t\n<div class=\"wpb_text_column wpb_content_element \" >\n\t<p>Angesichts dieser Anzahl und der Bedenken hinsichtlich der Folgen eines Systemausfalls ist es leicht verst\u00e4ndlich, warum eine vollst\u00e4ndig redundante L\u00f6sung gew\u00e4hlt wurde.<\/p>\n<p>Da die Playout-Systeme Inhalte mit begrenzten Puffern direkt aus dem Speicher wiedergeben, war ein ausfallsicheres System mit kurzen Umschaltzeiten erforderlich, das f\u00fcr alle angeschlossenen Ger\u00e4te transparent ist.<\/p>\n<p>Ein weiterer wichtiger Faktor ist die M\u00f6glichkeit, Wartungsaufgaben wie \u00dcberpr\u00fcfungen und Aktualisierungen durchzuf\u00fchren, w\u00e4hrend das DDP voll betriebsbereit ist.<\/p>\n<\/div>\n\n\n\n\n\t\t\t<\/div> \n\t\t<\/div>\n\t<\/div> \n\n\t<div  class=\"vc_col-sm-4 wpb_column column_container vc_column_container col padding-3-percent inherit_tablet inherit_phone flex_gap_desktop_10px \"  data-border-radius=\"3px\" data-shadow=\"small_depth\" data-padding-pos=\"all\" data-has-bg-color=\"false\" data-bg-color=\"\" data-bg-opacity=\"1\" data-animation=\"\" data-delay=\"0\" >\n\t\t<div class=\"vc_column-inner\" ><div class=\"column-bg-overlay-wrap column-bg-layer\" data-bg-animation=\"none\"><div class=\"column-bg-overlay\"><\/div><\/div>\n\t\t\t<div class=\"wpb_wrapper\">\n\t\t\t\t\n<div class=\"wpb_text_column wpb_content_element \" >\n\t<p>Das HA DDP bestand aus dem Dual HA DDPHead, einem DS1024, 2U mit 16 x 3,82 TB SAS SSDs, die als Cache definiert wurden, sowie einer 16-Bay-Einheit, die mit 20TB Festplatten gef\u00fcllt war, also 360TB, konfiguriert als RAID 6.<br \/>\nDie Cache-Gr\u00f6\u00dfe von 51TB nutzbarer Kapazit\u00e4t nach RAID 5 ist ausreichend, um vom Cache zu arbeiten und abgeschlossene Projekte aus dem Cache zu entfernen sowie Projektdaten in den Cache zu \u00fcbernehmen.<br \/>\nAufgrund dieses Cache-basierten Workflows ist die Bandbreite von 2GB\/s immer ausreichend, unabh\u00e4ngig davon, welches Video- oder Audioformat verwendet wird.<\/p>\n<\/div>\n\n\n\n\n\t\t\t<\/div> \n\t\t<\/div>\n\t<\/div> \n\n\t<div  class=\"vc_col-sm-4 wpb_column column_container vc_column_container col padding-3-percent inherit_tablet inherit_phone flex_gap_desktop_10px \"  data-border-radius=\"3px\" data-shadow=\"small_depth\" data-padding-pos=\"all\" data-has-bg-color=\"false\" data-bg-color=\"\" data-bg-opacity=\"1\" data-animation=\"\" data-delay=\"0\" >\n\t\t<div class=\"vc_column-inner\" ><div class=\"column-bg-overlay-wrap column-bg-layer\" data-bg-animation=\"none\"><div class=\"column-bg-overlay\"><\/div><\/div>\n\t\t\t<div class=\"wpb_wrapper\">\n\t\t\t\t\n<div class=\"wpb_text_column wpb_content_element \" >\n\t<p>Es gibt Situationen, in denen Daten aus abgeschlossenen Projekten erneut abgerufen werden m\u00fcssen.<br \/>\nIn diesen F\u00e4llen wird das Material von den Festplatten wiedergeben.<br \/>\nSowohl der Cache als auch die Festplatten k\u00f6nnen gleichzeitig abgerufen werden.<br \/>\nDar\u00fcber hinaus l\u00e4uft auf dem System unser Audio\/Video-Dateisystem &#8211; A\/V FS &#8211; als Dateisystem.<br \/>\nA\/V FS ist ein hochverf\u00fcgbares, skalierbares Dateisystem, das speziell f\u00fcr M &amp; E entwickelt wurde.<br \/>\nDer projekt- und dateibasierte Caching-Mechanismus ist eine einzigartige Eigenschaft von A\/V FS.<\/p>\n<\/div>\n\n\n\n\n\t\t\t<\/div> \n\t\t<\/div>\n\t<\/div> \n<\/div><\/div>\n\t\t<div id=\"fws_69e06b571286d\"  data-column-margin=\"default\" data-midnight=\"dark\"  class=\"wpb_row vc_row-fluid vc_row vc_row-o-equal-height vc_row-flex vc_row-o-content-bottom\"  style=\"padding-top: 0px; padding-bottom: 0px; \"><div class=\"row-bg-wrap\" data-bg-animation=\"none\" data-bg-animation-delay=\"\" data-bg-overlay=\"false\"><div class=\"inner-wrap row-bg-layer\" ><div class=\"row-bg viewport-desktop\"  style=\"\"><\/div><\/div><\/div><div class=\"row_col_wrap_12 col span_12 dark left\">\n\t<div  class=\"vc_col-sm-4 wpb_column column_container vc_column_container col no-extra-padding inherit_tablet inherit_phone flex_gap_desktop_10px \"  data-padding-pos=\"all\" data-has-bg-color=\"false\" data-bg-color=\"\" data-bg-opacity=\"1\" data-animation=\"\" data-delay=\"0\" >\n\t\t<div class=\"vc_column-inner\" >\n\t\t\t<div class=\"wpb_wrapper\">\n\t\t\t\t<div class=\"img-with-aniamtion-wrap \" data-max-width=\"100%\" data-max-width-mobile=\"default\" data-shadow=\"none\" data-animation=\"none\" >\n      <div class=\"inner\">\n        <div class=\"hover-wrap\"> \n          <div class=\"hover-wrap-inner\">\n            <img loading=\"lazy\" decoding=\"async\" class=\"img-with-animation skip-lazy\" data-delay=\"0\" height=\"1440\" width=\"2560\" data-animation=\"none\" src=\"https:\/\/ddpsan.com\/wp-content\/smush-webp\/2025\/02\/IMG_6217-scaled.jpeg.webp\" alt=\"\" srcset=\"https:\/\/ddpsan.com\/wp-content\/smush-webp\/2025\/02\/IMG_6217-scaled.jpeg.webp 2560w, https:\/\/ddpsan.com\/wp-content\/smush-webp\/2025\/02\/IMG_6217-300x169.jpeg.webp 300w, https:\/\/ddpsan.com\/wp-content\/smush-webp\/2025\/02\/IMG_6217-1024x576.jpeg.webp 1024w, https:\/\/ddpsan.com\/wp-content\/smush-webp\/2025\/02\/IMG_6217-768x432.jpeg.webp 768w\" sizes=\"auto, (max-width: 2560px) 100vw, 2560px\" \/>\n          <\/div>\n        <\/div>\n        \n      <\/div>\n    <\/div>\n\t\t\t<\/div> \n\t\t<\/div>\n\t<\/div> \n\n\t<div  class=\"vc_col-sm-4 wpb_column column_container vc_column_container col padding-3-percent inherit_tablet inherit_phone flex_gap_desktop_10px \"  data-border-radius=\"3px\" data-shadow=\"small_depth\" data-padding-pos=\"all\" data-has-bg-color=\"false\" data-bg-color=\"\" data-bg-opacity=\"1\" data-animation=\"\" data-delay=\"0\" >\n\t\t<div class=\"vc_column-inner\" ><div class=\"column-bg-overlay-wrap column-bg-layer\" data-bg-animation=\"none\"><div class=\"column-bg-overlay\"><\/div><\/div>\n\t\t\t<div class=\"wpb_wrapper\">\n\t\t\t\t\n<div class=\"wpb_text_column wpb_content_element \" >\n\t<p style=\"text-align: center;\">Auf der Webseite www.ddpsan.com\/products finden Sie im Bereich \u201eHA DDPs\u201c verschiedene Konfigurationsm\u00f6glichkeiten f\u00fcr den Betrieb von HA DDPs in Ihrem Unternehmen<\/p>\n<p style=\"text-align: center;\"><a href=\"https:\/\/ddpsan.com\/de\/produkte\/high-availability-ddps\/\" target=\"_blank\" rel=\"noopener\"><strong>Zur Seite HA DDPs<\/strong><\/a><\/p>\n<\/div>\n\n\n\n\n\t\t\t<\/div> \n\t\t<\/div>\n\t<\/div> \n\n\t<div  class=\"vc_col-sm-4 wpb_column column_container vc_column_container col no-extra-padding inherit_tablet inherit_phone flex_gap_desktop_10px \"  data-padding-pos=\"all\" data-has-bg-color=\"false\" data-bg-color=\"\" data-bg-opacity=\"1\" data-animation=\"\" data-delay=\"0\" >\n\t\t<div class=\"vc_column-inner\" >\n\t\t\t<div class=\"wpb_wrapper\">\n\t\t\t\t<div class=\"img-with-aniamtion-wrap \" data-max-width=\"100%\" data-max-width-mobile=\"default\" data-shadow=\"none\" data-animation=\"none\" >\n      <div class=\"inner\">\n        <div class=\"hover-wrap\"> \n          <div class=\"hover-wrap-inner\">\n            <img loading=\"lazy\" decoding=\"async\" class=\"img-with-animation skip-lazy\" data-delay=\"0\" height=\"1440\" width=\"2560\" data-animation=\"none\" src=\"https:\/\/ddpsan.com\/wp-content\/smush-webp\/2025\/02\/IMG_6222-scaled.jpeg.webp\" alt=\"\" srcset=\"https:\/\/ddpsan.com\/wp-content\/smush-webp\/2025\/02\/IMG_6222-scaled.jpeg.webp 2560w, https:\/\/ddpsan.com\/wp-content\/smush-webp\/2025\/02\/IMG_6222-300x169.jpeg.webp 300w, https:\/\/ddpsan.com\/wp-content\/smush-webp\/2025\/02\/IMG_6222-1024x576.jpeg.webp 1024w, https:\/\/ddpsan.com\/wp-content\/smush-webp\/2025\/02\/IMG_6222-768x432.jpeg.webp 768w\" sizes=\"auto, (max-width: 2560px) 100vw, 2560px\" \/>\n          <\/div>\n        <\/div>\n        \n      <\/div>\n    <\/div>\n\t\t\t<\/div> \n\t\t<\/div>\n\t<\/div> \n<\/div><\/div>\n","protected":false},"excerpt":{"rendered":"Rundfunkanstalten Nutzen HA DDP F\u00fcr Ingest, Playout &amp; Editing Das Unternehmen ist ein Rundfunkanstalt mit 60 Editoren sowie Play-out-, Ingest-, Transcoding-Maschinen und einem MAM von Aveco sowie einem Backup-\/Archiv-Computer, der...","protected":false},"author":2,"featured_media":0,"parent":0,"menu_order":0,"comment_status":"closed","ping_status":"closed","template":"","meta":{"footnotes":""},"class_list":["post-4847","page","type-page","status-publish"],"yoast_head":"<!-- This site is optimized with the Yoast SEO plugin v27.3 - https:\/\/yoast.com\/product\/yoast-seo-wordpress\/ -->\n<title>Broadcaster using HA DDP - DDPSAN<\/title>\n<meta name=\"description\" content=\"Diese User Case erz\u00e4hlt \u00fcber Rundfunkanstalten die einen HA DDP nutzen f\u00fcr Ingest, Playout &amp; Editing im M &amp; E Branche\" \/>\n<meta name=\"robots\" content=\"index, follow, max-snippet:-1, max-image-preview:large, max-video-preview:-1\" \/>\n<link rel=\"canonical\" href=\"https:\/\/ddpsan.com\/de\/broadcaster-using-ha-ddp\/\" \/>\n<meta property=\"og:locale\" content=\"de_DE\" \/>\n<meta property=\"og:type\" content=\"article\" \/>\n<meta property=\"og:title\" content=\"Broadcaster using HA DDP - DDPSAN\" \/>\n<meta property=\"og:description\" content=\"Diese User Case erz\u00e4hlt \u00fcber Rundfunkanstalten die einen HA DDP nutzen f\u00fcr Ingest, Playout &amp; Editing im M &amp; E Branche\" \/>\n<meta property=\"og:url\" content=\"https:\/\/ddpsan.com\/de\/broadcaster-using-ha-ddp\/\" \/>\n<meta property=\"og:site_name\" content=\"DDPSAN\" \/>\n<meta property=\"article:modified_time\" content=\"2026-01-02T13:31:12+00:00\" \/>\n<meta name=\"twitter:card\" content=\"summary_large_image\" \/>\n<meta name=\"twitter:label1\" content=\"Gesch\u00e4tzte Lesezeit\" \/>\n\t<meta name=\"twitter:data1\" content=\"2\u00a0Minuten\" \/>\n<script type=\"application\/ld+json\" class=\"yoast-schema-graph\">{\"@context\":\"https:\\\/\\\/schema.org\",\"@graph\":[{\"@type\":\"WebPage\",\"@id\":\"https:\\\/\\\/ddpsan.com\\\/de\\\/broadcaster-using-ha-ddp\\\/\",\"url\":\"https:\\\/\\\/ddpsan.com\\\/de\\\/broadcaster-using-ha-ddp\\\/\",\"name\":\"Broadcaster using HA DDP - DDPSAN\",\"isPartOf\":{\"@id\":\"https:\\\/\\\/ddpsan.com\\\/de\\\/#website\"},\"datePublished\":\"2025-02-26T10:37:05+00:00\",\"dateModified\":\"2026-01-02T13:31:12+00:00\",\"description\":\"Diese User Case erz\u00e4hlt \u00fcber Rundfunkanstalten die einen HA DDP nutzen f\u00fcr Ingest, Playout & Editing im M & E Branche\",\"breadcrumb\":{\"@id\":\"https:\\\/\\\/ddpsan.com\\\/de\\\/broadcaster-using-ha-ddp\\\/#breadcrumb\"},\"inLanguage\":\"de\",\"potentialAction\":[{\"@type\":\"ReadAction\",\"target\":[\"https:\\\/\\\/ddpsan.com\\\/de\\\/broadcaster-using-ha-ddp\\\/\"]}]},{\"@type\":\"BreadcrumbList\",\"@id\":\"https:\\\/\\\/ddpsan.com\\\/de\\\/broadcaster-using-ha-ddp\\\/#breadcrumb\",\"itemListElement\":[{\"@type\":\"ListItem\",\"position\":1,\"name\":\"Home\",\"item\":\"https:\\\/\\\/ddpsan.com\\\/de\\\/\"},{\"@type\":\"ListItem\",\"position\":2,\"name\":\"Broadcaster using HA DDP\"}]},{\"@type\":\"WebSite\",\"@id\":\"https:\\\/\\\/ddpsan.com\\\/de\\\/#website\",\"url\":\"https:\\\/\\\/ddpsan.com\\\/de\\\/\",\"name\":\"DDPSAN\",\"description\":\"Dynamic Drive Pool by Ardistech\",\"potentialAction\":[{\"@type\":\"SearchAction\",\"target\":{\"@type\":\"EntryPoint\",\"urlTemplate\":\"https:\\\/\\\/ddpsan.com\\\/de\\\/?s={search_term_string}\"},\"query-input\":{\"@type\":\"PropertyValueSpecification\",\"valueRequired\":true,\"valueName\":\"search_term_string\"}}],\"inLanguage\":\"de\"}]}<\/script>\n<!-- \/ Yoast SEO plugin. -->","yoast_head_json":{"title":"Broadcaster using HA DDP - DDPSAN","description":"Diese User Case erz\u00e4hlt \u00fcber Rundfunkanstalten die einen HA DDP nutzen f\u00fcr Ingest, Playout & Editing im M & E Branche","robots":{"index":"index","follow":"follow","max-snippet":"max-snippet:-1","max-image-preview":"max-image-preview:large","max-video-preview":"max-video-preview:-1"},"canonical":"https:\/\/ddpsan.com\/de\/broadcaster-using-ha-ddp\/","og_locale":"de_DE","og_type":"article","og_title":"Broadcaster using HA DDP - DDPSAN","og_description":"Diese User Case erz\u00e4hlt \u00fcber Rundfunkanstalten die einen HA DDP nutzen f\u00fcr Ingest, Playout & Editing im M & E Branche","og_url":"https:\/\/ddpsan.com\/de\/broadcaster-using-ha-ddp\/","og_site_name":"DDPSAN","article_modified_time":"2026-01-02T13:31:12+00:00","twitter_card":"summary_large_image","twitter_misc":{"Gesch\u00e4tzte Lesezeit":"2\u00a0Minuten"},"schema":{"@context":"https:\/\/schema.org","@graph":[{"@type":"WebPage","@id":"https:\/\/ddpsan.com\/de\/broadcaster-using-ha-ddp\/","url":"https:\/\/ddpsan.com\/de\/broadcaster-using-ha-ddp\/","name":"Broadcaster using HA DDP - DDPSAN","isPartOf":{"@id":"https:\/\/ddpsan.com\/de\/#website"},"datePublished":"2025-02-26T10:37:05+00:00","dateModified":"2026-01-02T13:31:12+00:00","description":"Diese User Case erz\u00e4hlt \u00fcber Rundfunkanstalten die einen HA DDP nutzen f\u00fcr Ingest, Playout & Editing im M & E Branche","breadcrumb":{"@id":"https:\/\/ddpsan.com\/de\/broadcaster-using-ha-ddp\/#breadcrumb"},"inLanguage":"de","potentialAction":[{"@type":"ReadAction","target":["https:\/\/ddpsan.com\/de\/broadcaster-using-ha-ddp\/"]}]},{"@type":"BreadcrumbList","@id":"https:\/\/ddpsan.com\/de\/broadcaster-using-ha-ddp\/#breadcrumb","itemListElement":[{"@type":"ListItem","position":1,"name":"Home","item":"https:\/\/ddpsan.com\/de\/"},{"@type":"ListItem","position":2,"name":"Broadcaster using HA DDP"}]},{"@type":"WebSite","@id":"https:\/\/ddpsan.com\/de\/#website","url":"https:\/\/ddpsan.com\/de\/","name":"DDPSAN","description":"Dynamic Drive Pool by Ardistech","potentialAction":[{"@type":"SearchAction","target":{"@type":"EntryPoint","urlTemplate":"https:\/\/ddpsan.com\/de\/?s={search_term_string}"},"query-input":{"@type":"PropertyValueSpecification","valueRequired":true,"valueName":"search_term_string"}}],"inLanguage":"de"}]}},"_links":{"self":[{"href":"https:\/\/ddpsan.com\/de\/wp-json\/wp\/v2\/pages\/4847","targetHints":{"allow":["GET"]}}],"collection":[{"href":"https:\/\/ddpsan.com\/de\/wp-json\/wp\/v2\/pages"}],"about":[{"href":"https:\/\/ddpsan.com\/de\/wp-json\/wp\/v2\/types\/page"}],"author":[{"embeddable":true,"href":"https:\/\/ddpsan.com\/de\/wp-json\/wp\/v2\/users\/2"}],"replies":[{"embeddable":true,"href":"https:\/\/ddpsan.com\/de\/wp-json\/wp\/v2\/comments?post=4847"}],"version-history":[{"count":23,"href":"https:\/\/ddpsan.com\/de\/wp-json\/wp\/v2\/pages\/4847\/revisions"}],"predecessor-version":[{"id":6811,"href":"https:\/\/ddpsan.com\/de\/wp-json\/wp\/v2\/pages\/4847\/revisions\/6811"}],"wp:attachment":[{"href":"https:\/\/ddpsan.com\/de\/wp-json\/wp\/v2\/media?parent=4847"}],"curies":[{"name":"wp","href":"https:\/\/api.w.org\/{rel}","templated":true}]}}