{"id":4845,"date":"2025-01-28T13:41:51","date_gmt":"2025-01-28T12:41:51","guid":{"rendered":"https:\/\/ddpsan.com\/project-caching\/"},"modified":"2026-01-05T14:30:23","modified_gmt":"2026-01-05T13:30:23","slug":"project-caching","status":"publish","type":"page","link":"https:\/\/ddpsan.com\/de\/project-caching\/","title":{"rendered":"Project Caching"},"content":{"rendered":"\n\t\t<div id=\"fws_69de5d753cbe1\"  data-column-margin=\"default\" data-midnight=\"dark\"  class=\"wpb_row vc_row-fluid vc_row  right_padding_20px left_padding_10px\"  style=\"padding-top: 20px; padding-bottom: 0px; \"><div class=\"row-bg-wrap\" data-bg-animation=\"none\" data-bg-animation-delay=\"\" data-bg-overlay=\"false\"><div class=\"inner-wrap row-bg-layer\" ><div class=\"row-bg viewport-desktop\"  style=\"\"><\/div><\/div><\/div><div class=\"row_col_wrap_12 col span_12 dark left\">\n\t<div  class=\"vc_col-sm-12 wpb_column column_container vc_column_container col padding-3-percent inherit_tablet inherit_phone \"  data-padding-pos=\"all\" data-has-bg-color=\"false\" data-bg-color=\"\" data-bg-opacity=\"1\" data-animation=\"\" data-delay=\"0\" >\n\t\t<div class=\"vc_column-inner\" >\n\t\t\t<div class=\"wpb_wrapper\">\n\t\t\t\t\n<div class=\"wpb_text_column wpb_content_element  cochin-bold\" >\n\t<h2>DDP Ist Mit Einer Bahnbrechenden, Einzigartigen Technologie Namens Project Caching Ausgestattet<\/h2>\n<\/div>\n\n\n\n\n<div class=\"wpb_text_column wpb_content_element  wpb_animate_when_almost_visible wpb_bounceInRight bounceInRight vc_custom_1767359954610 cochin-regular\" >\n\t<h3>Projektbasierte Arbeitsabl\u00e4ufe sind in der Medien- und Fernsehtechnik \u00fcblich. Daher verf\u00fcgt das DDP A\/V FS-Dateisystem \u00fcber ein cachebasiertes System, das Projekte und Dateien ber\u00fccksichtigt. Dies wird mit einem DDP10EF als Projektcache gezeigt, der an ein Festplatten-Array angeschlossen ist. Der DDP10EF kann auch eigenst\u00e4ndig als eine 40GB\/s NVME Shared-Storage-L\u00f6sung verwendet werden.<\/h3>\n<\/div>\n\n\n\n\n\t\t\t<\/div> \n\t\t<\/div>\n\t<\/div> \n<\/div><\/div>\n\t\t<div id=\"fws_69de5d753eda6\"  data-column-margin=\"default\" data-midnight=\"dark\"  class=\"wpb_row vc_row-fluid vc_row vc_row-o-equal-height vc_row-flex vc_row-o-content-bottom\"  style=\"padding-top: 0px; padding-bottom: 0px; \"><div class=\"row-bg-wrap\" data-bg-animation=\"none\" data-bg-animation-delay=\"\" data-bg-overlay=\"false\"><div class=\"inner-wrap row-bg-layer\" ><div class=\"row-bg viewport-desktop\"  style=\"\"><\/div><\/div><\/div><div class=\"row_col_wrap_12 col span_12 dark left\">\n\t<div  class=\"vc_col-sm-4 wpb_column column_container vc_column_container col no-extra-padding inherit_tablet inherit_phone \"  data-border-radius=\"3px\" data-shadow=\"small_depth\" data-padding-pos=\"all\" data-has-bg-color=\"false\" data-bg-color=\"\" data-bg-opacity=\"1\" data-animation=\"\" data-delay=\"0\" >\n\t\t<div class=\"vc_column-inner\" ><div class=\"column-bg-overlay-wrap column-bg-layer\" data-bg-animation=\"none\"><div class=\"column-bg-overlay\"><\/div><\/div>\n\t\t\t<div class=\"wpb_wrapper\">\n\t\t\t\t\n<div class=\"wpb_text_column wpb_content_element \" >\n\t<\/div>\n\n\n\n<div class=\"img-with-aniamtion-wrap \" data-max-width=\"100%\" data-max-width-mobile=\"default\" data-shadow=\"none\" data-animation=\"none\" >\n      <div class=\"inner\">\n        <div class=\"hover-wrap\"> \n          <div class=\"hover-wrap-inner\">\n            <img loading=\"lazy\" decoding=\"async\" class=\"img-with-animation skip-lazy\" data-delay=\"0\" height=\"430\" width=\"502\" data-animation=\"none\" src=\"https:\/\/ddpsan.com\/wp-content\/smush-webp\/2025\/03\/FirstOpeningCache-1.png.webp\" alt=\"FirstUserCase\" srcset=\"https:\/\/ddpsan.com\/wp-content\/smush-webp\/2025\/03\/FirstOpeningCache-1.png.webp 502w, https:\/\/ddpsan.com\/wp-content\/smush-webp\/2025\/03\/FirstOpeningCache-1-300x257.png.webp 300w\" sizes=\"auto, (max-width: 502px) 100vw, 502px\" \/>\n          <\/div>\n        <\/div>\n        \n      <\/div>\n    <\/div>\n\t\t\t<\/div> \n\t\t<\/div>\n\t<\/div> \n\n\t<div  class=\"vc_col-sm-8 wpb_column column_container vc_column_container col padding-3-percent inherit_tablet inherit_phone \"  data-border-radius=\"3px\" data-shadow=\"small_depth\" data-padding-pos=\"all\" data-has-bg-color=\"false\" data-bg-color=\"\" data-bg-opacity=\"1\" data-animation=\"\" data-delay=\"0\" >\n\t\t<div class=\"vc_column-inner\" ><div class=\"column-bg-overlay-wrap column-bg-layer\" data-bg-animation=\"none\"><div class=\"column-bg-overlay\"><\/div><\/div>\n\t\t\t<div class=\"wpb_wrapper\">\n\t\t\t\t\n<div class=\"wpb_text_column wpb_content_element  cochin-regular\" >\n\t<h3>Diese neue A\/V FS-Technologie erm\u00f6glicht die schnellste und kosteng\u00fcnstigste Shared-Storage-L\u00f6sung, besonders f\u00fcr die Medien- und Unterhaltungsindustrie.<br \/>\nIn einem Anwendungsfall erkl\u00e4ren wir, wie dieses Projektinhalt-Caching funktioniert und warum es f\u00fcr den Benutzer immer transparent bleibt.<\/h3>\n<\/div>\n\n\n\n\n\t\t\t<\/div> \n\t\t<\/div>\n\t<\/div> \n<\/div><\/div>\n\t\t<div id=\"fws_69de5d7540e49\"  data-br=\"5px\" data-br-applies=\"bg\" data-column-margin=\"default\" data-midnight=\"dark\"  class=\"wpb_row vc_row-fluid vc_row vc_row-o-equal-height vc_row-flex\"  style=\"padding-top: 0px; padding-bottom: 0px; \"><div class=\"row-bg-wrap\" data-bg-animation=\"none\" data-bg-animation-delay=\"\" data-bg-overlay=\"false\"><div class=\"inner-wrap row-bg-layer\" ><div class=\"row-bg viewport-desktop\"  style=\"\"><\/div><\/div><\/div><div class=\"row_col_wrap_12 col span_12 dark left\">\n\t<div  class=\"vc_col-sm-4 wpb_column column_container vc_column_container col padding-3-percent inherit_tablet inherit_phone flex_gap_desktop_10px \"  data-border-radius=\"3px\" data-shadow=\"small_depth\" data-padding-pos=\"all\" data-has-bg-color=\"false\" data-bg-color=\"\" data-bg-opacity=\"1\" data-animation=\"\" data-delay=\"0\" >\n\t\t<div class=\"vc_column-inner\" ><div class=\"column-bg-overlay-wrap column-bg-layer\" data-bg-animation=\"none\"><div class=\"column-bg-overlay\"><\/div><\/div>\n\t\t\t<div class=\"wpb_wrapper\">\n\t\t\t\t\n<div class=\"wpb_text_column wpb_content_element \" >\n\t<p>SSDs sind schnell und k\u00f6nnen problemlos mit Audio-, Video- und Filmdateien umgehen, sind jedoch im Vergleich zu HDDs teuer.<\/p>\n<p>Die Hardware im Bereich M&amp;E (Media &amp; Entertainment) ist in Projekte unter Verwendung von Ordner-\/Unterordnerstrukturen organisiert.<br \/>\nDaher ist die ideale L\u00f6sung f\u00fcr M&amp;E ein Shared Storage-System mit SSD-Cache und HDDs, das ein transparentes Caching des Projektinhalts erm\u00f6glicht.<\/p>\n<p>Wie erreicht man nun ein transparentes Caching des Projektinhalts?<br \/>\nDer Verzeichnisbaum zeigt, was gespeichert ist.<br \/>\nDie Frage lautet nun: Kann das DDP Projektinhalte kopieren und verschieben, ohne den Verzeichnisbaum zu beeintr\u00e4chtigen?<br \/>\nNormalerweise wird ein Kopier- oder Verschiebevorgang im Verzeichnisbaum angezeigt.<br \/>\nAktuelle Systeme bestehen jedoch aus Gruppen von HDDs, SSDs oder B\u00e4ndern, und basieren entweder lokal oder in der Cloud.<\/p>\n<\/div>\n\n\n\n\n\t\t\t<\/div> \n\t\t<\/div>\n\t<\/div> \n\n\t<div  class=\"vc_col-sm-4 wpb_column column_container vc_column_container col padding-3-percent inherit_tablet inherit_phone flex_gap_desktop_10px \"  data-border-radius=\"3px\" data-shadow=\"small_depth\" data-padding-pos=\"all\" data-has-bg-color=\"false\" data-bg-color=\"\" data-bg-opacity=\"1\" data-animation=\"\" data-delay=\"0\" >\n\t\t<div class=\"vc_column-inner\" ><div class=\"column-bg-overlay-wrap column-bg-layer\" data-bg-animation=\"none\"><div class=\"column-bg-overlay\"><\/div><\/div>\n\t\t\t<div class=\"wpb_wrapper\">\n\t\t\t\t\n<div class=\"wpb_text_column wpb_content_element \" >\n\t<p><strong>Um dies zu verwalten, wird ein Dateisystem mit seinem Verzeichnisbaum unabh\u00e4ngig vom Speicherort des Inhalts gehalten.<\/strong><br \/>\nTDies schafft die M\u00f6glichkeit, Dateien intern zwischen diesen Gruppen zu verschieben, ohne den Verzeichnisbaum zu beeinflussen.<br \/>\nAm Ende eines Verschiebevorgangs muss das Verzeichnis jedoch den neuen Speicherort erkennen. In diesen Moment ist noch kein Benutzerzugriff auf die Dateien m\u00f6glich.<br \/>\nAuch das Kopieren von Datei w\u00e4re nicht m\u00f6glich, da es zwei Speicherorte und einen Verzeichniseintrag bedeuten w\u00fcrde.<\/p>\n<p><strong>Mit A\/V FS sind wir einen Schritt weiter gegangen und haben einen Mechanismus implementiert, der es erm\u00f6glicht, Projekte intern zu verschieben oder zu kopieren, w\u00e4hrend der Betreiber weiterhin auf die Projekte zugreifen kann, ohne Probleme zu verursachen. <\/strong><\/p>\n<p>Angenommen, A\/V FS hat eine SSD-Gruppe als Cache definiert. Das blo\u00dfe \u00d6ffnen des Projekts kann das Caching des Inhalts starten.<\/p>\n<\/div>\n\n\n\n\n\t\t\t<\/div> \n\t\t<\/div>\n\t<\/div> \n\n\t<div  class=\"vc_col-sm-4 wpb_column column_container vc_column_container col padding-3-percent inherit_tablet inherit_phone flex_gap_desktop_10px \"  data-border-radius=\"3px\" data-shadow=\"small_depth\" data-padding-pos=\"all\" data-has-bg-color=\"false\" data-bg-color=\"\" data-bg-opacity=\"1\" data-animation=\"\" data-delay=\"0\" >\n\t\t<div class=\"vc_column-inner\" ><div class=\"column-bg-overlay-wrap column-bg-layer\" data-bg-animation=\"none\"><div class=\"column-bg-overlay\"><\/div><\/div>\n\t\t\t<div class=\"wpb_wrapper\">\n\t\t\t\t\n<div class=\"wpb_text_column wpb_content_element \" >\n\t<p><strong>Au\u00dferdem kann der Projektinhalt sofort aus dem Cache gel\u00f6scht werden, sobald er abgeschlossen ist.<br \/>\nA\/V FS integriert tats\u00e4chlich eine einzigartige Funktion: Die Daten von Dateien und Ordnern im Verzeichnisbaum k\u00f6nnen gleichzeitig an zwei Orten gespeichert sein.<\/strong><br \/>\nOhne diese Funktion w\u00e4ren nahtlose interne Kopien oder Verschiebungen von Projekten und Dateien einfach nicht m\u00f6glich.<br \/>\nWie funktioniert das? Lassen Sie uns das Verschieben einer Datei als Beispiel analysieren.<br \/>\nEin Verschieben besteht aus Kopieren, Umbenennen und anschlie\u00dfender L\u00f6schung des Originals. Eine Datei, die von einem Betreiber gelesen wird, kann nicht gel\u00f6scht werden.<br \/>\nDas bedeutet, dass selbst wenn das Kopieren m\u00f6glich ist, das Umbenennen und L\u00f6schen aufgeschoben werden muss, bis niemand mehr auf die Datei(en) zugreifen kann.<\/p>\n<p>Aber wann w\u00e4re das der Fall?<br \/>\nEs gibt keine einfache Antwort auf diese Frage, es sei denn, man investiert in ein DDP!<\/p>\n<\/div>\n\n\n\n\n\t\t\t<\/div> \n\t\t<\/div>\n\t<\/div> \n<\/div><\/div>\n\t\t<div id=\"fws_69de5d7542d36\"  data-column-margin=\"default\" data-midnight=\"dark\"  class=\"wpb_row vc_row-fluid vc_row\"  style=\"padding-top: 0px; padding-bottom: 0px; \"><div class=\"row-bg-wrap\" data-bg-animation=\"none\" data-bg-animation-delay=\"\" data-bg-overlay=\"false\"><div class=\"inner-wrap row-bg-layer\" ><div class=\"row-bg viewport-desktop\"  style=\"\"><\/div><\/div><\/div><div class=\"row_col_wrap_12 col span_12 dark left\">\n\t<div  class=\"vc_col-sm-12 wpb_column column_container vc_column_container col no-extra-padding inherit_tablet inherit_phone flex_gap_desktop_10px \"  data-padding-pos=\"all\" data-has-bg-color=\"false\" data-bg-color=\"\" data-bg-opacity=\"1\" data-animation=\"\" data-delay=\"0\" >\n\t\t<div class=\"vc_column-inner\" >\n\t\t\t<div class=\"wpb_wrapper\">\n\t\t\t\t<div class=\"img-with-aniamtion-wrap \" data-max-width=\"100%\" data-max-width-mobile=\"default\" data-shadow=\"none\" data-animation=\"none\" >\n      <div class=\"inner\">\n        <div class=\"hover-wrap\"> \n          <div class=\"hover-wrap-inner\">\n            <img loading=\"lazy\" decoding=\"async\" class=\"img-with-animation skip-lazy\" data-delay=\"0\" height=\"1064\" width=\"2243\" data-animation=\"none\" src=\"https:\/\/ddpsan.com\/wp-content\/smush-webp\/2025\/04\/Project-Caching.jpg.webp\" alt=\"Project Caching view\" srcset=\"https:\/\/ddpsan.com\/wp-content\/smush-webp\/2025\/04\/Project-Caching.jpg.webp 2243w, https:\/\/ddpsan.com\/wp-content\/smush-webp\/2025\/04\/Project-Caching-300x142.jpg.webp 300w, https:\/\/ddpsan.com\/wp-content\/smush-webp\/2025\/04\/Project-Caching-1024x486.jpg.webp 1024w, https:\/\/ddpsan.com\/wp-content\/smush-webp\/2025\/04\/Project-Caching-768x364.jpg.webp 768w\" sizes=\"auto, (max-width: 2243px) 100vw, 2243px\" \/>\n          <\/div>\n        <\/div>\n        \n      <\/div>\n    <\/div>\n\t\t\t<\/div> \n\t\t<\/div>\n\t<\/div> \n<\/div><\/div>\n\t\t<div id=\"fws_69de5d754481f\"  data-column-margin=\"default\" data-midnight=\"dark\"  class=\"wpb_row vc_row-fluid vc_row vc_row-o-equal-height vc_row-flex vc_row-o-content-bottom\"  style=\"padding-top: 0px; padding-bottom: 0px; \"><div class=\"row-bg-wrap\" data-bg-animation=\"none\" data-bg-animation-delay=\"\" data-bg-overlay=\"false\"><div class=\"inner-wrap row-bg-layer\" ><div class=\"row-bg viewport-desktop\"  style=\"\"><\/div><\/div><\/div><div class=\"row_col_wrap_12 col span_12 dark left\">\n\t<div  class=\"vc_col-sm-8 wpb_column column_container vc_column_container col padding-3-percent inherit_tablet inherit_phone flex_gap_desktop_10px \"  data-border-radius=\"3px\" data-shadow=\"small_depth\" data-padding-pos=\"all\" data-has-bg-color=\"false\" data-bg-color=\"\" data-bg-opacity=\"1\" data-animation=\"\" data-delay=\"0\" >\n\t\t<div class=\"vc_column-inner\" ><div class=\"column-bg-overlay-wrap column-bg-layer\" data-bg-animation=\"none\"><div class=\"column-bg-overlay\"><\/div><\/div>\n\t\t\t<div class=\"wpb_wrapper\">\n\t\t\t\t\n<div class=\"wpb_text_column wpb_content_element \" >\n\t<h4><strong><span style=\"color: #ff9900;\">+<\/span><\/strong> Daten werden automatisch auf die Festplatten kopiert<br \/>\n<span style=\"color: #ff9900;\"><strong>+<\/strong><\/span> Interne \u00dcbertragungen haben keinen Einfluss auf den Verzeichnisbaum<br \/>\n<strong><span style=\"color: #ff9900;\">+<\/span><\/strong> Interne \u00dcbertragungen beeintr\u00e4chtigen Ihre Aktivit\u00e4ten nicht<br \/>\n<strong><span style=\"color: #ff9900;\">+<\/span><\/strong> Bei internen \u00dcbertragungen werden die Daten \u00fcberpr\u00fcft<\/h4>\n<h4>Der Cache ist au\u00dferdem durch Hot-Swap-f\u00e4hige SSDs RAID-gesch\u00fctzt. Die Cache-Methoden sind On-Demand, Pinned und None. Der Datenspeicherort ist Cache, Balanced oder eine andere Auswahlm\u00f6glichkeit.<\/h4>\n<\/div>\n\n\n\n\n\t\t\t<\/div> \n\t\t<\/div>\n\t<\/div> \n\n\t<div  class=\"vc_col-sm-4 wpb_column column_container vc_column_container col centered-text padding-1-percent inherit_tablet inherit_phone flex_gap_desktop_10px \"  data-border-radius=\"3px\" data-shadow=\"small_depth\" data-padding-pos=\"all\" data-has-bg-color=\"false\" data-bg-color=\"\" data-bg-opacity=\"1\" data-animation=\"\" data-delay=\"0\" >\n\t\t<div class=\"vc_column-inner\" ><div class=\"column-bg-overlay-wrap column-bg-layer\" data-bg-animation=\"none\"><div class=\"column-bg-overlay\"><\/div><\/div>\n\t\t\t<div class=\"wpb_wrapper\">\n\t\t\t\t\n<div class=\"wpb_text_column wpb_content_element \" >\n\t<h3 style=\"text-align: center;\"><strong><span style=\"color: #ff9900;\">Wenn f\u00fcr das<br \/>\nProject-Caching<br \/>\ndas Ziel eines Projektordners auf<br \/>\n\u201eCache\u201c eingestellt ist<\/span><\/strong><\/h3>\n<h3><\/h3>\n<\/div>\n\n\n\n\n\t\t\t<\/div> \n\t\t<\/div>\n\t<\/div> \n<\/div><\/div>\n\t\t<div id=\"fws_69de5d7546110\"  data-column-margin=\"default\" data-midnight=\"dark\"  class=\"wpb_row vc_row-fluid vc_row\"  style=\"padding-top: 0px; padding-bottom: 0px; \"><div class=\"row-bg-wrap\" data-bg-animation=\"none\" data-bg-animation-delay=\"\" data-bg-overlay=\"false\"><div class=\"inner-wrap row-bg-layer\" ><div class=\"row-bg viewport-desktop\"  style=\"\"><\/div><\/div><\/div><div class=\"row_col_wrap_12 col span_12 dark left\">\n\t<div  class=\"vc_col-sm-2 wpb_column column_container vc_column_container col no-extra-padding inherit_tablet inherit_phone flex_gap_desktop_10px \"  data-padding-pos=\"all\" data-has-bg-color=\"false\" data-bg-color=\"\" data-bg-opacity=\"1\" data-animation=\"\" data-delay=\"0\" >\n\t\t<div class=\"vc_column-inner\" >\n\t\t\t<div class=\"wpb_wrapper\">\n\t\t\t\t\n\t\t\t<\/div> \n\t\t<\/div>\n\t<\/div> \n\n\t<div  class=\"vc_col-sm-8 wpb_column column_container vc_column_container col padding-1-percent inherit_tablet inherit_phone flex_gap_desktop_10px \"  data-border-radius=\"3px\" data-shadow=\"small_depth\" data-padding-pos=\"all\" data-has-bg-color=\"false\" data-bg-color=\"\" data-bg-opacity=\"1\" data-animation=\"\" data-delay=\"0\" >\n\t\t<div class=\"vc_column-inner\" ><div class=\"column-bg-overlay-wrap column-bg-layer\" data-bg-animation=\"none\"><div class=\"column-bg-overlay\"><\/div><\/div>\n\t\t\t<div class=\"wpb_wrapper\">\n\t\t\t\t\n<div class=\"wpb_text_column wpb_content_element \" >\n\t<p style=\"text-align: center;\">SSDs k\u00f6nnen A\/V-Daten problemlos verarbeiten, sind aber im Vergleich zu Festplatten teuer.<br \/>\nMedien in der Medien- und Fernsehtechnik werden in Projekten mithilfe von Ordnern und Unterordnern organisiert.<br \/>\nDaher ist ein gemeinsam genutztes Speichersystem mit transparentem Projekt-Caching eine kosteng\u00fcnstige L\u00f6sung.<br \/>\nSSD-Leistung zum Festplattenpreis.<\/p>\n<\/div>\n\n\n\n\n\t\t\t<\/div> \n\t\t<\/div>\n\t<\/div> \n\n\t<div  class=\"vc_col-sm-2 wpb_column column_container vc_column_container col no-extra-padding inherit_tablet inherit_phone flex_gap_desktop_10px \"  data-padding-pos=\"all\" data-has-bg-color=\"false\" data-bg-color=\"\" data-bg-opacity=\"1\" data-animation=\"\" data-delay=\"0\" >\n\t\t<div class=\"vc_column-inner\" >\n\t\t\t<div class=\"wpb_wrapper\">\n\t\t\t\t\n\t\t\t<\/div> \n\t\t<\/div>\n\t<\/div> \n<\/div><\/div>\n\t\t<div id=\"fws_69de5d7547d6d\"  data-column-margin=\"default\" data-midnight=\"dark\"  class=\"wpb_row vc_row-fluid vc_row vc_row-o-equal-height vc_row-flex\"  style=\"padding-top: 0px; padding-bottom: 0px; \"><div class=\"row-bg-wrap\" data-bg-animation=\"none\" data-bg-animation-delay=\"\" data-bg-overlay=\"false\"><div class=\"inner-wrap row-bg-layer\" ><div class=\"row-bg viewport-desktop\"  style=\"\"><\/div><\/div><\/div><div class=\"row_col_wrap_12 col span_12 dark left\">\n\t<div  class=\"vc_col-sm-6 wpb_column column_container vc_column_container col no-extra-padding inherit_tablet inherit_phone flex_gap_desktop_10px \"  data-padding-pos=\"all\" data-has-bg-color=\"false\" data-bg-color=\"\" data-bg-opacity=\"1\" data-animation=\"\" data-delay=\"0\" >\n\t\t<div class=\"vc_column-inner\" >\n\t\t\t<div class=\"wpb_wrapper\">\n\t\t\t\t<div class=\"img-with-aniamtion-wrap \" data-max-width=\"100%\" data-max-width-mobile=\"default\" data-shadow=\"none\" data-animation=\"none\" >\n      <div class=\"inner\">\n        <div class=\"hover-wrap\"> \n          <div class=\"hover-wrap-inner\">\n            <a href=\"https:\/\/ddpsan.com\/products\/hyperddp12d-shared-storage-server\" target=\"_self\" class=\"\">\n              <img loading=\"lazy\" decoding=\"async\" class=\"img-with-animation skip-lazy\" data-delay=\"0\" height=\"872\" width=\"2978\" data-animation=\"none\" src=\"https:\/\/ddpsan.com\/wp-content\/smush-webp\/2025\/02\/ProjectBasicCachingFULLx.png.webp\" alt=\"Project Caching\" srcset=\"https:\/\/ddpsan.com\/wp-content\/smush-webp\/2025\/02\/ProjectBasicCachingFULLx.png.webp 2978w, https:\/\/ddpsan.com\/wp-content\/smush-webp\/2025\/02\/ProjectBasicCachingFULLx-300x88.png.webp 300w, https:\/\/ddpsan.com\/wp-content\/smush-webp\/2025\/02\/ProjectBasicCachingFULLx-1024x300.png.webp 1024w, https:\/\/ddpsan.com\/wp-content\/smush-webp\/2025\/02\/ProjectBasicCachingFULLx-768x225.png.webp 768w\" sizes=\"auto, (max-width: 2978px) 100vw, 2978px\" \/>\n            <\/a>\n          <\/div>\n        <\/div>\n        \n      <\/div>\n      <\/div>\n\t\t\t<\/div> \n\t\t<\/div>\n\t<\/div> \n\n\t<div  class=\"vc_col-sm-6 wpb_column column_container vc_column_container col padding-1-percent inherit_tablet inherit_phone flex_gap_desktop_10px \"  data-border-radius=\"3px\" data-shadow=\"small_depth\" data-padding-pos=\"top\" data-has-bg-color=\"false\" data-bg-color=\"\" data-bg-opacity=\"1\" data-animation=\"\" data-delay=\"0\" >\n\t\t<div class=\"vc_column-inner\" ><div class=\"column-bg-overlay-wrap column-bg-layer\" data-bg-animation=\"none\"><div class=\"column-bg-overlay\"><\/div><\/div>\n\t\t\t<div class=\"wpb_wrapper\">\n\t\t\t\t\n<div class=\"wpb_text_column wpb_content_element \" >\n\t<p style=\"text-align: center;\">Auf www.ddpsan.com\/produkte und danach HyperDDP12D<br \/>\ngibt es einen Video mit einer kurzen Erkl\u00e4rung wie Projekt-Caching in DDP integriert ist<\/p>\n<p style=\"text-align: center;\"><strong><a href=\"https:\/\/ddpsan.com\/de\/produkte\/hyperddp12d-shared-storage\/\" target=\"_blank\" rel=\"noopener\">Sehen Sie sich dieses Video von HyperDDP12D und SSD-Caching an<\/a><\/strong><\/p>\n<\/div>\n\n\n\n\n\t\t\t<\/div> \n\t\t<\/div>\n\t<\/div> \n<\/div><\/div>\n","protected":false},"excerpt":{"rendered":"DDP Ist Mit Einer Bahnbrechenden, Einzigartigen Technologie Namens Project Caching Ausgestattet Projektbasierte Arbeitsabl\u00e4ufe sind in der Medien- und Fernsehtechnik \u00fcblich. Daher verf\u00fcgt das DDP A\/V FS-Dateisystem \u00fcber ein cachebasiertes System,...","protected":false},"author":2,"featured_media":0,"parent":0,"menu_order":0,"comment_status":"closed","ping_status":"closed","template":"","meta":{"footnotes":""},"class_list":["post-4845","page","type-page","status-publish"],"yoast_head":"<!-- This site is optimized with the Yoast SEO plugin v27.3 - https:\/\/yoast.com\/product\/yoast-seo-wordpress\/ -->\n<title>Project Caching - DDPSAN<\/title>\n<meta name=\"description\" content=\"Diese User Case erz\u00e4hlt \u00fcber Project Caching die einen HA DDP nutzt f\u00fcr Ingest, Playout &amp; Editing im M &amp; E Branche\" \/>\n<meta name=\"robots\" content=\"index, follow, max-snippet:-1, max-image-preview:large, max-video-preview:-1\" \/>\n<link rel=\"canonical\" href=\"https:\/\/ddpsan.com\/de\/project-caching\/\" \/>\n<meta property=\"og:locale\" content=\"de_DE\" \/>\n<meta property=\"og:type\" content=\"article\" \/>\n<meta property=\"og:title\" content=\"Project Caching - DDPSAN\" \/>\n<meta property=\"og:description\" content=\"Diese User Case erz\u00e4hlt \u00fcber Project Caching die einen HA DDP nutzt f\u00fcr Ingest, Playout &amp; Editing im M &amp; E Branche\" \/>\n<meta property=\"og:url\" content=\"https:\/\/ddpsan.com\/de\/project-caching\/\" \/>\n<meta property=\"og:site_name\" content=\"DDPSAN\" \/>\n<meta property=\"article:modified_time\" content=\"2026-01-05T13:30:23+00:00\" \/>\n<meta name=\"twitter:card\" content=\"summary_large_image\" \/>\n<meta name=\"twitter:label1\" content=\"Gesch\u00e4tzte Lesezeit\" \/>\n\t<meta name=\"twitter:data1\" content=\"4\u00a0Minuten\" \/>\n<script type=\"application\/ld+json\" class=\"yoast-schema-graph\">{\"@context\":\"https:\\\/\\\/schema.org\",\"@graph\":[{\"@type\":\"WebPage\",\"@id\":\"https:\\\/\\\/ddpsan.com\\\/de\\\/project-caching\\\/\",\"url\":\"https:\\\/\\\/ddpsan.com\\\/de\\\/project-caching\\\/\",\"name\":\"Project Caching - DDPSAN\",\"isPartOf\":{\"@id\":\"https:\\\/\\\/ddpsan.com\\\/de\\\/#website\"},\"datePublished\":\"2025-01-28T12:41:51+00:00\",\"dateModified\":\"2026-01-05T13:30:23+00:00\",\"description\":\"Diese User Case erz\u00e4hlt \u00fcber Project Caching die einen HA DDP nutzt f\u00fcr Ingest, Playout & Editing im M & E Branche\",\"breadcrumb\":{\"@id\":\"https:\\\/\\\/ddpsan.com\\\/de\\\/project-caching\\\/#breadcrumb\"},\"inLanguage\":\"de\",\"potentialAction\":[{\"@type\":\"ReadAction\",\"target\":[\"https:\\\/\\\/ddpsan.com\\\/de\\\/project-caching\\\/\"]}]},{\"@type\":\"BreadcrumbList\",\"@id\":\"https:\\\/\\\/ddpsan.com\\\/de\\\/project-caching\\\/#breadcrumb\",\"itemListElement\":[{\"@type\":\"ListItem\",\"position\":1,\"name\":\"Home\",\"item\":\"https:\\\/\\\/ddpsan.com\\\/de\\\/\"},{\"@type\":\"ListItem\",\"position\":2,\"name\":\"Project Caching\"}]},{\"@type\":\"WebSite\",\"@id\":\"https:\\\/\\\/ddpsan.com\\\/de\\\/#website\",\"url\":\"https:\\\/\\\/ddpsan.com\\\/de\\\/\",\"name\":\"DDPSAN\",\"description\":\"Dynamic Drive Pool by Ardistech\",\"potentialAction\":[{\"@type\":\"SearchAction\",\"target\":{\"@type\":\"EntryPoint\",\"urlTemplate\":\"https:\\\/\\\/ddpsan.com\\\/de\\\/?s={search_term_string}\"},\"query-input\":{\"@type\":\"PropertyValueSpecification\",\"valueRequired\":true,\"valueName\":\"search_term_string\"}}],\"inLanguage\":\"de\"}]}<\/script>\n<!-- \/ Yoast SEO plugin. -->","yoast_head_json":{"title":"Project Caching - DDPSAN","description":"Diese User Case erz\u00e4hlt \u00fcber Project Caching die einen HA DDP nutzt f\u00fcr Ingest, Playout & Editing im M & E Branche","robots":{"index":"index","follow":"follow","max-snippet":"max-snippet:-1","max-image-preview":"max-image-preview:large","max-video-preview":"max-video-preview:-1"},"canonical":"https:\/\/ddpsan.com\/de\/project-caching\/","og_locale":"de_DE","og_type":"article","og_title":"Project Caching - DDPSAN","og_description":"Diese User Case erz\u00e4hlt \u00fcber Project Caching die einen HA DDP nutzt f\u00fcr Ingest, Playout & Editing im M & E Branche","og_url":"https:\/\/ddpsan.com\/de\/project-caching\/","og_site_name":"DDPSAN","article_modified_time":"2026-01-05T13:30:23+00:00","twitter_card":"summary_large_image","twitter_misc":{"Gesch\u00e4tzte Lesezeit":"4\u00a0Minuten"},"schema":{"@context":"https:\/\/schema.org","@graph":[{"@type":"WebPage","@id":"https:\/\/ddpsan.com\/de\/project-caching\/","url":"https:\/\/ddpsan.com\/de\/project-caching\/","name":"Project Caching - DDPSAN","isPartOf":{"@id":"https:\/\/ddpsan.com\/de\/#website"},"datePublished":"2025-01-28T12:41:51+00:00","dateModified":"2026-01-05T13:30:23+00:00","description":"Diese User Case erz\u00e4hlt \u00fcber Project Caching die einen HA DDP nutzt f\u00fcr Ingest, Playout & Editing im M & E Branche","breadcrumb":{"@id":"https:\/\/ddpsan.com\/de\/project-caching\/#breadcrumb"},"inLanguage":"de","potentialAction":[{"@type":"ReadAction","target":["https:\/\/ddpsan.com\/de\/project-caching\/"]}]},{"@type":"BreadcrumbList","@id":"https:\/\/ddpsan.com\/de\/project-caching\/#breadcrumb","itemListElement":[{"@type":"ListItem","position":1,"name":"Home","item":"https:\/\/ddpsan.com\/de\/"},{"@type":"ListItem","position":2,"name":"Project Caching"}]},{"@type":"WebSite","@id":"https:\/\/ddpsan.com\/de\/#website","url":"https:\/\/ddpsan.com\/de\/","name":"DDPSAN","description":"Dynamic Drive Pool by Ardistech","potentialAction":[{"@type":"SearchAction","target":{"@type":"EntryPoint","urlTemplate":"https:\/\/ddpsan.com\/de\/?s={search_term_string}"},"query-input":{"@type":"PropertyValueSpecification","valueRequired":true,"valueName":"search_term_string"}}],"inLanguage":"de"}]}},"_links":{"self":[{"href":"https:\/\/ddpsan.com\/de\/wp-json\/wp\/v2\/pages\/4845","targetHints":{"allow":["GET"]}}],"collection":[{"href":"https:\/\/ddpsan.com\/de\/wp-json\/wp\/v2\/pages"}],"about":[{"href":"https:\/\/ddpsan.com\/de\/wp-json\/wp\/v2\/types\/page"}],"author":[{"embeddable":true,"href":"https:\/\/ddpsan.com\/de\/wp-json\/wp\/v2\/users\/2"}],"replies":[{"embeddable":true,"href":"https:\/\/ddpsan.com\/de\/wp-json\/wp\/v2\/comments?post=4845"}],"version-history":[{"count":57,"href":"https:\/\/ddpsan.com\/de\/wp-json\/wp\/v2\/pages\/4845\/revisions"}],"predecessor-version":[{"id":6957,"href":"https:\/\/ddpsan.com\/de\/wp-json\/wp\/v2\/pages\/4845\/revisions\/6957"}],"wp:attachment":[{"href":"https:\/\/ddpsan.com\/de\/wp-json\/wp\/v2\/media?parent=4845"}],"curies":[{"name":"wp","href":"https:\/\/api.w.org\/{rel}","templated":true}]}}