{"id":2375,"date":"2021-11-29T10:55:28","date_gmt":"2021-11-29T09:55:28","guid":{"rendered":"https:\/\/ddpsan.com\/?page_id=2375"},"modified":"2025-10-28T10:59:15","modified_gmt":"2025-10-28T09:59:15","slug":"kontakt","status":"publish","type":"page","link":"https:\/\/ddpsan.com\/de\/kontakt\/","title":{"rendered":"Kontakt"},"content":{"rendered":"\n\t\t<div id=\"fws_69de2dc92e19b\"  data-column-margin=\"default\" data-midnight=\"dark\"  class=\"wpb_row vc_row-fluid vc_row full-width-content vc_row-o-equal-height vc_row-flex vc_row-o-content-top\"  style=\"padding-top: 0px; padding-bottom: 0px; \"><div class=\"row-bg-wrap\" data-bg-animation=\"none\" data-bg-animation-delay=\"\" data-bg-overlay=\"false\"><div class=\"inner-wrap row-bg-layer\" ><div class=\"row-bg viewport-desktop\"  style=\"\"><\/div><\/div><\/div><div class=\"row_col_wrap_12 col span_12 dark left\">\n\t<div  class=\"vc_col-sm-12 wpb_column column_container vc_column_container col no-extra-padding inherit_tablet inherit_phone \"  data-padding-pos=\"all\" data-has-bg-color=\"false\" data-bg-color=\"\" data-bg-opacity=\"1\" data-animation=\"\" data-delay=\"0\" >\n\t\t<div class=\"vc_column-inner\" >\n\t\t\t<div class=\"wpb_wrapper\">\n\t\t\t\t<div class=\"img-with-aniamtion-wrap \" data-max-width=\"100%\" data-max-width-mobile=\"default\" data-shadow=\"none\" data-animation=\"fade-in\" >\n      <div class=\"inner\">\n        <div class=\"hover-wrap\"> \n          <div class=\"hover-wrap-inner\">\n            <img loading=\"lazy\" decoding=\"async\" class=\"img-with-animation w-100 skip-lazy\" data-delay=\"0\" height=\"550\" width=\"1920\" data-animation=\"fade-in\" src=\"https:\/\/ddpsan.com\/wp-content\/smush-webp\/2020\/10\/HEADER-Contact.png.webp\" alt=\"\" srcset=\"https:\/\/ddpsan.com\/wp-content\/smush-webp\/2020\/10\/HEADER-Contact.png.webp 1920w, https:\/\/ddpsan.com\/wp-content\/smush-webp\/2020\/10\/HEADER-Contact-300x86.png.webp 300w, https:\/\/ddpsan.com\/wp-content\/smush-webp\/2020\/10\/HEADER-Contact-1024x293.png.webp 1024w, https:\/\/ddpsan.com\/wp-content\/smush-webp\/2020\/10\/HEADER-Contact-768x220.png.webp 768w\" sizes=\"auto, (max-width: 1920px) 100vw, 1920px\" \/>\n          <\/div>\n        <\/div>\n        \n      <\/div>\n    <\/div>\n\t\t\t<\/div> \n\t\t<\/div>\n\t<\/div> \n<\/div><\/div>\n\t\t<div id=\"fws_69de2dc931b68\"  data-column-margin=\"default\" data-midnight=\"dark\"  class=\"wpb_row vc_row-fluid vc_row\"  style=\"padding-top: 50px; padding-bottom: 0px; \"><div class=\"row-bg-wrap\" data-bg-animation=\"none\" data-bg-animation-delay=\"\" data-bg-overlay=\"false\"><div class=\"inner-wrap row-bg-layer\" ><div class=\"row-bg viewport-desktop\"  style=\"\"><\/div><\/div><\/div><div class=\"row_col_wrap_12 col span_12 dark left\">\n\t<div  class=\"vc_col-sm-6 wpb_column column_container vc_column_container col no-extra-padding inherit_tablet inherit_phone \"  data-padding-pos=\"all\" data-has-bg-color=\"false\" data-bg-color=\"\" data-bg-opacity=\"1\" data-animation=\"\" data-delay=\"0\" >\n\t\t<div class=\"vc_column-inner\" >\n\t\t\t<div class=\"wpb_wrapper\">\n\t\t\t\t\n<div class=\"wpb_text_column wpb_content_element \" >\n\t<h1>DDP Deutschland GmbH<\/h1>\n<p>B\u00e4ckerstrasse 24<br \/>\n14929 Treuenbrietzen<br \/>\nGesch\u00e4ftsf\u00fchrung: Sergej Sidorchuk<\/p>\n<p>E-Mail: <a href=\"mailto:sergej@ddpsan.de\">sergej@ddpsan.de<\/a><br \/>\nTelefon: +49(0)3374 884 9934<br \/>\nMobil: +49(0)162-28 40 198<br \/>\nwww.ddpsan.de<\/p>\n<p>Die DDP Deutschland GmbH ist im Handelsregister des Amtsgerichts Potsdam unter der Registernummer HRB 28213 P eingetragen.<br \/>\nDie Umsatzsteueridentifikationsnummer: DE302249509.<br \/>\nSteuernummer: 048\/107\/00241 bei Finanzamt Brandenburg.<\/p>\n<\/div>\n\n\n\n\n\t\t\t<\/div> \n\t\t<\/div>\n\t<\/div> \n\n\t<div  class=\"vc_col-sm-6 vc_col-md-offset-1 vc_col-md-5 wpb_column column_container vc_column_container col no-extra-padding inherit_tablet inherit_phone \"  data-padding-pos=\"all\" data-has-bg-color=\"false\" data-bg-color=\"\" data-bg-opacity=\"1\" data-animation=\"\" data-delay=\"0\" >\n\t\t<div class=\"vc_column-inner\" >\n\t\t\t<div class=\"wpb_wrapper\">\n\t\t\t\t\n<div class=\"wpb_text_column wpb_content_element \" >\n\t<div class=\"forminator-ui forminator-custom-form forminator-custom-form-2378 forminator-design--flat  forminator_ajax\" data-forminator-render=\"0\" data-form=\"forminator-module-2378\" data-uid=\"69de2dc932649\"><br\/><\/div><form\r\n\t\t\t\tid=\"forminator-module-2378\"\r\n\t\t\t\tclass=\"forminator-ui forminator-custom-form forminator-custom-form-2378 forminator-design--flat  forminator_ajax\"\r\n\t\t\t\tmethod=\"post\"\r\n\t\t\t\tdata-forminator-render=\"0\"\r\n\t\t\t\tdata-form-id=\"2378\"\r\n\t\t\t\t data-color-option=\"default\" data-design=\"flat\" data-grid=\"open\" style=\"display: none;\"\r\n\t\t\t\tdata-uid=\"69de2dc932649\"\r\n\t\t\t><div role=\"alert\" aria-live=\"polite\" class=\"forminator-response-message forminator-error\" aria-hidden=\"true\"><\/div><div class=\"forminator-row\"><div id=\"text-1\" class=\"forminator-field-text forminator-col forminator-col-12 \"><div class=\"forminator-field\"><label for=\"forminator-field-text-1_69de2dc932649\" id=\"forminator-field-text-1_69de2dc932649-label\" class=\"forminator-label\">Name (erforderlich) <span class=\"forminator-required\">*<\/span><\/label><input type=\"text\" name=\"text-1\" value=\"\" placeholder=\"\" id=\"forminator-field-text-1_69de2dc932649\" class=\"forminator-input forminator-name--field\" data-required=\"1\" \/><\/div><\/div><\/div><div class=\"forminator-row\"><div id=\"email-1\" class=\"forminator-field-email forminator-col forminator-col-12 \"><div class=\"forminator-field\"><label for=\"forminator-field-email-1_69de2dc932649\" id=\"forminator-field-email-1_69de2dc932649-label\" class=\"forminator-label\">E-mail (erforderlich) <span class=\"forminator-required\">*<\/span><\/label><input type=\"email\" name=\"email-1\" value=\"\" placeholder=\"\" id=\"forminator-field-email-1_69de2dc932649\" class=\"forminator-input forminator-email--field\" data-required=\"1\" aria-required=\"true\" autocomplete=\"email\" \/><\/div><\/div><\/div><div class=\"forminator-row\"><div id=\"textarea-1\" class=\"forminator-field-textarea forminator-col forminator-col-12 \"><div class=\"forminator-field\"><label for=\"forminator-field-textarea-1_69de2dc932649\" id=\"forminator-field-textarea-1_69de2dc932649-label\" class=\"forminator-label\">Nachricht<\/label><textarea name=\"textarea-1\" placeholder=\"\" id=\"forminator-field-textarea-1_69de2dc932649\" class=\"forminator-textarea\" rows=\"6\" style=\"min-height:140px;\" ><\/textarea><\/div><\/div><\/div><div class=\"forminator-row\"><div id=\"captcha-1\" class=\"forminator-field-captcha forminator-col forminator-col-12 \"><div class=\"forminator-captcha-left forminator-g-recaptcha recaptcha-invisible\" data-theme=\"light\" data-badge=\"inline\" data-sitekey=\"6Ld0dyAaAAAAAPhGZardn3hqTP1wE31KWmrb6soJ\" data-size=\"invisible\"><\/div> <\/div><\/div><input type=\"hidden\" name=\"referer_url\" value=\"\" \/><div class=\"forminator-row forminator-row-last\"><div class=\"forminator-col\"><div class=\"forminator-field\"><button class=\"forminator-button forminator-button-submit nectar-button large regular accent-color\">E-mail senden<\/button><\/div><\/div><\/div><input type=\"hidden\" id=\"forminator_nonce\" name=\"forminator_nonce\" value=\"ddb6376b0d\" \/><input type=\"hidden\" name=\"_wp_http_referer\" value=\"\/de\/wp-json\/wp\/v2\/pages\/2375\" \/><input type=\"hidden\" name=\"form_id\" value=\"2378\"><input type=\"hidden\" name=\"page_id\" value=\"2375\"><input type=\"hidden\" name=\"form_type\" value=\"default\"><input type=\"hidden\" name=\"current_url\" value=\"https:\/\/ddpsan.com\/de\/kontakt\/\"><input type=\"hidden\" name=\"render_id\" value=\"0\"><input type=\"hidden\" name=\"action\" value=\"forminator_submit_form_custom-forms\"><label for=\"input_4\" class=\"forminator-hidden\" aria-hidden=\"true\">Bitte f\u00fclle dieses Feld nicht aus. <input id=\"input_4\" type=\"text\" name=\"input_4\" value=\"\" autocomplete=\"off\"><\/label><\/form>\n<\/div>\n\n\n\n\n\t\t\t<\/div> \n\t\t<\/div>\n\t<\/div> \n<\/div><\/div>\n\t\t<div id=\"fws_69de2dc9341df\"  data-column-margin=\"default\" data-midnight=\"dark\"  class=\"wpb_row vc_row-fluid vc_row\"  style=\"padding-top: 50px; padding-bottom: 0px; \"><div class=\"row-bg-wrap\" data-bg-animation=\"none\" data-bg-animation-delay=\"\" data-bg-overlay=\"false\"><div class=\"inner-wrap row-bg-layer\" ><div class=\"row-bg viewport-desktop\"  style=\"\"><\/div><\/div><\/div><div class=\"row_col_wrap_12 col span_12 dark left\">\n\t<div  class=\"vc_col-sm-6 wpb_column column_container vc_column_container col no-extra-padding inherit_tablet inherit_phone \"  data-padding-pos=\"all\" data-has-bg-color=\"false\" data-bg-color=\"\" data-bg-opacity=\"1\" data-animation=\"\" data-delay=\"0\" >\n\t\t<div class=\"vc_column-inner\" >\n\t\t\t<div class=\"wpb_wrapper\">\n\t\t\t\t\n<div class=\"wpb_text_column wpb_content_element \" >\n\t<h1><\/h1>\n<h1>Ardis Technologies BV<\/h1>\n<p>Snelliusweg 40-24<br \/>\n6827 DH Arnhem<br \/>\nThe Netherlands<\/p>\n<p>Email: <a href=\"mailto:info@ardistech.com\">info@ardistech.com<\/a><br \/>\nPhone: + 31 26 362 2337<br \/>\nFax: +31 26 361 2258<\/p>\n<p>VAT ID: #NL853509050B01<\/p>\n<p>All supplies subject to our standard terms and conditions of sale, registered at the Chamber of Commerce #59472774, Arnhem, The Netherlands<\/p>\n<\/div>\n\n\n\n<a class=\"nectar-button large regular accent-color has-icon  regular-button\"  role=\"button\" style=\"\" target=\"_blank\" href=\"https:\/\/www.facebook.com\/DDPSAN\/\" data-color-override=\"false\" data-hover-color-override=\"false\" data-hover-text-color-override=\"#fff\"><span>Facebook<\/span><i  class=\"fa fa-facebook\"><\/i><\/a><div class=\"divider-wrap\" data-alignment=\"default\"><div style=\"height: 5px;\" class=\"divider\"><\/div><\/div><a class=\"nectar-button large regular accent-color has-icon  regular-button\"  role=\"button\" style=\"\" target=\"_blank\" href=\"https:\/\/www.youtube.com\/channel\/UCwvwqAar_1t9Zes92KKZm7A\" data-color-override=\"false\" data-hover-color-override=\"false\" data-hover-text-color-override=\"#fff\"><span>YouTube<\/span><i  class=\"fa fa-youtube\"><\/i><\/a>\n\t\t\t<\/div> \n\t\t<\/div>\n\t<\/div> \n\n\t<div  class=\"vc_col-sm-6 vc_col-md-offset-1 vc_col-md-5 wpb_column column_container vc_column_container col no-extra-padding inherit_tablet inherit_phone \"  data-padding-pos=\"all\" data-has-bg-color=\"false\" data-bg-color=\"\" data-bg-opacity=\"1\" data-animation=\"\" data-delay=\"0\" >\n\t\t<div class=\"vc_column-inner\" >\n\t\t\t<div class=\"wpb_wrapper\">\n\t\t\t\t\n<div class=\"wpb_text_column wpb_content_element \" >\n\t<div class=\"forminator-ui forminator-custom-form forminator-custom-form-1950 forminator-design--flat  forminator_ajax\" data-forminator-render=\"0\" data-form=\"forminator-module-1950\" data-uid=\"69de2dc93526a\"><br\/><\/div><form\r\n\t\t\t\tid=\"forminator-module-1950\"\r\n\t\t\t\tclass=\"forminator-ui forminator-custom-form forminator-custom-form-1950 forminator-design--flat  forminator_ajax\"\r\n\t\t\t\tmethod=\"post\"\r\n\t\t\t\tdata-forminator-render=\"0\"\r\n\t\t\t\tdata-form-id=\"1950\"\r\n\t\t\t\t data-color-option=\"default\" data-design=\"flat\" data-grid=\"open\" style=\"display: none;\"\r\n\t\t\t\tdata-uid=\"69de2dc93526a\"\r\n\t\t\t><div role=\"alert\" aria-live=\"polite\" class=\"forminator-response-message forminator-error\" aria-hidden=\"true\"><\/div><div class=\"forminator-row\"><div id=\"text-1\" class=\"forminator-field-text forminator-col forminator-col-12 \"><div class=\"forminator-field\"><label for=\"forminator-field-text-1_69de2dc93526a\" id=\"forminator-field-text-1_69de2dc93526a-label\" class=\"forminator-label\">Your Name (required) <span class=\"forminator-required\">*<\/span><\/label><input type=\"text\" name=\"text-1\" value=\"\" placeholder=\"\" id=\"forminator-field-text-1_69de2dc93526a\" class=\"forminator-input forminator-name--field\" data-required=\"1\" \/><\/div><\/div><\/div><div class=\"forminator-row\"><div id=\"email-1\" class=\"forminator-field-email forminator-col forminator-col-12 \"><div class=\"forminator-field\"><label for=\"forminator-field-email-1_69de2dc93526a\" id=\"forminator-field-email-1_69de2dc93526a-label\" class=\"forminator-label\">Your Email (required) <span class=\"forminator-required\">*<\/span><\/label><input type=\"email\" name=\"email-1\" value=\"\" placeholder=\"\" id=\"forminator-field-email-1_69de2dc93526a\" class=\"forminator-input forminator-email--field\" data-required=\"1\" aria-required=\"true\" autocomplete=\"email\" \/><\/div><\/div><\/div><div class=\"forminator-row\"><div id=\"textarea-1\" class=\"forminator-field-textarea forminator-col forminator-col-12 \"><div class=\"forminator-field\"><label for=\"forminator-field-textarea-1_69de2dc93526a\" id=\"forminator-field-textarea-1_69de2dc93526a-label\" class=\"forminator-label\">Your Message<\/label><textarea name=\"textarea-1\" placeholder=\"\" id=\"forminator-field-textarea-1_69de2dc93526a\" class=\"forminator-textarea\" rows=\"6\" style=\"min-height:140px;\" ><\/textarea><\/div><\/div><\/div><div class=\"forminator-row\"><div id=\"captcha-1\" class=\"forminator-field-captcha forminator-col forminator-col-12 \"><div class=\"forminator-captcha-left forminator-g-recaptcha recaptcha-invisible\" data-theme=\"light\" data-badge=\"inline\" data-sitekey=\"6Ld0dyAaAAAAAPhGZardn3hqTP1wE31KWmrb6soJ\" data-size=\"invisible\"><\/div> <\/div><\/div><input type=\"hidden\" name=\"referer_url\" value=\"\" \/><div class=\"forminator-row forminator-row-last\"><div class=\"forminator-col\"><div class=\"forminator-field\"><button class=\"forminator-button forminator-button-submit nectar-button large regular accent-color\">Send<\/button><\/div><\/div><\/div><input type=\"hidden\" id=\"forminator_nonce\" name=\"forminator_nonce\" value=\"d6331bd6c3\" \/><input type=\"hidden\" name=\"_wp_http_referer\" value=\"\/de\/wp-json\/wp\/v2\/pages\/2375\" \/><input type=\"hidden\" name=\"form_id\" value=\"1950\"><input type=\"hidden\" name=\"page_id\" value=\"2375\"><input type=\"hidden\" name=\"form_type\" value=\"default\"><input type=\"hidden\" name=\"current_url\" value=\"https:\/\/ddpsan.com\/de\/kontakt\/\"><input type=\"hidden\" name=\"render_id\" value=\"0\"><input type=\"hidden\" name=\"action\" value=\"forminator_submit_form_custom-forms\"><label for=\"input_4\" class=\"forminator-hidden\" aria-hidden=\"true\">Bitte f\u00fclle dieses Feld nicht aus. <input id=\"input_4\" type=\"text\" name=\"input_4\" value=\"\" autocomplete=\"off\"><\/label><\/form>\n<\/div>\n\n\n\n\n\t\t\t<\/div> \n\t\t<\/div>\n\t<\/div> \n<\/div><\/div>\n","protected":false},"excerpt":{"rendered":"DDP Deutschland GmbH B\u00e4ckerstrasse 24 14929 Treuenbrietzen Gesch\u00e4ftsf\u00fchrung: Sergej Sidorchuk E-Mail: sergej@ddpsan.de Telefon: +49(0)3374 884 9934 Mobil: +49(0)162-28 40 198 www.ddpsan.de Die DDP Deutschland GmbH ist im Handelsregister des Amtsgerichts...","protected":false},"author":1,"featured_media":0,"parent":0,"menu_order":0,"comment_status":"closed","ping_status":"closed","template":"","meta":{"footnotes":""},"class_list":["post-2375","page","type-page","status-publish"],"yoast_head":"<!-- This site is optimized with the Yoast SEO plugin v27.3 - https:\/\/yoast.com\/product\/yoast-seo-wordpress\/ -->\n<title>Kontakt - DDPSAN<\/title>\n<meta name=\"robots\" content=\"index, follow, max-snippet:-1, max-image-preview:large, max-video-preview:-1\" \/>\n<link rel=\"canonical\" href=\"https:\/\/ddpsan.com\/de\/kontakt\/\" \/>\n<meta property=\"og:locale\" content=\"de_DE\" \/>\n<meta property=\"og:type\" content=\"article\" \/>\n<meta property=\"og:title\" content=\"Kontakt - DDPSAN\" \/>\n<meta property=\"og:url\" content=\"https:\/\/ddpsan.com\/de\/kontakt\/\" \/>\n<meta property=\"og:site_name\" content=\"DDPSAN\" \/>\n<meta property=\"article:modified_time\" content=\"2025-10-28T09:59:15+00:00\" \/>\n<meta name=\"twitter:card\" content=\"summary_large_image\" \/>\n<meta name=\"twitter:label1\" content=\"Gesch\u00e4tzte Lesezeit\" \/>\n\t<meta name=\"twitter:data1\" content=\"1\u00a0Minute\" \/>\n<script type=\"application\/ld+json\" class=\"yoast-schema-graph\">{\"@context\":\"https:\\\/\\\/schema.org\",\"@graph\":[{\"@type\":\"WebPage\",\"@id\":\"https:\\\/\\\/ddpsan.com\\\/de\\\/kontakt\\\/\",\"url\":\"https:\\\/\\\/ddpsan.com\\\/de\\\/kontakt\\\/\",\"name\":\"Kontakt - DDPSAN\",\"isPartOf\":{\"@id\":\"https:\\\/\\\/ddpsan.com\\\/de\\\/#website\"},\"datePublished\":\"2021-11-29T09:55:28+00:00\",\"dateModified\":\"2025-10-28T09:59:15+00:00\",\"breadcrumb\":{\"@id\":\"https:\\\/\\\/ddpsan.com\\\/de\\\/kontakt\\\/#breadcrumb\"},\"inLanguage\":\"de\",\"potentialAction\":[{\"@type\":\"ReadAction\",\"target\":[\"https:\\\/\\\/ddpsan.com\\\/de\\\/kontakt\\\/\"]}]},{\"@type\":\"BreadcrumbList\",\"@id\":\"https:\\\/\\\/ddpsan.com\\\/de\\\/kontakt\\\/#breadcrumb\",\"itemListElement\":[{\"@type\":\"ListItem\",\"position\":1,\"name\":\"Home\",\"item\":\"https:\\\/\\\/ddpsan.com\\\/de\\\/\"},{\"@type\":\"ListItem\",\"position\":2,\"name\":\"Kontakt\"}]},{\"@type\":\"WebSite\",\"@id\":\"https:\\\/\\\/ddpsan.com\\\/de\\\/#website\",\"url\":\"https:\\\/\\\/ddpsan.com\\\/de\\\/\",\"name\":\"DDPSAN\",\"description\":\"Dynamic Drive Pool by Ardistech\",\"potentialAction\":[{\"@type\":\"SearchAction\",\"target\":{\"@type\":\"EntryPoint\",\"urlTemplate\":\"https:\\\/\\\/ddpsan.com\\\/de\\\/?s={search_term_string}\"},\"query-input\":{\"@type\":\"PropertyValueSpecification\",\"valueRequired\":true,\"valueName\":\"search_term_string\"}}],\"inLanguage\":\"de\"}]}<\/script>\n<!-- \/ Yoast SEO plugin. -->","yoast_head_json":{"title":"Kontakt - DDPSAN","robots":{"index":"index","follow":"follow","max-snippet":"max-snippet:-1","max-image-preview":"max-image-preview:large","max-video-preview":"max-video-preview:-1"},"canonical":"https:\/\/ddpsan.com\/de\/kontakt\/","og_locale":"de_DE","og_type":"article","og_title":"Kontakt - DDPSAN","og_url":"https:\/\/ddpsan.com\/de\/kontakt\/","og_site_name":"DDPSAN","article_modified_time":"2025-10-28T09:59:15+00:00","twitter_card":"summary_large_image","twitter_misc":{"Gesch\u00e4tzte Lesezeit":"1\u00a0Minute"},"schema":{"@context":"https:\/\/schema.org","@graph":[{"@type":"WebPage","@id":"https:\/\/ddpsan.com\/de\/kontakt\/","url":"https:\/\/ddpsan.com\/de\/kontakt\/","name":"Kontakt - DDPSAN","isPartOf":{"@id":"https:\/\/ddpsan.com\/de\/#website"},"datePublished":"2021-11-29T09:55:28+00:00","dateModified":"2025-10-28T09:59:15+00:00","breadcrumb":{"@id":"https:\/\/ddpsan.com\/de\/kontakt\/#breadcrumb"},"inLanguage":"de","potentialAction":[{"@type":"ReadAction","target":["https:\/\/ddpsan.com\/de\/kontakt\/"]}]},{"@type":"BreadcrumbList","@id":"https:\/\/ddpsan.com\/de\/kontakt\/#breadcrumb","itemListElement":[{"@type":"ListItem","position":1,"name":"Home","item":"https:\/\/ddpsan.com\/de\/"},{"@type":"ListItem","position":2,"name":"Kontakt"}]},{"@type":"WebSite","@id":"https:\/\/ddpsan.com\/de\/#website","url":"https:\/\/ddpsan.com\/de\/","name":"DDPSAN","description":"Dynamic Drive Pool by Ardistech","potentialAction":[{"@type":"SearchAction","target":{"@type":"EntryPoint","urlTemplate":"https:\/\/ddpsan.com\/de\/?s={search_term_string}"},"query-input":{"@type":"PropertyValueSpecification","valueRequired":true,"valueName":"search_term_string"}}],"inLanguage":"de"}]}},"_links":{"self":[{"href":"https:\/\/ddpsan.com\/de\/wp-json\/wp\/v2\/pages\/2375","targetHints":{"allow":["GET"]}}],"collection":[{"href":"https:\/\/ddpsan.com\/de\/wp-json\/wp\/v2\/pages"}],"about":[{"href":"https:\/\/ddpsan.com\/de\/wp-json\/wp\/v2\/types\/page"}],"author":[{"embeddable":true,"href":"https:\/\/ddpsan.com\/de\/wp-json\/wp\/v2\/users\/1"}],"replies":[{"embeddable":true,"href":"https:\/\/ddpsan.com\/de\/wp-json\/wp\/v2\/comments?post=2375"}],"version-history":[{"count":9,"href":"https:\/\/ddpsan.com\/de\/wp-json\/wp\/v2\/pages\/2375\/revisions"}],"predecessor-version":[{"id":6532,"href":"https:\/\/ddpsan.com\/de\/wp-json\/wp\/v2\/pages\/2375\/revisions\/6532"}],"wp:attachment":[{"href":"https:\/\/ddpsan.com\/de\/wp-json\/wp\/v2\/media?parent=2375"}],"curies":[{"name":"wp","href":"https:\/\/api.w.org\/{rel}","templated":true}]}}