{"id":2373,"date":"2021-11-29T10:52:27","date_gmt":"2021-11-29T09:52:27","guid":{"rendered":"https:\/\/ddpsan.com\/?page_id=2373"},"modified":"2022-01-06T15:31:59","modified_gmt":"2022-01-06T14:31:59","slug":"datenschutzerklaerung","status":"publish","type":"page","link":"https:\/\/ddpsan.com\/de\/datenschutzerklaerung\/","title":{"rendered":"Datenschutzerkl\u00e4rung"},"content":{"rendered":"\n\t\t<div id=\"fws_69e037f60c394\"  data-column-margin=\"default\" data-midnight=\"dark\"  class=\"wpb_row vc_row-fluid vc_row full-width-content vc_row-o-equal-height vc_row-flex vc_row-o-content-top\"  style=\"padding-top: 0px; padding-bottom: 0px; \"><div class=\"row-bg-wrap\" data-bg-animation=\"none\" data-bg-animation-delay=\"\" data-bg-overlay=\"false\"><div class=\"inner-wrap row-bg-layer\" ><div class=\"row-bg viewport-desktop\"  style=\"\"><\/div><\/div><\/div><div class=\"row_col_wrap_12 col span_12 dark left\">\n\t<div  class=\"vc_col-sm-12 wpb_column column_container vc_column_container col no-extra-padding inherit_tablet inherit_phone \"  data-padding-pos=\"all\" data-has-bg-color=\"false\" data-bg-color=\"\" data-bg-opacity=\"1\" data-animation=\"\" data-delay=\"0\" >\n\t\t<div class=\"vc_column-inner\" >\n\t\t\t<div class=\"wpb_wrapper\">\n\t\t\t\t<div class=\"img-with-aniamtion-wrap \" data-max-width=\"100%\" data-max-width-mobile=\"default\" data-shadow=\"none\" data-animation=\"fade-in\" >\n      <div class=\"inner\">\n        <div class=\"hover-wrap\"> \n          <div class=\"hover-wrap-inner\">\n            <img loading=\"lazy\" decoding=\"async\" class=\"img-with-animation w-100 skip-lazy\" data-delay=\"0\" height=\"550\" width=\"1920\" data-animation=\"fade-in\" src=\"https:\/\/ddpsan.com\/wp-content\/smush-webp\/2020\/10\/Privacy-H.jpg.webp\" alt=\"\" srcset=\"https:\/\/ddpsan.com\/wp-content\/smush-webp\/2020\/10\/Privacy-H.jpg.webp 1920w, https:\/\/ddpsan.com\/wp-content\/smush-webp\/2020\/10\/Privacy-H-300x86.jpg.webp 300w, https:\/\/ddpsan.com\/wp-content\/smush-webp\/2020\/10\/Privacy-H-1024x293.jpg.webp 1024w, https:\/\/ddpsan.com\/wp-content\/smush-webp\/2020\/10\/Privacy-H-768x220.jpg.webp 768w\" sizes=\"auto, (max-width: 1920px) 100vw, 1920px\" \/>\n          <\/div>\n        <\/div>\n        \n      <\/div>\n    <\/div>\n\t\t\t<\/div> \n\t\t<\/div>\n\t<\/div> \n<\/div><\/div>\n\t\t<div id=\"fws_69e037f60e1cc\"  data-column-margin=\"default\" data-midnight=\"dark\"  class=\"wpb_row vc_row-fluid vc_row\"  style=\"padding-top: 50px; padding-bottom: 0px; \"><div class=\"row-bg-wrap\" data-bg-animation=\"none\" data-bg-animation-delay=\"\" data-bg-overlay=\"false\"><div class=\"inner-wrap row-bg-layer\" ><div class=\"row-bg viewport-desktop\"  style=\"\"><\/div><\/div><\/div><div class=\"row_col_wrap_12 col span_12 dark left\">\n\t<div  class=\"vc_col-sm-12 wpb_column column_container vc_column_container col no-extra-padding inherit_tablet inherit_phone \"  data-padding-pos=\"all\" data-has-bg-color=\"false\" data-bg-color=\"\" data-bg-opacity=\"1\" data-animation=\"\" data-delay=\"0\" >\n\t\t<div class=\"vc_column-inner\" >\n\t\t\t<div class=\"wpb_wrapper\">\n\t\t\t\t\n<div class=\"wpb_text_column wpb_content_element \" >\n\t<h1>Datenschutzerkl\u00e4rung<\/h1>\n<h4>1. Datenschutzerkl\u00e4rung<\/h4>\n<p><span style=\"font-weight: 400;\">Ardis Technologies BV (Niederlande) und DDP Deutschland GmbH freuen sich \u00fcber Ihr Interesse zu dieser Website. Ihre Privatsph\u00e4re ist uns wichtig und wir m\u00f6chten, dass Sie sich beim Besuch unserer Website wohl f\u00fchlen. Der Schutz Ihrer Privatsph\u00e4re bei der Verarbeitung Ihrer pers\u00f6nlichen Daten ist ein wichtiges Anliegen, auf das wir bei unseren Gesch\u00e4ftsprozessen besonders achten. Die Website kann jedoch Links zu anderen Websites enthalten, auf die sich diese Datenschutzerkl\u00e4rung nicht erstreckt. Wir respektieren Ihre Privatsph\u00e4re und Ihren pers\u00f6nlichen Bereich.<\/span><\/p>\n<h4>2. Sicherheit<\/h4>\n<p><span style=\"font-weight: 400;\">Ardis Technologies BV und DDP Deutschland GmbH setzen technische und organisatorische Sicherheitsma\u00dfnahmen ein, um unsere Website gegen zuf\u00e4llige oder vors\u00e4tzliche Manipulation, Verlust, Zerst\u00f6rung oder gegen den Zugriff unberechtigter Personen zu sch\u00fctzen und zu kontrollieren. Unsere Sicherheitsverfahren werden kontinuierlich verbessert, sobald neue Technologien verf\u00fcgbar werden.<\/span><span style=\"font-weight: 400;\"><br \/>\n<\/span><span style=\"font-weight: 400;\">Wir weisen jedoch darauf hin, dass Ihre Daten\u00fcbertragung im Internet (z.B. bei der Kommunikation per E-Mail) Sicherheitsl\u00fccken aufweisen kann. Ein l\u00fcckenloser Schutz der Daten vor dem Zugriff durch Dritte ist nicht m\u00f6glich.<\/span><\/p>\n<h4>3. Erhebung und Verarbeitung personenbezogener Daten<\/h4>\n<p><span style=\"font-weight: 400;\">Wenn Sie unsere Website besuchen, erfassen wir NICHT automatisch Zugangsdaten zu pers\u00f6nlichen Daten. Wir speichern NICHT den Namen Ihres Internet Service Providers oder die Webservice, von der Sie uns besuchen oder die Websites, die Sie tats\u00e4chlich besuchen, sowie das Datum und die Dauer von dem Besuch. Zus\u00e4tzliche personenbezogene Daten werden NICHT erhoben und k\u00f6nnen daher NICHT gespeichert werden.<\/span><\/p>\n<h4>4. Verwendung und Weitergabe personenbezogener Daten und Zweckbestimmung<span style=\"font-weight: 400;\"><br \/>\n<\/span><\/h4>\n<p><span style=\"font-weight: 400;\">Ardis Technologies BV und DDP Deutschland GmbH ist kein Webshop und daher nicht an Zahlungen \u00fcber unsere Website beteiligt. Daher d\u00fcrfen wir weder personenbezogene Daten erheben, noch Daten f\u00fcr Zwecke der technischen Administration unserer Website speichern. Daher m\u00fcssen die Besucher userer Webseite keine Informationen bereitstellen. Wenn keine personenbezogenen Daten gespeichert sind, k\u00f6nnen Ihre Daten a priori auch nicht an eine andere Website weitergeleitet werden.<\/span><\/p>\n<h4>5. Cookies<\/h4>\n<p><span style=\"font-weight: 400;\">Unsere Website verwendet anonimisierte, nur funktionele Cookies, notwendig um unsere Website zu verbessern und benutzerfreundlicher, effizienter und sicherer zu gestalten. Sie k\u00f6nnen uns per E-Mail mit Ihren Bemerkungen und \/ oder Anregungen kontaktieren, die unsererseits ber\u00fccksichtigt und erledigt werden.<\/span><\/p>\n<h4>6. Nutzung von Google Analytics<\/h4>\n<p><span style=\"font-weight: 400;\">Diese Website nutzt nur anonimisierte Google &#8222;reCaptcha&#8220; Funktionen (um Robots und Spam zu weren) und Google Analytics, einen Webanalysedienst der Google Inc.<\/span><\/p>\n<h4>7. Newsletter<\/h4>\n<p><span style=\"font-weight: 400;\">Wenn Sie einen oder mehrere auf unserer Website angebotene Newsletter erhalten m\u00f6chten, k\u00f6nnte es sein, dass wir von Ihnen eine g\u00fcltige E-Mail-Adresse, Ihren Namen und Ihren Titel ben\u00f6tigen, den Sie auf Anfrage ausf\u00fcllen k\u00f6nnen. Es werden keine weiteren pers\u00f6nlichen Daten gesammelt. Au\u00dferdem leiten wir Ihre E-Mail-Adresse nicht an Dritte weiter. Ihre Zustimmung zur Speicherung dieser Daten nur f\u00fcr die Nutzung von Newslettern, Ihre E-Mail-Adresse sowie die Verwendung zum Versenden des Newsletters k\u00f6nnen Sie jedoch jederzeit widerrufen. Teilen Sie uns dies bitte mit, wenn diese Situation eintritt und wir werden Ihre Kontaktdaten aus unseren Datenbank entfernen.<\/span><\/p>\n<h4>8. Pers\u00f6nliche Daten im Kontaktformular<\/h4>\n<p><span style=\"font-weight: 400;\">Mit dem Kontaktformular sammeln Ardis Technologies BV und DDP Deutschland GmbH keine pers\u00f6nlichen Daten, sondern nutzen die ausschliesslich nur um das angeforderte Informationsmaterial an die richtige Adresse zu senden oder um m\u00f6gliche Fragen zu beantworten. Wir geben diese personenbezogenen Daten NICHT an Dritte weiter.<\/span><\/p>\n<h4>9. Informationsfreiheit<\/h4>\n<p><span style=\"font-weight: 400;\">Die Website von Ardis Technologies BV und DDP Deutschland GmbH speichert Ihre pers\u00f6nlichen Daten nicht, sondern gibt Ihnen lediglich technische Informationen.<\/span><\/p>\n<h4>10. Ihre Vereinbarung<\/h4>\n<p><span style=\"font-weight: 400;\">Bei der Nutzung der Website von Ardis Technologies BV und DDP Deutschland GmbH muss jetzt klar sein, dass wir keine personenbezogenen Daten verwenden. Die rasante Entwicklung im Bereich des Internets erfordert von Zeit zu Zeit Anpassungen unserer Datenschutzrichtlinie. Wir werden Sie hier \u00fcber neue \u00c4nderungen informieren, die vor Mai 2018 in Bezug auf neues europ\u00e4isches Recht eintreffen werden.<\/span><\/p>\n<\/div>\n\n\n\n\n\t\t\t<\/div> \n\t\t<\/div>\n\t<\/div> \n<\/div><\/div>\n\t\t<div id=\"fws_69e037f60ed02\"  data-column-margin=\"default\" data-midnight=\"dark\"  class=\"wpb_row vc_row-fluid vc_row full-width-content vc_row-o-equal-height vc_row-flex vc_row-o-content-top\"  style=\"padding-top: 0px; padding-bottom: 0px; \"><div class=\"row-bg-wrap\" data-bg-animation=\"none\" data-bg-animation-delay=\"\" data-bg-overlay=\"false\"><div class=\"inner-wrap row-bg-layer\" ><div class=\"row-bg viewport-desktop\"  style=\"\"><\/div><\/div><\/div><div class=\"row_col_wrap_12 col span_12 dark left\">\n\t<div  class=\"vc_col-sm-12 wpb_column column_container vc_column_container col no-extra-padding inherit_tablet inherit_phone \"  data-padding-pos=\"all\" data-has-bg-color=\"false\" data-bg-color=\"\" data-bg-opacity=\"1\" data-animation=\"\" data-delay=\"0\" >\n\t\t<div class=\"vc_column-inner\" >\n\t\t\t<div class=\"wpb_wrapper\">\n\t\t\t\t<div class=\"img-with-aniamtion-wrap \" data-max-width=\"100%\" data-max-width-mobile=\"default\" data-shadow=\"none\" data-animation=\"fade-in\" >\n      <div class=\"inner\">\n        <div class=\"hover-wrap\"> \n          <div class=\"hover-wrap-inner\">\n            <img loading=\"lazy\" decoding=\"async\" class=\"img-with-animation w-100 skip-lazy\" data-delay=\"0\" height=\"550\" width=\"1920\" data-animation=\"fade-in\" src=\"https:\/\/ddpsan.com\/wp-content\/smush-webp\/2020\/10\/Privacy-F.jpg.webp\" alt=\"\" srcset=\"https:\/\/ddpsan.com\/wp-content\/smush-webp\/2020\/10\/Privacy-F.jpg.webp 1920w, https:\/\/ddpsan.com\/wp-content\/smush-webp\/2020\/10\/Privacy-F-300x86.jpg.webp 300w, https:\/\/ddpsan.com\/wp-content\/smush-webp\/2020\/10\/Privacy-F-1024x293.jpg.webp 1024w, https:\/\/ddpsan.com\/wp-content\/smush-webp\/2020\/10\/Privacy-F-768x220.jpg.webp 768w\" sizes=\"auto, (max-width: 1920px) 100vw, 1920px\" \/>\n          <\/div>\n        <\/div>\n        \n      <\/div>\n    <\/div>\n\t\t\t<\/div> \n\t\t<\/div>\n\t<\/div> \n<\/div><\/div>\n","protected":false},"excerpt":{"rendered":"Datenschutzerkl\u00e4rung 1. Datenschutzerkl\u00e4rung Ardis Technologies BV (Niederlande) und DDP Deutschland GmbH freuen sich \u00fcber Ihr Interesse zu dieser Website. Ihre Privatsph\u00e4re ist uns wichtig und wir m\u00f6chten, dass Sie sich...","protected":false},"author":1,"featured_media":0,"parent":0,"menu_order":0,"comment_status":"closed","ping_status":"closed","template":"","meta":{"footnotes":""},"class_list":["post-2373","page","type-page","status-publish"],"yoast_head":"<!-- This site is optimized with the Yoast SEO plugin v27.3 - https:\/\/yoast.com\/product\/yoast-seo-wordpress\/ -->\n<title>Datenschutzerkl\u00e4rung - DDPSAN<\/title>\n<meta name=\"robots\" content=\"index, follow, max-snippet:-1, max-image-preview:large, max-video-preview:-1\" \/>\n<link rel=\"canonical\" href=\"https:\/\/ddpsan.com\/de\/datenschutzerklaerung\/\" \/>\n<meta property=\"og:locale\" content=\"de_DE\" \/>\n<meta property=\"og:type\" content=\"article\" \/>\n<meta property=\"og:title\" content=\"Datenschutzerkl\u00e4rung - DDPSAN\" \/>\n<meta property=\"og:url\" content=\"https:\/\/ddpsan.com\/de\/datenschutzerklaerung\/\" \/>\n<meta property=\"og:site_name\" content=\"DDPSAN\" \/>\n<meta property=\"article:modified_time\" content=\"2022-01-06T14:31:59+00:00\" \/>\n<meta name=\"twitter:card\" content=\"summary_large_image\" \/>\n<meta name=\"twitter:label1\" content=\"Gesch\u00e4tzte Lesezeit\" \/>\n\t<meta name=\"twitter:data1\" content=\"4\u00a0Minuten\" \/>\n<script type=\"application\/ld+json\" class=\"yoast-schema-graph\">{\"@context\":\"https:\\\/\\\/schema.org\",\"@graph\":[{\"@type\":\"WebPage\",\"@id\":\"https:\\\/\\\/ddpsan.com\\\/de\\\/datenschutzerklaerung\\\/\",\"url\":\"https:\\\/\\\/ddpsan.com\\\/de\\\/datenschutzerklaerung\\\/\",\"name\":\"Datenschutzerkl\u00e4rung - DDPSAN\",\"isPartOf\":{\"@id\":\"https:\\\/\\\/ddpsan.com\\\/de\\\/#website\"},\"datePublished\":\"2021-11-29T09:52:27+00:00\",\"dateModified\":\"2022-01-06T14:31:59+00:00\",\"breadcrumb\":{\"@id\":\"https:\\\/\\\/ddpsan.com\\\/de\\\/datenschutzerklaerung\\\/#breadcrumb\"},\"inLanguage\":\"de\",\"potentialAction\":[{\"@type\":\"ReadAction\",\"target\":[\"https:\\\/\\\/ddpsan.com\\\/de\\\/datenschutzerklaerung\\\/\"]}]},{\"@type\":\"BreadcrumbList\",\"@id\":\"https:\\\/\\\/ddpsan.com\\\/de\\\/datenschutzerklaerung\\\/#breadcrumb\",\"itemListElement\":[{\"@type\":\"ListItem\",\"position\":1,\"name\":\"Home\",\"item\":\"https:\\\/\\\/ddpsan.com\\\/de\\\/\"},{\"@type\":\"ListItem\",\"position\":2,\"name\":\"Datenschutzerkl\u00e4rung\"}]},{\"@type\":\"WebSite\",\"@id\":\"https:\\\/\\\/ddpsan.com\\\/de\\\/#website\",\"url\":\"https:\\\/\\\/ddpsan.com\\\/de\\\/\",\"name\":\"DDPSAN\",\"description\":\"Dynamic Drive Pool by Ardistech\",\"potentialAction\":[{\"@type\":\"SearchAction\",\"target\":{\"@type\":\"EntryPoint\",\"urlTemplate\":\"https:\\\/\\\/ddpsan.com\\\/de\\\/?s={search_term_string}\"},\"query-input\":{\"@type\":\"PropertyValueSpecification\",\"valueRequired\":true,\"valueName\":\"search_term_string\"}}],\"inLanguage\":\"de\"}]}<\/script>\n<!-- \/ Yoast SEO plugin. -->","yoast_head_json":{"title":"Datenschutzerkl\u00e4rung - DDPSAN","robots":{"index":"index","follow":"follow","max-snippet":"max-snippet:-1","max-image-preview":"max-image-preview:large","max-video-preview":"max-video-preview:-1"},"canonical":"https:\/\/ddpsan.com\/de\/datenschutzerklaerung\/","og_locale":"de_DE","og_type":"article","og_title":"Datenschutzerkl\u00e4rung - DDPSAN","og_url":"https:\/\/ddpsan.com\/de\/datenschutzerklaerung\/","og_site_name":"DDPSAN","article_modified_time":"2022-01-06T14:31:59+00:00","twitter_card":"summary_large_image","twitter_misc":{"Gesch\u00e4tzte Lesezeit":"4\u00a0Minuten"},"schema":{"@context":"https:\/\/schema.org","@graph":[{"@type":"WebPage","@id":"https:\/\/ddpsan.com\/de\/datenschutzerklaerung\/","url":"https:\/\/ddpsan.com\/de\/datenschutzerklaerung\/","name":"Datenschutzerkl\u00e4rung - DDPSAN","isPartOf":{"@id":"https:\/\/ddpsan.com\/de\/#website"},"datePublished":"2021-11-29T09:52:27+00:00","dateModified":"2022-01-06T14:31:59+00:00","breadcrumb":{"@id":"https:\/\/ddpsan.com\/de\/datenschutzerklaerung\/#breadcrumb"},"inLanguage":"de","potentialAction":[{"@type":"ReadAction","target":["https:\/\/ddpsan.com\/de\/datenschutzerklaerung\/"]}]},{"@type":"BreadcrumbList","@id":"https:\/\/ddpsan.com\/de\/datenschutzerklaerung\/#breadcrumb","itemListElement":[{"@type":"ListItem","position":1,"name":"Home","item":"https:\/\/ddpsan.com\/de\/"},{"@type":"ListItem","position":2,"name":"Datenschutzerkl\u00e4rung"}]},{"@type":"WebSite","@id":"https:\/\/ddpsan.com\/de\/#website","url":"https:\/\/ddpsan.com\/de\/","name":"DDPSAN","description":"Dynamic Drive Pool by Ardistech","potentialAction":[{"@type":"SearchAction","target":{"@type":"EntryPoint","urlTemplate":"https:\/\/ddpsan.com\/de\/?s={search_term_string}"},"query-input":{"@type":"PropertyValueSpecification","valueRequired":true,"valueName":"search_term_string"}}],"inLanguage":"de"}]}},"_links":{"self":[{"href":"https:\/\/ddpsan.com\/de\/wp-json\/wp\/v2\/pages\/2373","targetHints":{"allow":["GET"]}}],"collection":[{"href":"https:\/\/ddpsan.com\/de\/wp-json\/wp\/v2\/pages"}],"about":[{"href":"https:\/\/ddpsan.com\/de\/wp-json\/wp\/v2\/types\/page"}],"author":[{"embeddable":true,"href":"https:\/\/ddpsan.com\/de\/wp-json\/wp\/v2\/users\/1"}],"replies":[{"embeddable":true,"href":"https:\/\/ddpsan.com\/de\/wp-json\/wp\/v2\/comments?post=2373"}],"version-history":[{"count":3,"href":"https:\/\/ddpsan.com\/de\/wp-json\/wp\/v2\/pages\/2373\/revisions"}],"predecessor-version":[{"id":2667,"href":"https:\/\/ddpsan.com\/de\/wp-json\/wp\/v2\/pages\/2373\/revisions\/2667"}],"wp:attachment":[{"href":"https:\/\/ddpsan.com\/de\/wp-json\/wp\/v2\/media?parent=2373"}],"curies":[{"name":"wp","href":"https:\/\/api.w.org\/{rel}","templated":true}]}}