{"id":2365,"date":"2021-11-29T10:37:04","date_gmt":"2021-11-29T09:37:04","guid":{"rendered":"https:\/\/ddpsan.com\/?page_id=2365"},"modified":"2022-02-22T11:38:13","modified_gmt":"2022-02-22T10:38:13","slug":"lieferbedingungen","status":"publish","type":"page","link":"https:\/\/ddpsan.com\/de\/lieferbedingungen\/","title":{"rendered":"Lieferbedingungen"},"content":{"rendered":"\n\t\t<div id=\"fws_69de2e437c491\"  data-column-margin=\"default\" data-midnight=\"dark\"  class=\"wpb_row vc_row-fluid vc_row full-width-content vc_row-o-equal-height vc_row-flex vc_row-o-content-top\"  style=\"padding-top: 0px; padding-bottom: 0px; \"><div class=\"row-bg-wrap\" data-bg-animation=\"none\" data-bg-animation-delay=\"\" data-bg-overlay=\"false\"><div class=\"inner-wrap row-bg-layer\" ><div class=\"row-bg viewport-desktop\"  style=\"\"><\/div><\/div><\/div><div class=\"row_col_wrap_12 col span_12 dark left\">\n\t<div  class=\"vc_col-sm-12 wpb_column column_container vc_column_container col no-extra-padding inherit_tablet inherit_phone \"  data-padding-pos=\"all\" data-has-bg-color=\"false\" data-bg-color=\"\" data-bg-opacity=\"1\" data-animation=\"\" data-delay=\"0\" >\n\t\t<div class=\"vc_column-inner\" >\n\t\t\t<div class=\"wpb_wrapper\">\n\t\t\t\t<div class=\"img-with-aniamtion-wrap center\" data-max-width=\"100%\" data-max-width-mobile=\"default\" data-shadow=\"none\" data-animation=\"fade-in\" >\n      <div class=\"inner\">\n        <div class=\"hover-wrap\"> \n          <div class=\"hover-wrap-inner\">\n            <img loading=\"lazy\" decoding=\"async\" class=\"img-with-animation w-100 skip-lazy\" data-delay=\"0\" height=\"550\" width=\"1920\" data-animation=\"fade-in\" src=\"https:\/\/ddpsan.com\/wp-content\/smush-webp\/2020\/10\/Delivery-H.jpg.webp\" alt=\"\" srcset=\"https:\/\/ddpsan.com\/wp-content\/smush-webp\/2020\/10\/Delivery-H.jpg.webp 1920w, https:\/\/ddpsan.com\/wp-content\/smush-webp\/2020\/10\/Delivery-H-300x86.jpg.webp 300w, https:\/\/ddpsan.com\/wp-content\/smush-webp\/2020\/10\/Delivery-H-1024x293.jpg.webp 1024w, https:\/\/ddpsan.com\/wp-content\/smush-webp\/2020\/10\/Delivery-H-768x220.jpg.webp 768w\" sizes=\"auto, (max-width: 1920px) 100vw, 1920px\" \/>\n          <\/div>\n        <\/div>\n        \n      <\/div>\n    <\/div>\n\t\t\t<\/div> \n\t\t<\/div>\n\t<\/div> \n<\/div><\/div>\n\t\t<div id=\"fws_69de2e438003a\"  data-column-margin=\"default\" data-midnight=\"dark\"  class=\"wpb_row vc_row-fluid vc_row\"  style=\"padding-top: 50px; padding-bottom: 0px; \"><div class=\"row-bg-wrap\" data-bg-animation=\"none\" data-bg-animation-delay=\"\" data-bg-overlay=\"false\"><div class=\"inner-wrap row-bg-layer\" ><div class=\"row-bg viewport-desktop\"  style=\"\"><\/div><\/div><\/div><div class=\"row_col_wrap_12 col span_12 dark left\">\n\t<div  class=\"vc_col-sm-12 wpb_column column_container vc_column_container col no-extra-padding inherit_tablet inherit_phone \"  data-padding-pos=\"all\" data-has-bg-color=\"false\" data-bg-color=\"\" data-bg-opacity=\"1\" data-animation=\"\" data-delay=\"0\" >\n\t\t<div class=\"vc_column-inner\" >\n\t\t\t<div class=\"wpb_wrapper\">\n\t\t\t\t\n<div class=\"wpb_text_column wpb_content_element \" >\n\t<h1>Lieferbedingungen<\/h1>\n<p>Ardis Technologies BV ist Mitglied der FHI. FHI steht f\u00fcr Federation of Technology branches, www.fhi.nl. F\u00fcr die Lieferbedingungen von Ardis Technologies BV werden die FHI Lieferbedingungen f\u00fcr FHI-Mitglieder verwendet. Die Lieferbedingungen liegen in<br \/>\nniederl\u00e4ndischer, englischer, deutscher und franz\u00f6sischer Sprache vor und k\u00f6nnen auf dieser Seite heruntergeladen werden.<\/p>\n<h4>Lieferbedingungen herunterladen<\/h4>\n<\/div>\n\n\n\n<a class=\"nectar-button large regular extra-color-1  regular-button\"  role=\"button\" style=\"\" target=\"_blank\" href=\"https:\/\/ddpsan.com\/wp-content\/uploads\/2020\/02\/LieferbedingungenFHI.pdf\" data-color-override=\"false\" data-hover-color-override=\"false\" data-hover-text-color-override=\"#fff\"><span>Deutsch<\/span><\/a><div class=\"divider-wrap\" data-alignment=\"default\"><div style=\"height: 15px;\" class=\"divider\"><\/div><\/div><a class=\"nectar-button large regular extra-color-1  regular-button\"  role=\"button\" style=\"\" target=\"_blank\" href=\"https:\/\/ddpsan.com\/wp-content\/uploads\/2020\/02\/DeliveryConditions.pdf\" data-color-override=\"false\" data-hover-color-override=\"false\" data-hover-text-color-override=\"#fff\"><span>Englisch<\/span><\/a><div class=\"divider-wrap\" data-alignment=\"default\"><div style=\"height: 15px;\" class=\"divider\"><\/div><\/div><a class=\"nectar-button large regular extra-color-1  regular-button\"  role=\"button\" style=\"\" target=\"_blank\" href=\"https:\/\/ddpsan.com\/wp-content\/uploads\/2020\/02\/Conditions-de-LivraisonFHI.pdf\" data-color-override=\"false\" data-hover-color-override=\"false\" data-hover-text-color-override=\"#fff\"><span>Franz\u00f6sisch<\/span><\/a><div class=\"divider-wrap\" data-alignment=\"default\"><div style=\"height: 15px;\" class=\"divider\"><\/div><\/div><a class=\"nectar-button large regular extra-color-1  regular-button\"  role=\"button\" style=\"\" target=\"_blank\" href=\"https:\/\/ddpsan.com\/wp-content\/uploads\/2020\/02\/LeveringsvoorwaardenFHI.pdf\" data-color-override=\"false\" data-hover-color-override=\"false\" data-hover-text-color-override=\"#fff\"><span>Niederl\u00e4ndisch<\/span><\/a>\n\t\t\t<\/div> \n\t\t<\/div>\n\t<\/div> \n<\/div><\/div>\n\t\t<div id=\"fws_69de2e4382742\"  data-column-margin=\"default\" data-midnight=\"dark\"  class=\"wpb_row vc_row-fluid vc_row full-width-content vc_row-o-equal-height vc_row-flex vc_row-o-content-top\"  style=\"padding-top: 0px; padding-bottom: 0px; \"><div class=\"row-bg-wrap\" data-bg-animation=\"none\" data-bg-animation-delay=\"\" data-bg-overlay=\"false\"><div class=\"inner-wrap row-bg-layer\" ><div class=\"row-bg viewport-desktop\"  style=\"\"><\/div><\/div><\/div><div class=\"row_col_wrap_12 col span_12 dark left\">\n\t<div  class=\"vc_col-sm-12 wpb_column column_container vc_column_container col no-extra-padding inherit_tablet inherit_phone \"  data-padding-pos=\"all\" data-has-bg-color=\"false\" data-bg-color=\"\" data-bg-opacity=\"1\" data-animation=\"\" data-delay=\"0\" >\n\t\t<div class=\"vc_column-inner\" >\n\t\t\t<div class=\"wpb_wrapper\">\n\t\t\t\t<div class=\"img-with-aniamtion-wrap center\" data-max-width=\"100%\" data-max-width-mobile=\"default\" data-shadow=\"none\" data-animation=\"fade-in\" >\n      <div class=\"inner\">\n        <div class=\"hover-wrap\"> \n          <div class=\"hover-wrap-inner\">\n            <img loading=\"lazy\" decoding=\"async\" class=\"img-with-animation w-100 skip-lazy\" data-delay=\"0\" height=\"550\" width=\"1920\" data-animation=\"fade-in\" src=\"https:\/\/ddpsan.com\/wp-content\/smush-webp\/2020\/10\/Delivery-F.jpg.webp\" alt=\"\" srcset=\"https:\/\/ddpsan.com\/wp-content\/smush-webp\/2020\/10\/Delivery-F.jpg.webp 1920w, https:\/\/ddpsan.com\/wp-content\/smush-webp\/2020\/10\/Delivery-F-300x86.jpg.webp 300w, https:\/\/ddpsan.com\/wp-content\/smush-webp\/2020\/10\/Delivery-F-1024x293.jpg.webp 1024w, https:\/\/ddpsan.com\/wp-content\/smush-webp\/2020\/10\/Delivery-F-768x220.jpg.webp 768w\" sizes=\"auto, (max-width: 1920px) 100vw, 1920px\" \/>\n          <\/div>\n        <\/div>\n        \n      <\/div>\n    <\/div>\n\t\t\t<\/div> \n\t\t<\/div>\n\t<\/div> \n<\/div><\/div>\n","protected":false},"excerpt":{"rendered":"Lieferbedingungen Ardis Technologies BV ist Mitglied der FHI. FHI steht f\u00fcr Federation of Technology branches, www.fhi.nl. F\u00fcr die Lieferbedingungen von Ardis Technologies BV werden die FHI Lieferbedingungen f\u00fcr FHI-Mitglieder verwendet....","protected":false},"author":1,"featured_media":0,"parent":0,"menu_order":0,"comment_status":"closed","ping_status":"closed","template":"","meta":{"footnotes":""},"class_list":["post-2365","page","type-page","status-publish"],"yoast_head":"<!-- This site is optimized with the Yoast SEO plugin v27.3 - https:\/\/yoast.com\/product\/yoast-seo-wordpress\/ -->\n<title>Lieferbedingungen - DDPSAN<\/title>\n<meta name=\"robots\" content=\"index, follow, max-snippet:-1, max-image-preview:large, max-video-preview:-1\" \/>\n<link rel=\"canonical\" href=\"https:\/\/ddpsan.com\/de\/lieferbedingungen\/\" \/>\n<meta property=\"og:locale\" content=\"de_DE\" \/>\n<meta property=\"og:type\" content=\"article\" \/>\n<meta property=\"og:title\" content=\"Lieferbedingungen - DDPSAN\" \/>\n<meta property=\"og:url\" content=\"https:\/\/ddpsan.com\/de\/lieferbedingungen\/\" \/>\n<meta property=\"og:site_name\" content=\"DDPSAN\" \/>\n<meta property=\"article:modified_time\" content=\"2022-02-22T10:38:13+00:00\" \/>\n<meta name=\"twitter:card\" content=\"summary_large_image\" \/>\n<meta name=\"twitter:label1\" content=\"Gesch\u00e4tzte Lesezeit\" \/>\n\t<meta name=\"twitter:data1\" content=\"2\u00a0Minuten\" \/>\n<script type=\"application\/ld+json\" class=\"yoast-schema-graph\">{\"@context\":\"https:\\\/\\\/schema.org\",\"@graph\":[{\"@type\":\"WebPage\",\"@id\":\"https:\\\/\\\/ddpsan.com\\\/de\\\/lieferbedingungen\\\/\",\"url\":\"https:\\\/\\\/ddpsan.com\\\/de\\\/lieferbedingungen\\\/\",\"name\":\"Lieferbedingungen - DDPSAN\",\"isPartOf\":{\"@id\":\"https:\\\/\\\/ddpsan.com\\\/de\\\/#website\"},\"datePublished\":\"2021-11-29T09:37:04+00:00\",\"dateModified\":\"2022-02-22T10:38:13+00:00\",\"breadcrumb\":{\"@id\":\"https:\\\/\\\/ddpsan.com\\\/de\\\/lieferbedingungen\\\/#breadcrumb\"},\"inLanguage\":\"de\",\"potentialAction\":[{\"@type\":\"ReadAction\",\"target\":[\"https:\\\/\\\/ddpsan.com\\\/de\\\/lieferbedingungen\\\/\"]}]},{\"@type\":\"BreadcrumbList\",\"@id\":\"https:\\\/\\\/ddpsan.com\\\/de\\\/lieferbedingungen\\\/#breadcrumb\",\"itemListElement\":[{\"@type\":\"ListItem\",\"position\":1,\"name\":\"Home\",\"item\":\"https:\\\/\\\/ddpsan.com\\\/de\\\/\"},{\"@type\":\"ListItem\",\"position\":2,\"name\":\"Lieferbedingungen\"}]},{\"@type\":\"WebSite\",\"@id\":\"https:\\\/\\\/ddpsan.com\\\/de\\\/#website\",\"url\":\"https:\\\/\\\/ddpsan.com\\\/de\\\/\",\"name\":\"DDPSAN\",\"description\":\"Dynamic Drive Pool by Ardistech\",\"potentialAction\":[{\"@type\":\"SearchAction\",\"target\":{\"@type\":\"EntryPoint\",\"urlTemplate\":\"https:\\\/\\\/ddpsan.com\\\/de\\\/?s={search_term_string}\"},\"query-input\":{\"@type\":\"PropertyValueSpecification\",\"valueRequired\":true,\"valueName\":\"search_term_string\"}}],\"inLanguage\":\"de\"}]}<\/script>\n<!-- \/ Yoast SEO plugin. -->","yoast_head_json":{"title":"Lieferbedingungen - DDPSAN","robots":{"index":"index","follow":"follow","max-snippet":"max-snippet:-1","max-image-preview":"max-image-preview:large","max-video-preview":"max-video-preview:-1"},"canonical":"https:\/\/ddpsan.com\/de\/lieferbedingungen\/","og_locale":"de_DE","og_type":"article","og_title":"Lieferbedingungen - DDPSAN","og_url":"https:\/\/ddpsan.com\/de\/lieferbedingungen\/","og_site_name":"DDPSAN","article_modified_time":"2022-02-22T10:38:13+00:00","twitter_card":"summary_large_image","twitter_misc":{"Gesch\u00e4tzte Lesezeit":"2\u00a0Minuten"},"schema":{"@context":"https:\/\/schema.org","@graph":[{"@type":"WebPage","@id":"https:\/\/ddpsan.com\/de\/lieferbedingungen\/","url":"https:\/\/ddpsan.com\/de\/lieferbedingungen\/","name":"Lieferbedingungen - DDPSAN","isPartOf":{"@id":"https:\/\/ddpsan.com\/de\/#website"},"datePublished":"2021-11-29T09:37:04+00:00","dateModified":"2022-02-22T10:38:13+00:00","breadcrumb":{"@id":"https:\/\/ddpsan.com\/de\/lieferbedingungen\/#breadcrumb"},"inLanguage":"de","potentialAction":[{"@type":"ReadAction","target":["https:\/\/ddpsan.com\/de\/lieferbedingungen\/"]}]},{"@type":"BreadcrumbList","@id":"https:\/\/ddpsan.com\/de\/lieferbedingungen\/#breadcrumb","itemListElement":[{"@type":"ListItem","position":1,"name":"Home","item":"https:\/\/ddpsan.com\/de\/"},{"@type":"ListItem","position":2,"name":"Lieferbedingungen"}]},{"@type":"WebSite","@id":"https:\/\/ddpsan.com\/de\/#website","url":"https:\/\/ddpsan.com\/de\/","name":"DDPSAN","description":"Dynamic Drive Pool by Ardistech","potentialAction":[{"@type":"SearchAction","target":{"@type":"EntryPoint","urlTemplate":"https:\/\/ddpsan.com\/de\/?s={search_term_string}"},"query-input":{"@type":"PropertyValueSpecification","valueRequired":true,"valueName":"search_term_string"}}],"inLanguage":"de"}]}},"_links":{"self":[{"href":"https:\/\/ddpsan.com\/de\/wp-json\/wp\/v2\/pages\/2365","targetHints":{"allow":["GET"]}}],"collection":[{"href":"https:\/\/ddpsan.com\/de\/wp-json\/wp\/v2\/pages"}],"about":[{"href":"https:\/\/ddpsan.com\/de\/wp-json\/wp\/v2\/types\/page"}],"author":[{"embeddable":true,"href":"https:\/\/ddpsan.com\/de\/wp-json\/wp\/v2\/users\/1"}],"replies":[{"embeddable":true,"href":"https:\/\/ddpsan.com\/de\/wp-json\/wp\/v2\/comments?post=2365"}],"version-history":[{"count":2,"href":"https:\/\/ddpsan.com\/de\/wp-json\/wp\/v2\/pages\/2365\/revisions"}],"predecessor-version":[{"id":2748,"href":"https:\/\/ddpsan.com\/de\/wp-json\/wp\/v2\/pages\/2365\/revisions\/2748"}],"wp:attachment":[{"href":"https:\/\/ddpsan.com\/de\/wp-json\/wp\/v2\/media?parent=2365"}],"curies":[{"name":"wp","href":"https:\/\/api.w.org\/{rel}","templated":true}]}}