{"id":2356,"date":"2021-11-29T10:26:55","date_gmt":"2021-11-29T09:26:55","guid":{"rendered":"https:\/\/ddpsan.com\/?page_id=2356"},"modified":"2025-03-12T18:01:29","modified_gmt":"2025-03-12T17:01:29","slug":"unternehmen","status":"publish","type":"page","link":"https:\/\/ddpsan.com\/de\/unternehmen\/","title":{"rendered":"Unternehmen"},"content":{"rendered":"\n\t\t<div id=\"fws_69e4fb2a6881f\"  data-column-margin=\"default\" data-midnight=\"dark\"  class=\"wpb_row vc_row-fluid vc_row full-width-content vc_row-o-equal-height vc_row-flex vc_row-o-content-top\"  style=\"padding-top: 0px; padding-bottom: 0px; \"><div class=\"row-bg-wrap\" data-bg-animation=\"none\" data-bg-animation-delay=\"\" data-bg-overlay=\"false\"><div class=\"inner-wrap row-bg-layer\" ><div class=\"row-bg viewport-desktop\"  style=\"\"><\/div><\/div><\/div><div class=\"row_col_wrap_12 col span_12 dark left\">\n\t<div  class=\"vc_col-sm-12 wpb_column column_container vc_column_container col no-extra-padding inherit_tablet inherit_phone \"  data-padding-pos=\"all\" data-has-bg-color=\"false\" data-bg-color=\"\" data-bg-opacity=\"1\" data-animation=\"\" data-delay=\"0\" >\n\t\t<div class=\"vc_column-inner\" >\n\t\t\t<div class=\"wpb_wrapper\">\n\t\t\t\t<div class=\"img-with-aniamtion-wrap \" data-max-width=\"100%\" data-max-width-mobile=\"default\" data-shadow=\"none\" data-animation=\"fade-in\" >\n      <div class=\"inner\">\n        <div class=\"hover-wrap\"> \n          <div class=\"hover-wrap-inner\">\n            <img loading=\"lazy\" decoding=\"async\" class=\"img-with-animation w-100 skip-lazy\" data-delay=\"0\" height=\"550\" width=\"1920\" data-animation=\"fade-in\" src=\"https:\/\/ddpsan.com\/wp-content\/smush-webp\/2020\/10\/AboutUs-H.jpg.webp\" alt=\"\" srcset=\"https:\/\/ddpsan.com\/wp-content\/smush-webp\/2020\/10\/AboutUs-H.jpg.webp 1920w, https:\/\/ddpsan.com\/wp-content\/smush-webp\/2020\/10\/AboutUs-H-300x86.jpg.webp 300w, https:\/\/ddpsan.com\/wp-content\/smush-webp\/2020\/10\/AboutUs-H-1024x293.jpg.webp 1024w, https:\/\/ddpsan.com\/wp-content\/smush-webp\/2020\/10\/AboutUs-H-768x220.jpg.webp 768w\" sizes=\"auto, (max-width: 1920px) 100vw, 1920px\" \/>\n          <\/div>\n        <\/div>\n        \n      <\/div>\n    <\/div>\n\t\t\t<\/div> \n\t\t<\/div>\n\t<\/div> \n<\/div><\/div>\n\t\t<div id=\"fws_69e4fb2a6a9c8\"  data-column-margin=\"default\" data-midnight=\"dark\"  class=\"wpb_row vc_row-fluid vc_row\"  style=\"padding-top: 100px; padding-bottom: 0px; \"><div class=\"row-bg-wrap\" data-bg-animation=\"none\" data-bg-animation-delay=\"\" data-bg-overlay=\"false\"><div class=\"inner-wrap row-bg-layer\" ><div class=\"row-bg viewport-desktop\"  style=\"\"><\/div><\/div><\/div><div class=\"row_col_wrap_12 col span_12 dark left\">\n\t<div  class=\"vc_col-sm-12 wpb_column column_container vc_column_container col no-extra-padding inherit_tablet inherit_phone \"  data-padding-pos=\"all\" data-has-bg-color=\"false\" data-bg-color=\"\" data-bg-opacity=\"1\" data-animation=\"\" data-delay=\"0\" >\n\t\t<div class=\"vc_column-inner\" >\n\t\t\t<div class=\"wpb_wrapper\">\n\t\t\t\t\n<div class=\"wpb_text_column wpb_content_element \" >\n\t<h2>\u00dcber uns<\/h2>\n<p>DDP Deutschland GmbH ist ein authentifizierter deutscher DDP-H\u00e4ndler mit Sitz in Treuenbrietzen, in der N\u00e4he von Berlin.<\/p>\n<p>DDP Deutschland GmbH bietet den Vertrieb, Service und Support von DDP-Produkten in Deutschland.\u00a0 Dynamic Drive Pool (DDP) ist ein Produkt des niederl\u00e4ndischen Herstellers Ardis Technologies BV.<\/p>\n<h3>\u00dcber Ardis Technologies BV<\/h3>\n<p><img loading=\"lazy\" decoding=\"async\" class=\"alignright size-full wp-image-2425\" src=\"https:\/\/ddpsan.com\/wp-content\/smush-webp\/2021\/11\/Jan-Sergej.png.webp\" alt=\"\" width=\"300\" height=\"231\" \/>Ardis Technologies BV ist der Hersteller der Dynamic Drive Pool Serie (DDP), ein Ethernet-basiertes SAN-System mit integriertem Metadaten-Controller und dem Ardis Virtual File System AVFS. DDP ist eine vollst\u00e4ndig projekt- und\u00a0 dateibasierte Shared-Storage-L\u00f6sung f\u00fcr Anwendungen wie Avid, Final Cut Pro, Pro Tools, EVS, Adobe, Grass Valley, Telestream, Blackmagic Design, DVS, Digital Vision, Autodesk und alle anderen Anwendungen, mit jedem Video-, Audio- und Filmformat von DV bis 4K, DPX und Cineon. Das DDP kann auch in MAM und Backup-Systeme integriert werden.<\/p>\n<p>DDP-Systeme sind zuverl\u00e4ssig, skalierbar und einfach zu bedienen. Die DDP-Produktlinien decken die Bed\u00fcrfnisse von kleinen Unternehmen, mobilen Produktionseinheiten, Universit\u00e4ten und Bildungseinrichtungen bis hin zu gro\u00dfen Postproduktionsfirmen und Broadcast-Unternehmen ab. Die Funktionen des DDP werden von Ardis Technologies BV selbst entwickelt. Die gesamte Software, die in die DDP-Serie involviert ist, ist das alleinige Eigentum von Ardis Technologies BV.<\/p>\n<p>DDP ist das einfachste SAN auf dem Markt. Es besteht aus einem System (ein DDP), einem Netzwerk (Ethernet) und alles kommt von einem Hersteller: Ardis Technologies BV.<\/p>\n<\/div>\n\n\n\n\n\t\t\t<\/div> \n\t\t<\/div>\n\t<\/div> \n<\/div><\/div>\n\t\t<div id=\"fws_69e4fb2a6b374\"  data-column-margin=\"default\" data-midnight=\"dark\"  class=\"wpb_row vc_row-fluid vc_row full-width-content vc_row-o-equal-height vc_row-flex vc_row-o-content-top\"  style=\"padding-top: 0px; padding-bottom: 0px; \"><div class=\"row-bg-wrap\" data-bg-animation=\"none\" data-bg-animation-delay=\"\" data-bg-overlay=\"false\"><div class=\"inner-wrap row-bg-layer\" ><div class=\"row-bg viewport-desktop\"  style=\"\"><\/div><\/div><\/div><div class=\"row_col_wrap_12 col span_12 dark left\">\n\t<div  class=\"vc_col-sm-12 wpb_column column_container vc_column_container col no-extra-padding inherit_tablet inherit_phone \"  data-padding-pos=\"all\" data-has-bg-color=\"false\" data-bg-color=\"\" data-bg-opacity=\"1\" data-animation=\"\" data-delay=\"0\" >\n\t\t<div class=\"vc_column-inner\" >\n\t\t\t<div class=\"wpb_wrapper\">\n\t\t\t\t<div class=\"img-with-aniamtion-wrap \" data-max-width=\"100%\" data-max-width-mobile=\"default\" data-shadow=\"none\" data-animation=\"fade-in\" >\n      <div class=\"inner\">\n        <div class=\"hover-wrap\"> \n          <div class=\"hover-wrap-inner\">\n            <img loading=\"lazy\" decoding=\"async\" class=\"img-with-animation w-100 skip-lazy\" data-delay=\"0\" height=\"550\" width=\"1920\" data-animation=\"fade-in\" src=\"https:\/\/ddpsan.com\/wp-content\/smush-webp\/2020\/10\/AboutUs-F.jpg.webp\" alt=\"\" srcset=\"https:\/\/ddpsan.com\/wp-content\/smush-webp\/2020\/10\/AboutUs-F.jpg.webp 1920w, https:\/\/ddpsan.com\/wp-content\/smush-webp\/2020\/10\/AboutUs-F-300x86.jpg.webp 300w, https:\/\/ddpsan.com\/wp-content\/smush-webp\/2020\/10\/AboutUs-F-1024x293.jpg.webp 1024w, https:\/\/ddpsan.com\/wp-content\/smush-webp\/2020\/10\/AboutUs-F-768x220.jpg.webp 768w\" sizes=\"auto, (max-width: 1920px) 100vw, 1920px\" \/>\n          <\/div>\n        <\/div>\n        \n      <\/div>\n    <\/div>\n\t\t\t<\/div> \n\t\t<\/div>\n\t<\/div> \n<\/div><\/div>\n","protected":false},"excerpt":{"rendered":"\u00dcber uns DDP Deutschland GmbH ist ein authentifizierter deutscher DDP-H\u00e4ndler mit Sitz in Treuenbrietzen, in der N\u00e4he von Berlin. DDP Deutschland GmbH bietet den Vertrieb, Service und Support von DDP-Produkten...","protected":false},"author":1,"featured_media":0,"parent":0,"menu_order":0,"comment_status":"closed","ping_status":"closed","template":"","meta":{"footnotes":""},"class_list":["post-2356","page","type-page","status-publish"],"yoast_head":"<!-- This site is optimized with the Yoast SEO plugin v27.3 - https:\/\/yoast.com\/product\/yoast-seo-wordpress\/ -->\n<title>Unternehmen - DDPSAN<\/title>\n<meta name=\"robots\" content=\"index, follow, max-snippet:-1, max-image-preview:large, max-video-preview:-1\" \/>\n<link rel=\"canonical\" href=\"https:\/\/ddpsan.com\/de\/unternehmen\/\" \/>\n<meta property=\"og:locale\" content=\"de_DE\" \/>\n<meta property=\"og:type\" content=\"article\" \/>\n<meta property=\"og:title\" content=\"Unternehmen - DDPSAN\" \/>\n<meta property=\"og:url\" content=\"https:\/\/ddpsan.com\/de\/unternehmen\/\" \/>\n<meta property=\"og:site_name\" content=\"DDPSAN\" \/>\n<meta property=\"article:modified_time\" content=\"2025-03-12T17:01:29+00:00\" \/>\n<meta property=\"og:image\" content=\"https:\/\/ddpsan.com\/wp-content\/uploads\/2021\/11\/Jan-Sergej.png\" \/>\n<meta name=\"twitter:card\" content=\"summary_large_image\" \/>\n<meta name=\"twitter:label1\" content=\"Gesch\u00e4tzte Lesezeit\" \/>\n\t<meta name=\"twitter:data1\" content=\"2\u00a0Minuten\" \/>\n<script type=\"application\/ld+json\" class=\"yoast-schema-graph\">{\"@context\":\"https:\\\/\\\/schema.org\",\"@graph\":[{\"@type\":\"WebPage\",\"@id\":\"https:\\\/\\\/ddpsan.com\\\/de\\\/unternehmen\\\/\",\"url\":\"https:\\\/\\\/ddpsan.com\\\/de\\\/unternehmen\\\/\",\"name\":\"Unternehmen - DDPSAN\",\"isPartOf\":{\"@id\":\"https:\\\/\\\/ddpsan.com\\\/de\\\/#website\"},\"primaryImageOfPage\":{\"@id\":\"https:\\\/\\\/ddpsan.com\\\/de\\\/unternehmen\\\/#primaryimage\"},\"image\":{\"@id\":\"https:\\\/\\\/ddpsan.com\\\/de\\\/unternehmen\\\/#primaryimage\"},\"thumbnailUrl\":\"https:\\\/\\\/ddpsan.com\\\/wp-content\\\/uploads\\\/2021\\\/11\\\/Jan-Sergej.png\",\"datePublished\":\"2021-11-29T09:26:55+00:00\",\"dateModified\":\"2025-03-12T17:01:29+00:00\",\"breadcrumb\":{\"@id\":\"https:\\\/\\\/ddpsan.com\\\/de\\\/unternehmen\\\/#breadcrumb\"},\"inLanguage\":\"de\",\"potentialAction\":[{\"@type\":\"ReadAction\",\"target\":[\"https:\\\/\\\/ddpsan.com\\\/de\\\/unternehmen\\\/\"]}]},{\"@type\":\"ImageObject\",\"inLanguage\":\"de\",\"@id\":\"https:\\\/\\\/ddpsan.com\\\/de\\\/unternehmen\\\/#primaryimage\",\"url\":\"https:\\\/\\\/ddpsan.com\\\/wp-content\\\/uploads\\\/2021\\\/11\\\/Jan-Sergej.png\",\"contentUrl\":\"https:\\\/\\\/ddpsan.com\\\/wp-content\\\/uploads\\\/2021\\\/11\\\/Jan-Sergej.png\"},{\"@type\":\"BreadcrumbList\",\"@id\":\"https:\\\/\\\/ddpsan.com\\\/de\\\/unternehmen\\\/#breadcrumb\",\"itemListElement\":[{\"@type\":\"ListItem\",\"position\":1,\"name\":\"Home\",\"item\":\"https:\\\/\\\/ddpsan.com\\\/de\\\/\"},{\"@type\":\"ListItem\",\"position\":2,\"name\":\"Unternehmen\"}]},{\"@type\":\"WebSite\",\"@id\":\"https:\\\/\\\/ddpsan.com\\\/de\\\/#website\",\"url\":\"https:\\\/\\\/ddpsan.com\\\/de\\\/\",\"name\":\"DDPSAN\",\"description\":\"Dynamic Drive Pool by Ardistech\",\"potentialAction\":[{\"@type\":\"SearchAction\",\"target\":{\"@type\":\"EntryPoint\",\"urlTemplate\":\"https:\\\/\\\/ddpsan.com\\\/de\\\/?s={search_term_string}\"},\"query-input\":{\"@type\":\"PropertyValueSpecification\",\"valueRequired\":true,\"valueName\":\"search_term_string\"}}],\"inLanguage\":\"de\"}]}<\/script>\n<!-- \/ Yoast SEO plugin. -->","yoast_head_json":{"title":"Unternehmen - DDPSAN","robots":{"index":"index","follow":"follow","max-snippet":"max-snippet:-1","max-image-preview":"max-image-preview:large","max-video-preview":"max-video-preview:-1"},"canonical":"https:\/\/ddpsan.com\/de\/unternehmen\/","og_locale":"de_DE","og_type":"article","og_title":"Unternehmen - DDPSAN","og_url":"https:\/\/ddpsan.com\/de\/unternehmen\/","og_site_name":"DDPSAN","article_modified_time":"2025-03-12T17:01:29+00:00","og_image":[{"url":"https:\/\/ddpsan.com\/wp-content\/uploads\/2021\/11\/Jan-Sergej.png","type":"","width":"","height":""}],"twitter_card":"summary_large_image","twitter_misc":{"Gesch\u00e4tzte Lesezeit":"2\u00a0Minuten"},"schema":{"@context":"https:\/\/schema.org","@graph":[{"@type":"WebPage","@id":"https:\/\/ddpsan.com\/de\/unternehmen\/","url":"https:\/\/ddpsan.com\/de\/unternehmen\/","name":"Unternehmen - DDPSAN","isPartOf":{"@id":"https:\/\/ddpsan.com\/de\/#website"},"primaryImageOfPage":{"@id":"https:\/\/ddpsan.com\/de\/unternehmen\/#primaryimage"},"image":{"@id":"https:\/\/ddpsan.com\/de\/unternehmen\/#primaryimage"},"thumbnailUrl":"https:\/\/ddpsan.com\/wp-content\/uploads\/2021\/11\/Jan-Sergej.png","datePublished":"2021-11-29T09:26:55+00:00","dateModified":"2025-03-12T17:01:29+00:00","breadcrumb":{"@id":"https:\/\/ddpsan.com\/de\/unternehmen\/#breadcrumb"},"inLanguage":"de","potentialAction":[{"@type":"ReadAction","target":["https:\/\/ddpsan.com\/de\/unternehmen\/"]}]},{"@type":"ImageObject","inLanguage":"de","@id":"https:\/\/ddpsan.com\/de\/unternehmen\/#primaryimage","url":"https:\/\/ddpsan.com\/wp-content\/uploads\/2021\/11\/Jan-Sergej.png","contentUrl":"https:\/\/ddpsan.com\/wp-content\/uploads\/2021\/11\/Jan-Sergej.png"},{"@type":"BreadcrumbList","@id":"https:\/\/ddpsan.com\/de\/unternehmen\/#breadcrumb","itemListElement":[{"@type":"ListItem","position":1,"name":"Home","item":"https:\/\/ddpsan.com\/de\/"},{"@type":"ListItem","position":2,"name":"Unternehmen"}]},{"@type":"WebSite","@id":"https:\/\/ddpsan.com\/de\/#website","url":"https:\/\/ddpsan.com\/de\/","name":"DDPSAN","description":"Dynamic Drive Pool by Ardistech","potentialAction":[{"@type":"SearchAction","target":{"@type":"EntryPoint","urlTemplate":"https:\/\/ddpsan.com\/de\/?s={search_term_string}"},"query-input":{"@type":"PropertyValueSpecification","valueRequired":true,"valueName":"search_term_string"}}],"inLanguage":"de"}]}},"_links":{"self":[{"href":"https:\/\/ddpsan.com\/de\/wp-json\/wp\/v2\/pages\/2356","targetHints":{"allow":["GET"]}}],"collection":[{"href":"https:\/\/ddpsan.com\/de\/wp-json\/wp\/v2\/pages"}],"about":[{"href":"https:\/\/ddpsan.com\/de\/wp-json\/wp\/v2\/types\/page"}],"author":[{"embeddable":true,"href":"https:\/\/ddpsan.com\/de\/wp-json\/wp\/v2\/users\/1"}],"replies":[{"embeddable":true,"href":"https:\/\/ddpsan.com\/de\/wp-json\/wp\/v2\/comments?post=2356"}],"version-history":[{"count":6,"href":"https:\/\/ddpsan.com\/de\/wp-json\/wp\/v2\/pages\/2356\/revisions"}],"predecessor-version":[{"id":4875,"href":"https:\/\/ddpsan.com\/de\/wp-json\/wp\/v2\/pages\/2356\/revisions\/4875"}],"wp:attachment":[{"href":"https:\/\/ddpsan.com\/de\/wp-json\/wp\/v2\/media?parent=2356"}],"curies":[{"name":"wp","href":"https:\/\/api.w.org\/{rel}","templated":true}]}}